{"id":978,"date":"2014-06-30T08:02:56","date_gmt":"2014-06-30T06:02:56","guid":{"rendered":"http:\/\/www.cfppa.fr\/infocampus\/?page_id=978"},"modified":"2017-03-14T07:34:51","modified_gmt":"2017-03-14T06:34:51","slug":"evaluer-la-valeur-dune-exploitation","status":"publish","type":"page","link":"https:\/\/www.cfppa.fr\/infocampus\/evaluer-la-valeur-dune-exploitation\/","title":{"rendered":"Evaluer la valeur d&#8217;une exploitation ?"},"content":{"rendered":"<p>Trois approches ! \u00a0mais \u00a0ce sont les acheteurs qui donnent le prix r\u00e9el !\u00a0<img decoding=\"async\" data-src=\"http:\/\/www.cfppa.fr\/infocampus\/wp-content\/plugins\/wp-edit\/plugins\/emoticons\/img\/smiley-yell.gif\" alt=\"\" src=\"data:image\/svg+xml;base64,PHN2ZyB3aWR0aD0iMSIgaGVpZ2h0PSIxIiB4bWxucz0iaHR0cDovL3d3dy53My5vcmcvMjAwMC9zdmciPjwvc3ZnPg==\" class=\"lazyload\" \/>!!<\/p>\n<p>Pas d&#8217;acheteurs \u00a0pas de vente !<\/p>\n<p>Une premi\u00e8re approche : <strong><span style=\"color: #ff0000;\">la valeur patrimoniale <\/span><\/strong><\/p>\n<blockquote><p>elle consiste \u00e0 \u00e9valuer les biens de l&#8217;entreprise (actif) \u00e0 leurs valeurs v\u00e9nales estim\u00e9es par des experts<\/p>\n<p>&nbsp;<\/p><\/blockquote>\n<p style=\"text-align: center;\"><strong><span style=\"color: #339966;\">Immobilisations :<\/span><\/strong><\/p>\n<p>Aides PAC\u00a0<strong>\u21d2<\/strong><\/p>\n<p>B\u00e2timents<strong>\u21d2<\/strong><\/p>\n<p>Mat\u00e9riels\u00a0<strong>\u21d2<\/strong><\/p>\n<p>Cheptel reproducteurs\u00a0<strong>\u21d2<\/strong><\/p>\n<p style=\"text-align: center;\"><strong><span style=\"color: #339966;\">Stocks\u00a0<\/span><\/strong><\/p>\n<p>Animaux et cultures et avances aux cultures\u00a0<strong>\u21d2<\/strong><\/p>\n<p style=\"text-align: center;\"><strong><span style=\"color: #339966;\">Cr\u00e9ances clients et disponibilit\u00e9s\u00a0<\/span><\/strong><\/p>\n<p>Cr\u00e9ances clients et disponibilit\u00e9s \u00a0<strong>\u21d2<\/strong><\/p>\n<p><span style=\"color: #ff0000;\"><strong>Total actif :\u00a0<\/strong><\/span><\/p>\n<p style=\"text-align: center;\"><strong><span style=\"color: #ff6600;\">Dettes inscrites au passif\u00a0<\/span><\/strong><\/p>\n<p style=\"text-align: left;\">Dettes financi\u00e8res \u00e0 long et moyen terme \u00a0:\u00a0<strong>\u21d2<\/strong><\/p>\n<p style=\"text-align: left;\">Dettes financi\u00e8res \u00e0 court terme :\u00a0<strong><span style=\"font-size: 14pt;\">\u21d2<\/span><\/strong><\/p>\n<p style=\"text-align: left;\">Dettes aux\u00a0fournisseurs :<strong>\u21d2<\/strong><\/p>\n<p style=\"text-align: left;\">(Comptes courants associ\u00e9s cr\u00e9diteurs) \u00a0<strong>\u21d2<\/strong><\/p>\n<p style=\"text-align: left;\"><strong><span style=\"color: #ff0000;\">Passif \u00e0 d\u00e9duire :\u00a0<\/span><\/strong><\/p>\n<p style=\"text-align: left;\">Selon la m\u00e9thode patrimoniale , l&#8217;entreprise vaudrait : <strong><span style=\"color: #ff0000;\">total actif &#8211; dettes\u00a0<\/span><\/strong><\/p>\n<hr \/>\n<hr \/>\n<p>&nbsp;<\/p>\n<p>Deuxi\u00e8me m\u00e9thode : <strong><span style=\"color: #0000ff;\">La valeur de remboursement\u00a0<\/span><\/strong><\/p>\n<blockquote><p>Cette m\u00e9thode se base sur la capacit\u00e9 de l&#8217;entreprise \u00e0 d\u00e9gager de la richesse. A partir de la capacit\u00e9 de remboursement (CIFI, CREN) , quel capital pourrait on emprunter pour racheter l&#8217;entreprise ?<\/p><\/blockquote>\n<p>On \u00e9value un <strong><span style=\"color: #0000ff;\">E<strong>B<\/strong>E pr\u00e9visionnel \u00a0<\/span><\/strong>( analyse des EBE sur les cinq derni\u00e8res ann\u00e9es par exemple, ou un pr\u00e9visionnel)<\/p>\n<p>De cet EBE pr\u00e9visionnel \u00a0on d\u00e9duit les <strong><span style=\"color: #0000ff;\">annuit\u00e9s pr\u00e9visionnelles<\/span><\/strong> (li\u00e9s aux investissements n\u00e9cessaires pour faire &#8220;tourner&#8221; l&#8217;entreprise<\/p>\n<p>Puis on d\u00e9duit &#8220;<strong><span style=\"color: #0000ff;\">une r\u00e9mun\u00e9ration<\/span> <\/strong>des associ\u00e9es ou des chefs d&#8217;entreprise&#8221;. (mini 15 000\u20ac par associ\u00e9)<\/p>\n<p>Ce qui reste est la <strong><span style=\"color: #ff6600;\">capacit\u00e9 de remboursement \u00a0<\/span><\/strong>pour rembourser de nouveaux emprunts<\/p>\n<p>!!<\/p>\n<p>Exemple:<\/p>\n<p>Soit un \u00a0EBE de 70 000\u20ac<\/p>\n<p>Annuit\u00e9s pr\u00e9visionnelles de 20 000\u20ac<\/p>\n<p>Il reste un revenu disponible pr\u00e9visionnel de 50 000\u20ac<\/p>\n<p>On enl\u00e8ve une r\u00e9mun\u00e9ration des agriculteurs : 15 000\u20ac<\/p>\n<p>Il reste donc une CIFI ou CREN (capacit\u00e9 \u00e0 rembourser des emprunts nouveaux )de 35 000\u20ac<\/p>\n<p>A cela il convient de garder une marge de s\u00e9curit\u00e9 pour les \u00e9l\u00e9ments non pr\u00e9vus disons 10% de l&#8217;EBE \u00a0soit 7000\u20ac<\/p>\n<p>On peut donc disposer de 28 000\u20ac pour rembourser des emprunts<\/p>\n<p><strong>Avec une annuit\u00e9 potentielle \u00a0de 28 000\u20ac on peut \u00a0emprunter combien ?<\/strong>\u00a0<img decoding=\"async\" data-src=\"http:\/\/www.cfppa.fr\/infocampus\/wp-content\/plugins\/tinymce-emoticons\/images\/emoticons-set-1\/no.png\" alt=\"no\" border=\"0\" hspace=\"5\" src=\"data:image\/svg+xml;base64,PHN2ZyB3aWR0aD0iMSIgaGVpZ2h0PSIxIiB4bWxucz0iaHR0cDovL3d3dy53My5vcmcvMjAwMC9zdmciPjwvc3ZnPg==\" class=\"lazyload\" \/><\/p>\n<p>Pour une mensualit\u00e9 de 2 333\u20ac , un taux de 3% et une dur\u00e9e de 15 ans , on peut emprunter \u00a0300 000\u20ac ! \u00a0et sur 20 ans on peut emprunter \u00a0420 000\u20ac \u00a0!<\/p>\n<hr \/>\n<hr \/>\n<p>Troisi\u00e8me m\u00e9thode : <strong><span style=\"color: #ff00ff;\">la valeur de rendement\u00a0<\/span><\/strong><\/p>\n<blockquote><p>\u00a0C&#8217;est la m\u00e9thode la plus difficile \u00e0 appr\u00e9hender. Elle est bas\u00e9e sur la rentabilit\u00e9 de l&#8217;entreprise et sur sa capacit\u00e9 \u00e0 r\u00e9mun\u00e9rer un capital<\/p>\n<p>&nbsp;<\/p><\/blockquote>\n<p>&nbsp;<\/p>\n<p>&nbsp;<\/p>\n<p>&nbsp;<\/p>\n<p>&nbsp;<\/p>\n<p>&nbsp;<\/p>\n","protected":false},"excerpt":{"rendered":"<p>Trois approches ! \u00a0mais \u00a0ce sont les acheteurs qui donnent le prix r\u00e9el !\u00a0!! Pas d&#8217;acheteurs \u00a0pas de vente ! Une premi\u00e8re approche : la valeur patrimoniale elle consiste \u00e0 \u00e9valuer les biens de l&#8217;entreprise (actif) \u00e0 leurs valeurs v\u00e9nales estim\u00e9es par des experts &nbsp; Immobilisations : Aides PAC\u00a0\u21d2 B\u00e2timents\u21d2 &hellip;<\/p>\n","protected":false},"author":1,"featured_media":0,"parent":0,"menu_order":0,"comment_status":"open","ping_status":"open","template":"","meta":{"_crdt_document":"","footnotes":""},"class_list":["post-978","page","type-page","status-publish","hentry"],"yoast_head":"<!-- This site is optimized with the Yoast SEO plugin v27.4 - https:\/\/yoast.com\/product\/yoast-seo-wordpress\/ -->\n<title>Evaluer la valeur d&#039;une exploitation ? - Info campus CFPPA<\/title>\n<meta name=\"robots\" content=\"index, follow, max-snippet:-1, max-image-preview:large, max-video-preview:-1\" \/>\n<link rel=\"canonical\" href=\"https:\/\/www.cfppa.fr\/infocampus\/evaluer-la-valeur-dune-exploitation\/\" \/>\n<meta property=\"og:locale\" content=\"fr_FR\" \/>\n<meta property=\"og:type\" content=\"article\" \/>\n<meta property=\"og:title\" content=\"Evaluer la valeur d&#039;une exploitation ? - Info campus CFPPA\" \/>\n<meta property=\"og:description\" content=\"Trois approches ! \u00a0mais \u00a0ce sont les acheteurs qui donnent le prix r\u00e9el !\u00a0!! Pas d&#8217;acheteurs \u00a0pas de vente ! Une premi\u00e8re approche : la valeur patrimoniale elle consiste \u00e0 \u00e9valuer les biens de l&#8217;entreprise (actif) \u00e0 leurs valeurs v\u00e9nales estim\u00e9es par des experts &nbsp; Immobilisations : Aides PAC\u00a0\u21d2 B\u00e2timents\u21d2 &hellip;\" \/>\n<meta property=\"og:url\" content=\"https:\/\/www.cfppa.fr\/infocampus\/evaluer-la-valeur-dune-exploitation\/\" \/>\n<meta property=\"og:site_name\" content=\"Info campus CFPPA\" \/>\n<meta property=\"article:modified_time\" content=\"2017-03-14T06:34:51+00:00\" \/>\n<meta property=\"og:image\" content=\"http:\/\/www.cfppa.fr\/infocampus\/wp-content\/plugins\/wp-edit\/plugins\/emoticons\/img\/smiley-yell.gif\" \/>\n<meta name=\"twitter:label1\" content=\"Dur\u00e9e de lecture estim\u00e9e\" \/>\n\t<meta name=\"twitter:data1\" content=\"2 minutes\" \/>\n<script type=\"application\/ld+json\" class=\"yoast-schema-graph\">{\"@context\":\"https:\\\/\\\/schema.org\",\"@graph\":[{\"@type\":\"WebPage\",\"@id\":\"https:\\\/\\\/www.cfppa.fr\\\/infocampus\\\/evaluer-la-valeur-dune-exploitation\\\/\",\"url\":\"https:\\\/\\\/www.cfppa.fr\\\/infocampus\\\/evaluer-la-valeur-dune-exploitation\\\/\",\"name\":\"Evaluer la valeur d'une exploitation ? - Info campus CFPPA\",\"isPartOf\":{\"@id\":\"http:\\\/\\\/www.cfppa.fr\\\/infocampus\\\/#website\"},\"primaryImageOfPage\":{\"@id\":\"https:\\\/\\\/www.cfppa.fr\\\/infocampus\\\/evaluer-la-valeur-dune-exploitation\\\/#primaryimage\"},\"image\":{\"@id\":\"https:\\\/\\\/www.cfppa.fr\\\/infocampus\\\/evaluer-la-valeur-dune-exploitation\\\/#primaryimage\"},\"thumbnailUrl\":\"http:\\\/\\\/www.cfppa.fr\\\/infocampus\\\/wp-content\\\/plugins\\\/wp-edit\\\/plugins\\\/emoticons\\\/img\\\/smiley-yell.gif\",\"datePublished\":\"2014-06-30T06:02:56+00:00\",\"dateModified\":\"2017-03-14T06:34:51+00:00\",\"breadcrumb\":{\"@id\":\"https:\\\/\\\/www.cfppa.fr\\\/infocampus\\\/evaluer-la-valeur-dune-exploitation\\\/#breadcrumb\"},\"inLanguage\":\"fr-FR\",\"potentialAction\":[{\"@type\":\"ReadAction\",\"target\":[\"https:\\\/\\\/www.cfppa.fr\\\/infocampus\\\/evaluer-la-valeur-dune-exploitation\\\/\"]}]},{\"@type\":\"ImageObject\",\"inLanguage\":\"fr-FR\",\"@id\":\"https:\\\/\\\/www.cfppa.fr\\\/infocampus\\\/evaluer-la-valeur-dune-exploitation\\\/#primaryimage\",\"url\":\"http:\\\/\\\/www.cfppa.fr\\\/infocampus\\\/wp-content\\\/plugins\\\/wp-edit\\\/plugins\\\/emoticons\\\/img\\\/smiley-yell.gif\",\"contentUrl\":\"http:\\\/\\\/www.cfppa.fr\\\/infocampus\\\/wp-content\\\/plugins\\\/wp-edit\\\/plugins\\\/emoticons\\\/img\\\/smiley-yell.gif\"},{\"@type\":\"BreadcrumbList\",\"@id\":\"https:\\\/\\\/www.cfppa.fr\\\/infocampus\\\/evaluer-la-valeur-dune-exploitation\\\/#breadcrumb\",\"itemListElement\":[{\"@type\":\"ListItem\",\"position\":1,\"name\":\"Accueil\",\"item\":\"http:\\\/\\\/www.cfppa.fr\\\/infocampus\\\/\"},{\"@type\":\"ListItem\",\"position\":2,\"name\":\"Evaluer la valeur d&#8217;une exploitation ?\"}]},{\"@type\":\"WebSite\",\"@id\":\"http:\\\/\\\/www.cfppa.fr\\\/infocampus\\\/#website\",\"url\":\"http:\\\/\\\/www.cfppa.fr\\\/infocampus\\\/\",\"name\":\"Info campus CFPPA\",\"description\":\"Un site \u00e0 la page\",\"publisher\":{\"@id\":\"http:\\\/\\\/www.cfppa.fr\\\/infocampus\\\/#organization\"},\"potentialAction\":[{\"@type\":\"SearchAction\",\"target\":{\"@type\":\"EntryPoint\",\"urlTemplate\":\"http:\\\/\\\/www.cfppa.fr\\\/infocampus\\\/?s={search_term_string}\"},\"query-input\":{\"@type\":\"PropertyValueSpecification\",\"valueRequired\":true,\"valueName\":\"search_term_string\"}}],\"inLanguage\":\"fr-FR\"},{\"@type\":\"Organization\",\"@id\":\"http:\\\/\\\/www.cfppa.fr\\\/infocampus\\\/#organization\",\"name\":\"CFPPA de bourges\",\"url\":\"http:\\\/\\\/www.cfppa.fr\\\/infocampus\\\/\",\"logo\":{\"@type\":\"ImageObject\",\"inLanguage\":\"fr-FR\",\"@id\":\"http:\\\/\\\/www.cfppa.fr\\\/infocampus\\\/#\\\/schema\\\/logo\\\/image\\\/\",\"url\":\"https:\\\/\\\/www.cfppa.fr\\\/infocampus\\\/wp-content\\\/uploads\\\/2013\\\/09\\\/logo_ministerecfppa.png\",\"contentUrl\":\"https:\\\/\\\/www.cfppa.fr\\\/infocampus\\\/wp-content\\\/uploads\\\/2013\\\/09\\\/logo_ministerecfppa.png\",\"width\":1,\"height\":1,\"caption\":\"CFPPA de bourges\"},\"image\":{\"@id\":\"http:\\\/\\\/www.cfppa.fr\\\/infocampus\\\/#\\\/schema\\\/logo\\\/image\\\/\"}}]}<\/script>\n<!-- \/ Yoast SEO plugin. -->","yoast_head_json":{"title":"Evaluer la valeur d'une exploitation ? - Info campus CFPPA","robots":{"index":"index","follow":"follow","max-snippet":"max-snippet:-1","max-image-preview":"max-image-preview:large","max-video-preview":"max-video-preview:-1"},"canonical":"https:\/\/www.cfppa.fr\/infocampus\/evaluer-la-valeur-dune-exploitation\/","og_locale":"fr_FR","og_type":"article","og_title":"Evaluer la valeur d'une exploitation ? - Info campus CFPPA","og_description":"Trois approches ! \u00a0mais \u00a0ce sont les acheteurs qui donnent le prix r\u00e9el !\u00a0!! Pas d&#8217;acheteurs \u00a0pas de vente ! Une premi\u00e8re approche : la valeur patrimoniale elle consiste \u00e0 \u00e9valuer les biens de l&#8217;entreprise (actif) \u00e0 leurs valeurs v\u00e9nales estim\u00e9es par des experts &nbsp; Immobilisations : Aides PAC\u00a0\u21d2 B\u00e2timents\u21d2 &hellip;","og_url":"https:\/\/www.cfppa.fr\/infocampus\/evaluer-la-valeur-dune-exploitation\/","og_site_name":"Info campus CFPPA","article_modified_time":"2017-03-14T06:34:51+00:00","og_image":[{"url":"http:\/\/www.cfppa.fr\/infocampus\/wp-content\/plugins\/wp-edit\/plugins\/emoticons\/img\/smiley-yell.gif","type":"","width":"","height":""}],"twitter_misc":{"Dur\u00e9e de lecture estim\u00e9e":"2 minutes"},"schema":{"@context":"https:\/\/schema.org","@graph":[{"@type":"WebPage","@id":"https:\/\/www.cfppa.fr\/infocampus\/evaluer-la-valeur-dune-exploitation\/","url":"https:\/\/www.cfppa.fr\/infocampus\/evaluer-la-valeur-dune-exploitation\/","name":"Evaluer la valeur d'une exploitation ? - Info campus CFPPA","isPartOf":{"@id":"http:\/\/www.cfppa.fr\/infocampus\/#website"},"primaryImageOfPage":{"@id":"https:\/\/www.cfppa.fr\/infocampus\/evaluer-la-valeur-dune-exploitation\/#primaryimage"},"image":{"@id":"https:\/\/www.cfppa.fr\/infocampus\/evaluer-la-valeur-dune-exploitation\/#primaryimage"},"thumbnailUrl":"http:\/\/www.cfppa.fr\/infocampus\/wp-content\/plugins\/wp-edit\/plugins\/emoticons\/img\/smiley-yell.gif","datePublished":"2014-06-30T06:02:56+00:00","dateModified":"2017-03-14T06:34:51+00:00","breadcrumb":{"@id":"https:\/\/www.cfppa.fr\/infocampus\/evaluer-la-valeur-dune-exploitation\/#breadcrumb"},"inLanguage":"fr-FR","potentialAction":[{"@type":"ReadAction","target":["https:\/\/www.cfppa.fr\/infocampus\/evaluer-la-valeur-dune-exploitation\/"]}]},{"@type":"ImageObject","inLanguage":"fr-FR","@id":"https:\/\/www.cfppa.fr\/infocampus\/evaluer-la-valeur-dune-exploitation\/#primaryimage","url":"http:\/\/www.cfppa.fr\/infocampus\/wp-content\/plugins\/wp-edit\/plugins\/emoticons\/img\/smiley-yell.gif","contentUrl":"http:\/\/www.cfppa.fr\/infocampus\/wp-content\/plugins\/wp-edit\/plugins\/emoticons\/img\/smiley-yell.gif"},{"@type":"BreadcrumbList","@id":"https:\/\/www.cfppa.fr\/infocampus\/evaluer-la-valeur-dune-exploitation\/#breadcrumb","itemListElement":[{"@type":"ListItem","position":1,"name":"Accueil","item":"http:\/\/www.cfppa.fr\/infocampus\/"},{"@type":"ListItem","position":2,"name":"Evaluer la valeur d&#8217;une exploitation ?"}]},{"@type":"WebSite","@id":"http:\/\/www.cfppa.fr\/infocampus\/#website","url":"http:\/\/www.cfppa.fr\/infocampus\/","name":"Info campus CFPPA","description":"Un site \u00e0 la page","publisher":{"@id":"http:\/\/www.cfppa.fr\/infocampus\/#organization"},"potentialAction":[{"@type":"SearchAction","target":{"@type":"EntryPoint","urlTemplate":"http:\/\/www.cfppa.fr\/infocampus\/?s={search_term_string}"},"query-input":{"@type":"PropertyValueSpecification","valueRequired":true,"valueName":"search_term_string"}}],"inLanguage":"fr-FR"},{"@type":"Organization","@id":"http:\/\/www.cfppa.fr\/infocampus\/#organization","name":"CFPPA de bourges","url":"http:\/\/www.cfppa.fr\/infocampus\/","logo":{"@type":"ImageObject","inLanguage":"fr-FR","@id":"http:\/\/www.cfppa.fr\/infocampus\/#\/schema\/logo\/image\/","url":"https:\/\/www.cfppa.fr\/infocampus\/wp-content\/uploads\/2013\/09\/logo_ministerecfppa.png","contentUrl":"https:\/\/www.cfppa.fr\/infocampus\/wp-content\/uploads\/2013\/09\/logo_ministerecfppa.png","width":1,"height":1,"caption":"CFPPA de bourges"},"image":{"@id":"http:\/\/www.cfppa.fr\/infocampus\/#\/schema\/logo\/image\/"}}]}},"_links":{"self":[{"href":"https:\/\/www.cfppa.fr\/infocampus\/wp-json\/wp\/v2\/pages\/978","targetHints":{"allow":["GET"]}}],"collection":[{"href":"https:\/\/www.cfppa.fr\/infocampus\/wp-json\/wp\/v2\/pages"}],"about":[{"href":"https:\/\/www.cfppa.fr\/infocampus\/wp-json\/wp\/v2\/types\/page"}],"author":[{"embeddable":true,"href":"https:\/\/www.cfppa.fr\/infocampus\/wp-json\/wp\/v2\/users\/1"}],"replies":[{"embeddable":true,"href":"https:\/\/www.cfppa.fr\/infocampus\/wp-json\/wp\/v2\/comments?post=978"}],"version-history":[{"count":0,"href":"https:\/\/www.cfppa.fr\/infocampus\/wp-json\/wp\/v2\/pages\/978\/revisions"}],"wp:attachment":[{"href":"https:\/\/www.cfppa.fr\/infocampus\/wp-json\/wp\/v2\/media?parent=978"}],"curies":[{"name":"wp","href":"https:\/\/api.w.org\/{rel}","templated":true}]}}