{"id":533,"date":"2013-10-29T12:41:21","date_gmt":"2013-10-29T11:41:21","guid":{"rendered":"http:\/\/www.cfppa.fr\/infocampus\/?page_id=533"},"modified":"2013-11-06T07:38:18","modified_gmt":"2013-11-06T06:38:18","slug":"learning-by-cooking","status":"publish","type":"page","link":"https:\/\/www.cfppa.fr\/infocampus\/english-games\/learning-by-cooking\/","title":{"rendered":"Learning by cooking"},"content":{"rendered":"<p><a href=\"http:\/\/www.cfppa.fr\/infocampus\/wp-content\/uploads\/2013\/10\/Image_02.jpg\"><img decoding=\"async\" class=\"size-full wp-image-639 aligncenter lazyload\" alt=\"Image_02\" data-src=\"http:\/\/www.cfppa.fr\/infocampus\/wp-content\/uploads\/2013\/10\/Image_02.jpg\" width=\"800\" height=\"600\" data-srcset=\"https:\/\/www.cfppa.fr\/infocampus\/wp-content\/uploads\/2013\/10\/Image_02.jpg 800w, https:\/\/www.cfppa.fr\/infocampus\/wp-content\/uploads\/2013\/10\/Image_02-300x225.jpg 300w\" data-sizes=\"(max-width: 800px) 100vw, 800px\" src=\"data:image\/svg+xml;base64,PHN2ZyB3aWR0aD0iMSIgaGVpZ2h0PSIxIiB4bWxucz0iaHR0cDovL3d3dy53My5vcmcvMjAwMC9zdmciPjwvc3ZnPg==\" style=\"--smush-placeholder-width: 800px; --smush-placeholder-aspect-ratio: 800\/600;\" \/><\/a><\/p>\n<p lang=\"en-US\" align=\"CENTER\"><span style=\"font-family: Trebuchet MS, sans-serif;\"><span style=\"font-size: x-large;\"><b>Learning English by cooking\u00a0\u00a0\u00a0\u00a0\u00a0\u00a0 <img decoding=\"async\" title=\"Ha Ha\" alt=\"Ha Ha\" data-src=\"http:\/\/www.cfppa.fr\/infocampus\/wp-content\/plugins\/ultimate-tinymce\/addons\/emotions\/img\/popobig\/haha.png\" border=\"0\" src=\"data:image\/svg+xml;base64,PHN2ZyB3aWR0aD0iMSIgaGVpZ2h0PSIxIiB4bWxucz0iaHR0cDovL3d3dy53My5vcmcvMjAwMC9zdmciPjwvc3ZnPg==\" class=\"lazyload\" \/><\/b><\/span><\/span><\/p>\n<p><span style=\"font-family: Trebuchet MS, sans-serif;\"><span style=\"font-size: large;\"><span style=\"text-decoration: underline;\"><b>Objectif principal de la s\u00e9quence\u00a0:<\/b><\/span><\/span><\/span><\/p>\n<p><span style=\"font-family: Trebuchet MS, sans-serif;\"><span style=\"font-size: large;\"><b>Comprendre une recette en anglais et la r\u00e9aliser.<\/b><\/span><\/span><\/p>\n<p>&nbsp;<\/p>\n<p><span style=\"font-family: Trebuchet MS, sans-serif;\"><span style=\"font-size: large;\"><span style=\"text-decoration: underline;\"><b>Sous-objectifs\u00a0:<\/b><\/span><\/span><\/span><\/p>\n<p><span style=\"font-family: Trebuchet MS, sans-serif;\"><span style=\"font-size: large;\"><b>&#8211; comprendre des consignes<\/b><\/span><\/span><\/p>\n<p><span style=\"font-family: Trebuchet MS, sans-serif;\"><span style=\"font-size: large;\"><b>&#8211; se familiariser avec le lexique culinaire<\/b><\/span><\/span><\/p>\n<p><span style=\"font-family: Trebuchet MS, sans-serif;\"><span style=\"font-size: large;\"><b>&#8211; civilisation des pays anglophones<\/b><\/span><\/span><\/p>\n<p><span style=\"font-family: Trebuchet MS, sans-serif;\"><span style=\"font-size: large;\"><span style=\"text-decoration: underline;\"><b>Base de travail\u00a0:<\/b><\/span><\/span><\/span><\/p>\n<p><span style=\"font-family: Trebuchet MS, sans-serif;\"><span style=\"font-size: large;\"><b>cuisine p\u00e9dagogique<\/b><\/span><\/span><\/p>\n<p><span style=\"font-family: Trebuchet MS, sans-serif;\"><span style=\"font-size: large;\"><b>5 diff\u00e9rentes recettes (toutes typiques de pays anglo-saxons)<a href=\"http:\/\/www.cfppa.fr\/infocampus\/wp-content\/uploads\/2013\/10\/applecrumble_2971_16x9.jpg\"><img decoding=\"async\" class=\"size-medium wp-image-550 alignright lazyload\" alt=\"applecrumble_2971_16x9\" data-src=\"http:\/\/www.cfppa.fr\/infocampus\/wp-content\/uploads\/2013\/10\/applecrumble_2971_16x9-300x171.jpg\" width=\"300\" height=\"171\" data-srcset=\"https:\/\/www.cfppa.fr\/infocampus\/wp-content\/uploads\/2013\/10\/applecrumble_2971_16x9-300x171.jpg 300w, https:\/\/www.cfppa.fr\/infocampus\/wp-content\/uploads\/2013\/10\/applecrumble_2971_16x9.jpg 448w\" data-sizes=\"(max-width: 300px) 100vw, 300px\" src=\"data:image\/svg+xml;base64,PHN2ZyB3aWR0aD0iMSIgaGVpZ2h0PSIxIiB4bWxucz0iaHR0cDovL3d3dy53My5vcmcvMjAwMC9zdmciPjwvc3ZnPg==\" style=\"--smush-placeholder-width: 300px; --smush-placeholder-aspect-ratio: 300\/171;\" \/><\/a><\/b><\/span><\/span><\/p>\n<p><span style=\"font-family: Trebuchet MS, sans-serif;\"><span style=\"font-size: large;\"><b>ingr\u00e9dients<\/b><\/span><\/span><\/p>\n<p><span style=\"font-family: Trebuchet MS, sans-serif;\"><span style=\"font-size: large;\"><span style=\"text-decoration: underline;\"><b>Dur\u00e9e de la s\u00e9quence\u00a0:<\/b><\/span><\/span><\/span><\/p>\n<p><span style=\"font-family: Trebuchet MS, sans-serif;\"><span style=\"font-size: large;\"><b>1 matin\u00e9e\u00a0\u00a0 +\u00a0 rangement<\/b><\/span><\/span><\/p>\n<p><span style=\"font-family: Trebuchet MS, sans-serif;\"><span style=\"font-size: large;\"><span style=\"text-decoration: underline;\"><b>Mise en\u00a0 place\u00a0:<\/b><\/span><\/span><\/span><\/p>\n<p><span style=\"font-family: Trebuchet MS, sans-serif;\"><span style=\"font-size: large;\"><b>constitution de groupes de travail<\/b><\/span><\/span><\/p>\n<p><span style=\"font-family: Trebuchet MS, sans-serif;\"><span style=\"font-size: large;\"><b>distribution des recettes<\/b><\/span><\/span><\/p>\n<p><span style=\"font-family: Trebuchet MS, sans-serif;\"><span style=\"font-size: large;\"><b>phase de compr\u00e9hension<\/b><\/span><\/span><\/p>\n<p><span style=\"font-family: Trebuchet MS, sans-serif;\"><span style=\"font-size: large;\"><b>phase de r\u00e9alisation<\/b><\/span><\/span><\/p>\n<p><span style=\"font-family: Trebuchet MS, sans-serif;\"><span style=\"font-size: large;\"><b>traduction + r\u00e9alisation d&#8217;un livret (au choix)<\/b><\/span><\/span><\/p>\n<p><img decoding=\"async\" title=\"Ahh!\" alt=\"Ahh!\" data-src=\"http:\/\/www.cfppa.fr\/infocampus\/wp-content\/plugins\/ultimate-tinymce\/addons\/emotions\/img\/popobig\/ah.png\" border=\"0\" src=\"data:image\/svg+xml;base64,PHN2ZyB3aWR0aD0iMSIgaGVpZ2h0PSIxIiB4bWxucz0iaHR0cDovL3d3dy53My5vcmcvMjAwMC9zdmciPjwvc3ZnPg==\" class=\"lazyload\" \/>miam miam<\/p>\n<p><iframe data-src=\"http:\/\/www.youtube.com\/embed\/rPyqzxDVxmQ?wmode=transparent\" height=\"360\" width=\"640\" allowfullscreen=\"\" frameborder=\"0\" src=\"data:image\/svg+xml;base64,PHN2ZyB3aWR0aD0iMSIgaGVpZ2h0PSIxIiB4bWxucz0iaHR0cDovL3d3dy53My5vcmcvMjAwMC9zdmciPjwvc3ZnPg==\" class=\"lazyload\" data-load-mode=\"1\"><\/iframe><\/p>\n<p><a href=\"http:\/\/www.cfppa.fr\/infocampus\/wp-content\/uploads\/2013\/10\/Image_01.jpg\"><img decoding=\"async\" class=\"alignleft size-full wp-image-638 lazyload\" alt=\"Image_01\" data-src=\"http:\/\/www.cfppa.fr\/infocampus\/wp-content\/uploads\/2013\/10\/Image_01.jpg\" width=\"800\" height=\"600\" data-srcset=\"https:\/\/www.cfppa.fr\/infocampus\/wp-content\/uploads\/2013\/10\/Image_01.jpg 800w, https:\/\/www.cfppa.fr\/infocampus\/wp-content\/uploads\/2013\/10\/Image_01-300x225.jpg 300w\" data-sizes=\"(max-width: 800px) 100vw, 800px\" src=\"data:image\/svg+xml;base64,PHN2ZyB3aWR0aD0iMSIgaGVpZ2h0PSIxIiB4bWxucz0iaHR0cDovL3d3dy53My5vcmcvMjAwMC9zdmciPjwvc3ZnPg==\" style=\"--smush-placeholder-width: 800px; --smush-placeholder-aspect-ratio: 800\/600;\" \/><\/a> <a href=\"http:\/\/www.cfppa.fr\/infocampus\/wp-content\/uploads\/2013\/10\/Image_04.jpg\"><img decoding=\"async\" class=\"alignleft size-full wp-image-637 lazyload\" alt=\"Image_04\" data-src=\"http:\/\/www.cfppa.fr\/infocampus\/wp-content\/uploads\/2013\/10\/Image_04.jpg\" width=\"800\" height=\"600\" data-srcset=\"https:\/\/www.cfppa.fr\/infocampus\/wp-content\/uploads\/2013\/10\/Image_04.jpg 800w, https:\/\/www.cfppa.fr\/infocampus\/wp-content\/uploads\/2013\/10\/Image_04-300x225.jpg 300w\" data-sizes=\"(max-width: 800px) 100vw, 800px\" src=\"data:image\/svg+xml;base64,PHN2ZyB3aWR0aD0iMSIgaGVpZ2h0PSIxIiB4bWxucz0iaHR0cDovL3d3dy53My5vcmcvMjAwMC9zdmciPjwvc3ZnPg==\" style=\"--smush-placeholder-width: 800px; --smush-placeholder-aspect-ratio: 800\/600;\" \/><\/a> <a href=\"http:\/\/www.cfppa.fr\/infocampus\/wp-content\/uploads\/2013\/10\/Image_03.jpg\"><img decoding=\"async\" class=\"alignleft size-full wp-image-636 lazyload\" alt=\"Image_03\" data-src=\"http:\/\/www.cfppa.fr\/infocampus\/wp-content\/uploads\/2013\/10\/Image_03.jpg\" width=\"450\" height=\"600\" data-srcset=\"https:\/\/www.cfppa.fr\/infocampus\/wp-content\/uploads\/2013\/10\/Image_03.jpg 450w, https:\/\/www.cfppa.fr\/infocampus\/wp-content\/uploads\/2013\/10\/Image_03-225x300.jpg 225w\" data-sizes=\"(max-width: 450px) 100vw, 450px\" src=\"data:image\/svg+xml;base64,PHN2ZyB3aWR0aD0iMSIgaGVpZ2h0PSIxIiB4bWxucz0iaHR0cDovL3d3dy53My5vcmcvMjAwMC9zdmciPjwvc3ZnPg==\" style=\"--smush-placeholder-width: 450px; --smush-placeholder-aspect-ratio: 450\/600;\" \/><\/a><\/p>\n","protected":false},"excerpt":{"rendered":"<p>Learning English by cooking\u00a0\u00a0\u00a0\u00a0\u00a0\u00a0 Objectif principal de la s\u00e9quence\u00a0: Comprendre une recette en anglais et la r\u00e9aliser. &nbsp; Sous-objectifs\u00a0: &#8211; comprendre des consignes &#8211; se familiariser avec le lexique culinaire &#8211; civilisation des pays anglophones Base de travail\u00a0: cuisine p\u00e9dagogique 5 diff\u00e9rentes recettes (toutes typiques de pays anglo-saxons) ingr\u00e9dients Dur\u00e9e &hellip;<\/p>\n","protected":false},"author":1,"featured_media":0,"parent":531,"menu_order":0,"comment_status":"open","ping_status":"open","template":"","meta":{"_crdt_document":"","footnotes":""},"class_list":["post-533","page","type-page","status-publish","hentry"],"yoast_head":"<!-- This site is optimized with the Yoast SEO plugin v27.4 - https:\/\/yoast.com\/product\/yoast-seo-wordpress\/ -->\n<title>Learning by cooking  - Info campus CFPPA<\/title>\n<meta name=\"robots\" content=\"index, follow, max-snippet:-1, max-image-preview:large, max-video-preview:-1\" \/>\n<link rel=\"canonical\" href=\"http:\/\/www.cfppa.fr\/infocampus\/english-games\/learning-by-cooking\/\" \/>\n<meta property=\"og:locale\" content=\"fr_FR\" \/>\n<meta property=\"og:type\" content=\"article\" \/>\n<meta property=\"og:title\" content=\"Learning by cooking  - Info campus CFPPA\" \/>\n<meta property=\"og:description\" content=\"Learning English by cooking\u00a0\u00a0\u00a0\u00a0\u00a0\u00a0 Objectif principal de la s\u00e9quence\u00a0: Comprendre une recette en anglais et la r\u00e9aliser. &nbsp; Sous-objectifs\u00a0: &#8211; comprendre des consignes &#8211; se familiariser avec le lexique culinaire &#8211; civilisation des pays anglophones Base de travail\u00a0: cuisine p\u00e9dagogique 5 diff\u00e9rentes recettes (toutes typiques de pays anglo-saxons) ingr\u00e9dients Dur\u00e9e &hellip;\" \/>\n<meta property=\"og:url\" content=\"http:\/\/www.cfppa.fr\/infocampus\/english-games\/learning-by-cooking\/\" \/>\n<meta property=\"og:site_name\" content=\"Info campus CFPPA\" \/>\n<meta property=\"article:modified_time\" content=\"2013-11-06T06:38:18+00:00\" \/>\n<meta property=\"og:image\" content=\"http:\/\/www.cfppa.fr\/infocampus\/wp-content\/uploads\/2013\/10\/Image_02.jpg\" \/>\n<script type=\"application\/ld+json\" class=\"yoast-schema-graph\">{\"@context\":\"https:\\\/\\\/schema.org\",\"@graph\":[{\"@type\":\"WebPage\",\"@id\":\"http:\\\/\\\/www.cfppa.fr\\\/infocampus\\\/english-games\\\/learning-by-cooking\\\/\",\"url\":\"http:\\\/\\\/www.cfppa.fr\\\/infocampus\\\/english-games\\\/learning-by-cooking\\\/\",\"name\":\"Learning by cooking - Info campus CFPPA\",\"isPartOf\":{\"@id\":\"http:\\\/\\\/www.cfppa.fr\\\/infocampus\\\/#website\"},\"primaryImageOfPage\":{\"@id\":\"http:\\\/\\\/www.cfppa.fr\\\/infocampus\\\/english-games\\\/learning-by-cooking\\\/#primaryimage\"},\"image\":{\"@id\":\"http:\\\/\\\/www.cfppa.fr\\\/infocampus\\\/english-games\\\/learning-by-cooking\\\/#primaryimage\"},\"thumbnailUrl\":\"http:\\\/\\\/www.cfppa.fr\\\/infocampus\\\/wp-content\\\/uploads\\\/2013\\\/10\\\/Image_02.jpg\",\"datePublished\":\"2013-10-29T11:41:21+00:00\",\"dateModified\":\"2013-11-06T06:38:18+00:00\",\"breadcrumb\":{\"@id\":\"http:\\\/\\\/www.cfppa.fr\\\/infocampus\\\/english-games\\\/learning-by-cooking\\\/#breadcrumb\"},\"inLanguage\":\"fr-FR\",\"potentialAction\":[{\"@type\":\"ReadAction\",\"target\":[\"http:\\\/\\\/www.cfppa.fr\\\/infocampus\\\/english-games\\\/learning-by-cooking\\\/\"]}]},{\"@type\":\"ImageObject\",\"inLanguage\":\"fr-FR\",\"@id\":\"http:\\\/\\\/www.cfppa.fr\\\/infocampus\\\/english-games\\\/learning-by-cooking\\\/#primaryimage\",\"url\":\"https:\\\/\\\/www.cfppa.fr\\\/infocampus\\\/wp-content\\\/uploads\\\/2013\\\/10\\\/Image_02.jpg\",\"contentUrl\":\"https:\\\/\\\/www.cfppa.fr\\\/infocampus\\\/wp-content\\\/uploads\\\/2013\\\/10\\\/Image_02.jpg\",\"width\":800,\"height\":600},{\"@type\":\"BreadcrumbList\",\"@id\":\"http:\\\/\\\/www.cfppa.fr\\\/infocampus\\\/english-games\\\/learning-by-cooking\\\/#breadcrumb\",\"itemListElement\":[{\"@type\":\"ListItem\",\"position\":1,\"name\":\"Accueil\",\"item\":\"http:\\\/\\\/www.cfppa.fr\\\/infocampus\\\/\"},{\"@type\":\"ListItem\",\"position\":2,\"name\":\"Priv\u00e9\u00a0: English games\",\"item\":\"https:\\\/\\\/www.cfppa.fr\\\/infocampus\\\/?page_id=531\"},{\"@type\":\"ListItem\",\"position\":3,\"name\":\"Learning by cooking\"}]},{\"@type\":\"WebSite\",\"@id\":\"http:\\\/\\\/www.cfppa.fr\\\/infocampus\\\/#website\",\"url\":\"http:\\\/\\\/www.cfppa.fr\\\/infocampus\\\/\",\"name\":\"Info campus CFPPA\",\"description\":\"Un site \u00e0 la page\",\"publisher\":{\"@id\":\"http:\\\/\\\/www.cfppa.fr\\\/infocampus\\\/#organization\"},\"potentialAction\":[{\"@type\":\"SearchAction\",\"target\":{\"@type\":\"EntryPoint\",\"urlTemplate\":\"http:\\\/\\\/www.cfppa.fr\\\/infocampus\\\/?s={search_term_string}\"},\"query-input\":{\"@type\":\"PropertyValueSpecification\",\"valueRequired\":true,\"valueName\":\"search_term_string\"}}],\"inLanguage\":\"fr-FR\"},{\"@type\":\"Organization\",\"@id\":\"http:\\\/\\\/www.cfppa.fr\\\/infocampus\\\/#organization\",\"name\":\"CFPPA de bourges\",\"url\":\"http:\\\/\\\/www.cfppa.fr\\\/infocampus\\\/\",\"logo\":{\"@type\":\"ImageObject\",\"inLanguage\":\"fr-FR\",\"@id\":\"http:\\\/\\\/www.cfppa.fr\\\/infocampus\\\/#\\\/schema\\\/logo\\\/image\\\/\",\"url\":\"https:\\\/\\\/www.cfppa.fr\\\/infocampus\\\/wp-content\\\/uploads\\\/2013\\\/09\\\/logo_ministerecfppa.png\",\"contentUrl\":\"https:\\\/\\\/www.cfppa.fr\\\/infocampus\\\/wp-content\\\/uploads\\\/2013\\\/09\\\/logo_ministerecfppa.png\",\"width\":1,\"height\":1,\"caption\":\"CFPPA de bourges\"},\"image\":{\"@id\":\"http:\\\/\\\/www.cfppa.fr\\\/infocampus\\\/#\\\/schema\\\/logo\\\/image\\\/\"}}]}<\/script>\n<!-- \/ Yoast SEO plugin. -->","yoast_head_json":{"title":"Learning by cooking  - Info campus CFPPA","robots":{"index":"index","follow":"follow","max-snippet":"max-snippet:-1","max-image-preview":"max-image-preview:large","max-video-preview":"max-video-preview:-1"},"canonical":"http:\/\/www.cfppa.fr\/infocampus\/english-games\/learning-by-cooking\/","og_locale":"fr_FR","og_type":"article","og_title":"Learning by cooking  - Info campus CFPPA","og_description":"Learning English by cooking\u00a0\u00a0\u00a0\u00a0\u00a0\u00a0 Objectif principal de la s\u00e9quence\u00a0: Comprendre une recette en anglais et la r\u00e9aliser. &nbsp; Sous-objectifs\u00a0: &#8211; comprendre des consignes &#8211; se familiariser avec le lexique culinaire &#8211; civilisation des pays anglophones Base de travail\u00a0: cuisine p\u00e9dagogique 5 diff\u00e9rentes recettes (toutes typiques de pays anglo-saxons) ingr\u00e9dients Dur\u00e9e &hellip;","og_url":"http:\/\/www.cfppa.fr\/infocampus\/english-games\/learning-by-cooking\/","og_site_name":"Info campus CFPPA","article_modified_time":"2013-11-06T06:38:18+00:00","og_image":[{"url":"http:\/\/www.cfppa.fr\/infocampus\/wp-content\/uploads\/2013\/10\/Image_02.jpg","type":"","width":"","height":""}],"schema":{"@context":"https:\/\/schema.org","@graph":[{"@type":"WebPage","@id":"http:\/\/www.cfppa.fr\/infocampus\/english-games\/learning-by-cooking\/","url":"http:\/\/www.cfppa.fr\/infocampus\/english-games\/learning-by-cooking\/","name":"Learning by cooking - Info campus CFPPA","isPartOf":{"@id":"http:\/\/www.cfppa.fr\/infocampus\/#website"},"primaryImageOfPage":{"@id":"http:\/\/www.cfppa.fr\/infocampus\/english-games\/learning-by-cooking\/#primaryimage"},"image":{"@id":"http:\/\/www.cfppa.fr\/infocampus\/english-games\/learning-by-cooking\/#primaryimage"},"thumbnailUrl":"http:\/\/www.cfppa.fr\/infocampus\/wp-content\/uploads\/2013\/10\/Image_02.jpg","datePublished":"2013-10-29T11:41:21+00:00","dateModified":"2013-11-06T06:38:18+00:00","breadcrumb":{"@id":"http:\/\/www.cfppa.fr\/infocampus\/english-games\/learning-by-cooking\/#breadcrumb"},"inLanguage":"fr-FR","potentialAction":[{"@type":"ReadAction","target":["http:\/\/www.cfppa.fr\/infocampus\/english-games\/learning-by-cooking\/"]}]},{"@type":"ImageObject","inLanguage":"fr-FR","@id":"http:\/\/www.cfppa.fr\/infocampus\/english-games\/learning-by-cooking\/#primaryimage","url":"https:\/\/www.cfppa.fr\/infocampus\/wp-content\/uploads\/2013\/10\/Image_02.jpg","contentUrl":"https:\/\/www.cfppa.fr\/infocampus\/wp-content\/uploads\/2013\/10\/Image_02.jpg","width":800,"height":600},{"@type":"BreadcrumbList","@id":"http:\/\/www.cfppa.fr\/infocampus\/english-games\/learning-by-cooking\/#breadcrumb","itemListElement":[{"@type":"ListItem","position":1,"name":"Accueil","item":"http:\/\/www.cfppa.fr\/infocampus\/"},{"@type":"ListItem","position":2,"name":"Priv\u00e9\u00a0: English games","item":"https:\/\/www.cfppa.fr\/infocampus\/?page_id=531"},{"@type":"ListItem","position":3,"name":"Learning by cooking"}]},{"@type":"WebSite","@id":"http:\/\/www.cfppa.fr\/infocampus\/#website","url":"http:\/\/www.cfppa.fr\/infocampus\/","name":"Info campus CFPPA","description":"Un site \u00e0 la page","publisher":{"@id":"http:\/\/www.cfppa.fr\/infocampus\/#organization"},"potentialAction":[{"@type":"SearchAction","target":{"@type":"EntryPoint","urlTemplate":"http:\/\/www.cfppa.fr\/infocampus\/?s={search_term_string}"},"query-input":{"@type":"PropertyValueSpecification","valueRequired":true,"valueName":"search_term_string"}}],"inLanguage":"fr-FR"},{"@type":"Organization","@id":"http:\/\/www.cfppa.fr\/infocampus\/#organization","name":"CFPPA de bourges","url":"http:\/\/www.cfppa.fr\/infocampus\/","logo":{"@type":"ImageObject","inLanguage":"fr-FR","@id":"http:\/\/www.cfppa.fr\/infocampus\/#\/schema\/logo\/image\/","url":"https:\/\/www.cfppa.fr\/infocampus\/wp-content\/uploads\/2013\/09\/logo_ministerecfppa.png","contentUrl":"https:\/\/www.cfppa.fr\/infocampus\/wp-content\/uploads\/2013\/09\/logo_ministerecfppa.png","width":1,"height":1,"caption":"CFPPA de bourges"},"image":{"@id":"http:\/\/www.cfppa.fr\/infocampus\/#\/schema\/logo\/image\/"}}]}},"_links":{"self":[{"href":"https:\/\/www.cfppa.fr\/infocampus\/wp-json\/wp\/v2\/pages\/533","targetHints":{"allow":["GET"]}}],"collection":[{"href":"https:\/\/www.cfppa.fr\/infocampus\/wp-json\/wp\/v2\/pages"}],"about":[{"href":"https:\/\/www.cfppa.fr\/infocampus\/wp-json\/wp\/v2\/types\/page"}],"author":[{"embeddable":true,"href":"https:\/\/www.cfppa.fr\/infocampus\/wp-json\/wp\/v2\/users\/1"}],"replies":[{"embeddable":true,"href":"https:\/\/www.cfppa.fr\/infocampus\/wp-json\/wp\/v2\/comments?post=533"}],"version-history":[{"count":0,"href":"https:\/\/www.cfppa.fr\/infocampus\/wp-json\/wp\/v2\/pages\/533\/revisions"}],"up":[{"embeddable":true,"href":"https:\/\/www.cfppa.fr\/infocampus\/wp-json\/wp\/v2\/pages\/531"}],"wp:attachment":[{"href":"https:\/\/www.cfppa.fr\/infocampus\/wp-json\/wp\/v2\/media?parent=533"}],"curies":[{"name":"wp","href":"https:\/\/api.w.org\/{rel}","templated":true}]}}