{"id":478,"date":"2013-10-23T06:48:50","date_gmt":"2013-10-23T04:48:50","guid":{"rendered":"http:\/\/www.cfppa.fr\/infocampus\/?page_id=478"},"modified":"2020-08-15T11:53:29","modified_gmt":"2020-08-15T09:53:29","slug":"zoo-et-pa","status":"publish","type":"page","link":"https:\/\/www.cfppa.fr\/infocampus\/zoo-et-pa\/","title":{"rendered":"Zoo et PA"},"content":{"rendered":"\n<p class=\"wp-block-paragraph\"><a name=\"q1\"><\/a><\/p>\n\n\n\n<h3 class=\"has-text-align-center has-text-color wp-block-heading\" style=\"color:#f29407\"><strong>La zootechnie &nbsp;regroupe les connaissances n\u00e9cessaires pour \u00e9lever des animaux .<\/strong><\/h3>\n\n\n\n<p class=\"has-text-align-center has-regular-font-size wp-block-paragraph\">Ici , vous pourrez trouver des informations sur les grands domaines de la zootechnie:<\/p>\n\n\n\n<h2 class=\"has-text-align-center has-background wp-block-heading\" style=\"background-color:#bce5cc\"><a href=\"http:\/\/www.cfppa.fr\/infocampus\/alimentation\" target=\"_blank\" rel=\"noreferrer noopener\"><strong>Un chapitre sur la digestion et l&#8217;alimentation<\/strong><\/a><\/h2>\n\n\n\n<div class=\"wp-block-image\"><figure class=\"alignleft size-large\"><img decoding=\"async\" width=\"640\" height=\"456\" data-src=\"http:\/\/www.cfppa.fr\/infocampus\/wp-content\/uploads\/2020\/08\/brown-216001_640.jpg\" alt=\"\" class=\"wp-image-2365 lazyload\" data-srcset=\"https:\/\/www.cfppa.fr\/infocampus\/wp-content\/uploads\/2020\/08\/brown-216001_640.jpg 640w, https:\/\/www.cfppa.fr\/infocampus\/wp-content\/uploads\/2020\/08\/brown-216001_640-300x214.jpg 300w, https:\/\/www.cfppa.fr\/infocampus\/wp-content\/uploads\/2020\/08\/brown-216001_640-281x200.jpg 281w\" data-sizes=\"(max-width: 640px) 100vw, 640px\" src=\"data:image\/svg+xml;base64,PHN2ZyB3aWR0aD0iMSIgaGVpZ2h0PSIxIiB4bWxucz0iaHR0cDovL3d3dy53My5vcmcvMjAwMC9zdmciPjwvc3ZnPg==\" style=\"--smush-placeholder-width: 640px; --smush-placeholder-aspect-ratio: 640\/456;\" \/><\/figure><\/div>\n\n\n\n<p class=\"has-yellow-background-color has-background has-large-font-size wp-block-paragraph\"><a title=\"La reproduction\" href=\"http:\/\/www.cfppa.fr\/infocampus\/zoo-et-pa\/la-reproduction\"><strong>Un chapitre sur la reproduction<\/strong><\/a><strong>. <\/strong>Dans beaucoup de productions animales, la reproduction est essentielle \u00e0 la survie de l&#8217;atelier : pas de lait s&#8217;il n&#8217;y a pas de mise bas! , pas de ventes (broutard, taurillon, agneaux, etc.) s&#8217;il n&#8217;y a pas de reproduction. De plus dans les productions de &#8220;viande&#8221; , on peut utiliser des synchronisations pour faire correspondre la production et le prix \u00a0( on utilise souvent des hormones).<\/p>\n\n\n\n<p class=\"has-beige-background-color has-background has-large-font-size wp-block-paragraph\"><a title=\"hygi\u00e8ne \/ parasites\" href=\"http:\/\/www.cfppa.fr\/infocampus\/zoo-et-pa\/hygiene-parasites\"><strong>Un chapitre sur l&#8217;hygi\u00e8ne ( les parasites)<\/strong><\/a><strong>\u00a0<\/strong>Les parasites entra\u00eenent souvent de la morbidit\u00e9, rarement de la mortalit\u00e9 ! Ce chapitre vous permet de conna\u00eetre les cycles des principaux \u00a0parasites . La pr\u00e9vention est souvent bas\u00e9e sur la connaissance des cycles et particuli\u00e8rement du biotope des h\u00f4tes interm\u00e9diaires ! ( il vaut mieux pr\u00e9venir que gu\u00e9rir <img decoding=\"async\" border=\"0\" hspace=\"5\" data-src=\"http:\/\/www.cfppa.fr\/infocampus\/wp-content\/plugins\/tinymce-emoticons\/images\/emoticons-set-1\/bomb.png\" alt=\"bomb\" src=\"data:image\/svg+xml;base64,PHN2ZyB3aWR0aD0iMSIgaGVpZ2h0PSIxIiB4bWxucz0iaHR0cDovL3d3dy53My5vcmcvMjAwMC9zdmciPjwvc3ZnPg==\" class=\"lazyload\" \/>)<\/p>\n\n\n\n<p class=\"has-light-brown-background-color has-background wp-block-paragraph\">Un chapitre sur la g\u00e9n\u00e9tique : il viendra peut-\u00eatre un jour  ! <\/p>\n\n\n\n<h2 class=\"has-text-align-center has-background wp-block-heading\" style=\"background-color:#bce5cc\"><a title=\"Fourrages\" href=\"http:\/\/www.cfppa.fr\/infocampus\/zoo-et-pa\/fourrages\"><strong>Un chapitre sur les productions fourrag\u00e8res<\/strong><\/a><\/h2>\n\n\n\n<div class=\"wp-block-image\"><figure class=\"alignleft size-large is-resized\"><img decoding=\"async\" data-src=\"http:\/\/www.cfppa.fr\/infocampus\/wp-content\/uploads\/2020\/08\/cow-2643886_640.jpg\" alt=\"\" class=\"wp-image-2366 lazyload\" width=\"320\" height=\"214\" data-srcset=\"https:\/\/www.cfppa.fr\/infocampus\/wp-content\/uploads\/2020\/08\/cow-2643886_640.jpg 640w, https:\/\/www.cfppa.fr\/infocampus\/wp-content\/uploads\/2020\/08\/cow-2643886_640-300x200.jpg 300w\" data-sizes=\"(max-width: 320px) 100vw, 320px\" src=\"data:image\/svg+xml;base64,PHN2ZyB3aWR0aD0iMSIgaGVpZ2h0PSIxIiB4bWxucz0iaHR0cDovL3d3dy53My5vcmcvMjAwMC9zdmciPjwvc3ZnPg==\" style=\"--smush-placeholder-width: 320px; --smush-placeholder-aspect-ratio: 320\/214;\" \/><\/figure><\/div>\n\n\n\n<h2 class=\"wp-block-heading\">Etape une : alimenter <\/h2>\n\n\n\n<p class=\"has-text-align-left has-background has-large-font-size wp-block-paragraph\" style=\"background-color:#e7f738\">1 L&#8217;id\u00e9e g\u00e9n\u00e9rale est de r\u00e9pondre aux besoins des futurs \u00e9leveurs de ruminants , et dans un premier temps il convient d&#8217;alimenter\u00a0 correctement \u00a0ses animaux \u00a0.<\/p>\n\n\n\n<h2 class=\"wp-block-heading\">Etape 2 : faire reproduire <\/h2>\n\n\n\n<p class=\"has-text-align-left has-large-font-size wp-block-paragraph\">Puis il convient de g\u00e9rer la\u00a0 reproduction du troupeau ( pour avoir du lait , il faut une mise-bas ! bien que par des injections d&#8217;hormones &#8230;.)<\/p>\n\n\n\n<div class=\"wp-block-image\"><figure class=\"alignright size-large is-resized\"><img decoding=\"async\" data-src=\"http:\/\/www.cfppa.fr\/infocampus\/wp-content\/uploads\/2020\/08\/highland-beef-1904892_640.jpg\" alt=\"\" class=\"wp-image-2367 lazyload\" width=\"320\" height=\"213\" data-srcset=\"https:\/\/www.cfppa.fr\/infocampus\/wp-content\/uploads\/2020\/08\/highland-beef-1904892_640.jpg 640w, https:\/\/www.cfppa.fr\/infocampus\/wp-content\/uploads\/2020\/08\/highland-beef-1904892_640-300x200.jpg 300w\" data-sizes=\"(max-width: 320px) 100vw, 320px\" src=\"data:image\/svg+xml;base64,PHN2ZyB3aWR0aD0iMSIgaGVpZ2h0PSIxIiB4bWxucz0iaHR0cDovL3d3dy53My5vcmcvMjAwMC9zdmciPjwvc3ZnPg==\" style=\"--smush-placeholder-width: 320px; --smush-placeholder-aspect-ratio: 320\/213;\" \/><\/figure><\/div>\n\n\n\n<h2 class=\"wp-block-heading\">Etape 3 : garder tout le monde en bonne sant\u00e9 <\/h2>\n\n\n\n<p class=\"has-text-align-left has-large-font-size wp-block-paragraph\">Et on doit \u00eatre capable &nbsp;de garder son troupeau en bonne sant\u00e9 en connaissant au minimum les principaux parasites et sympt\u00f4mes<\/p>\n\n\n\n<h2 class=\"wp-block-heading\">Etape 4 : on peut commencer \u00e0 s\u00e9lectionner <\/h2>\n\n\n\n<p class=\"has-text-align-left has-large-font-size wp-block-paragraph\">Et enfin on pourra envisager de travailler la g\u00e9n\u00e9tique!&nbsp;<\/p>\n\n\n\n<h2 class=\"wp-block-heading\">Etape 0 ou 5 Comment loger ou ne pas loger les animaux <\/h2>\n\n\n\n<p class=\"has-text-align-left has-large-font-size wp-block-paragraph\">En productions animales , un des points essentiels reste l&#8217;investissement ou non<a title=\"Les b\u00e2timents\" href=\"http:\/\/www.cfppa.fr\/infocampus\/les-batiments\"> dans un b\u00e2timent<\/a> (est-ce un investissement ou un outil de production ?)<\/p>\n\n\n\n<p class=\"has-text-align-left has-large-font-size wp-block-paragraph\">Un des \u00e9l\u00e9ments qu&#8217;il faut prendre en consid\u00e9ration en \u00e9levage comme en grandes cultures c&#8217;est l&#8217;effet &#8220;<a title=\"Directive nitrate\" href=\"http:\/\/www.cfppa.fr\/infocampus\/directive-nitrate\">directive nitrate<\/a>&#8221; qui d\u00e9finit les zones vuln\u00e9rables !<\/p>\n\n\n\n<h2 class=\"wp-block-heading\">Etape de Fin : la commercialisation ; la recherche de plus-valus<\/h2>\n\n\n\n<p class=\"has-text-align-left has-large-font-size wp-block-paragraph\">La fili\u00e8re bovine : <a href=\"http:\/\/youtu.be\/LyfiZC6rBSw\" target=\"_blank\" rel=\"noopener noreferrer\">le march\u00e9 de sancoins&nbsp;<\/a><\/p>\n\n\n\n<div class=\"wp-block-image is-style-rounded\"><figure class=\"aligncenter size-large\"><img decoding=\"async\" width=\"640\" height=\"417\" data-src=\"http:\/\/www.cfppa.fr\/infocampus\/wp-content\/uploads\/2020\/08\/piggy-bank-3131032_640.jpg\" alt=\"\" class=\"wp-image-2368 lazyload\" data-srcset=\"https:\/\/www.cfppa.fr\/infocampus\/wp-content\/uploads\/2020\/08\/piggy-bank-3131032_640.jpg 640w, https:\/\/www.cfppa.fr\/infocampus\/wp-content\/uploads\/2020\/08\/piggy-bank-3131032_640-300x195.jpg 300w, https:\/\/www.cfppa.fr\/infocampus\/wp-content\/uploads\/2020\/08\/piggy-bank-3131032_640-307x200.jpg 307w\" data-sizes=\"(max-width: 640px) 100vw, 640px\" src=\"data:image\/svg+xml;base64,PHN2ZyB3aWR0aD0iMSIgaGVpZ2h0PSIxIiB4bWxucz0iaHR0cDovL3d3dy53My5vcmcvMjAwMC9zdmciPjwvc3ZnPg==\" style=\"--smush-placeholder-width: 640px; --smush-placeholder-aspect-ratio: 640\/417;\" \/><\/figure><\/div>\n","protected":false},"excerpt":{"rendered":"<p>La zootechnie &nbsp;regroupe les connaissances n\u00e9cessaires pour \u00e9lever des animaux . Ici , vous pourrez trouver des informations sur les grands domaines de la zootechnie: Un chapitre sur la digestion et l&#8217;alimentation Un chapitre sur la reproduction. Dans beaucoup de productions animales, la reproduction est essentielle \u00e0 la survie de &hellip;<\/p>\n","protected":false},"author":1,"featured_media":0,"parent":0,"menu_order":0,"comment_status":"closed","ping_status":"closed","template":"","meta":{"_crdt_document":"","footnotes":""},"class_list":["post-478","page","type-page","status-publish","hentry"],"yoast_head":"<!-- This site is optimized with the Yoast SEO plugin v27.4 - https:\/\/yoast.com\/product\/yoast-seo-wordpress\/ -->\n<title>Zoo et PA - Info campus CFPPA<\/title>\n<meta name=\"description\" content=\"Des cours en lignes (CFPPA 18) pour aborder les productions animales , les rations , les fourrages,l&#039;hygi\u00e8ne en \u00e9levage le reproduction et la s\u00e9lection\" \/>\n<meta name=\"robots\" content=\"index, follow, max-snippet:-1, max-image-preview:large, max-video-preview:-1\" \/>\n<link rel=\"canonical\" href=\"http:\/\/www.cfppa.fr\/infocampus\/zoo-et-pa\/\" \/>\n<meta property=\"og:locale\" content=\"fr_FR\" \/>\n<meta property=\"og:type\" content=\"article\" \/>\n<meta property=\"og:title\" content=\"Zoo et PA - Info campus CFPPA\" \/>\n<meta property=\"og:description\" content=\"Des cours en lignes (CFPPA 18) pour aborder les productions animales , les rations , les fourrages,l&#039;hygi\u00e8ne en \u00e9levage le reproduction et la s\u00e9lection\" \/>\n<meta property=\"og:url\" content=\"http:\/\/www.cfppa.fr\/infocampus\/zoo-et-pa\/\" \/>\n<meta property=\"og:site_name\" content=\"Info campus CFPPA\" \/>\n<meta property=\"article:modified_time\" content=\"2020-08-15T09:53:29+00:00\" \/>\n<meta property=\"og:image\" content=\"http:\/\/www.cfppa.fr\/infocampus\/wp-content\/uploads\/2020\/08\/brown-216001_640.jpg\" \/>\n<meta name=\"twitter:label1\" content=\"Dur\u00e9e de lecture estim\u00e9e\" \/>\n\t<meta name=\"twitter:data1\" content=\"2 minutes\" \/>\n<script type=\"application\/ld+json\" class=\"yoast-schema-graph\">{\"@context\":\"https:\\\/\\\/schema.org\",\"@graph\":[{\"@type\":\"WebPage\",\"@id\":\"http:\\\/\\\/www.cfppa.fr\\\/infocampus\\\/zoo-et-pa\\\/\",\"url\":\"http:\\\/\\\/www.cfppa.fr\\\/infocampus\\\/zoo-et-pa\\\/\",\"name\":\"Zoo et PA - Info campus CFPPA\",\"isPartOf\":{\"@id\":\"http:\\\/\\\/www.cfppa.fr\\\/infocampus\\\/#website\"},\"primaryImageOfPage\":{\"@id\":\"http:\\\/\\\/www.cfppa.fr\\\/infocampus\\\/zoo-et-pa\\\/#primaryimage\"},\"image\":{\"@id\":\"http:\\\/\\\/www.cfppa.fr\\\/infocampus\\\/zoo-et-pa\\\/#primaryimage\"},\"thumbnailUrl\":\"http:\\\/\\\/www.cfppa.fr\\\/infocampus\\\/wp-content\\\/uploads\\\/2020\\\/08\\\/brown-216001_640.jpg\",\"datePublished\":\"2013-10-23T04:48:50+00:00\",\"dateModified\":\"2020-08-15T09:53:29+00:00\",\"description\":\"Des cours en lignes (CFPPA 18) pour aborder les productions animales , les rations , les fourrages,l'hygi\u00e8ne en \u00e9levage le reproduction et la s\u00e9lection\",\"breadcrumb\":{\"@id\":\"http:\\\/\\\/www.cfppa.fr\\\/infocampus\\\/zoo-et-pa\\\/#breadcrumb\"},\"inLanguage\":\"fr-FR\",\"potentialAction\":[{\"@type\":\"ReadAction\",\"target\":[\"http:\\\/\\\/www.cfppa.fr\\\/infocampus\\\/zoo-et-pa\\\/\"]}]},{\"@type\":\"ImageObject\",\"inLanguage\":\"fr-FR\",\"@id\":\"http:\\\/\\\/www.cfppa.fr\\\/infocampus\\\/zoo-et-pa\\\/#primaryimage\",\"url\":\"https:\\\/\\\/www.cfppa.fr\\\/infocampus\\\/wp-content\\\/uploads\\\/2020\\\/08\\\/brown-216001_640.jpg\",\"contentUrl\":\"https:\\\/\\\/www.cfppa.fr\\\/infocampus\\\/wp-content\\\/uploads\\\/2020\\\/08\\\/brown-216001_640.jpg\",\"width\":640,\"height\":456},{\"@type\":\"BreadcrumbList\",\"@id\":\"http:\\\/\\\/www.cfppa.fr\\\/infocampus\\\/zoo-et-pa\\\/#breadcrumb\",\"itemListElement\":[{\"@type\":\"ListItem\",\"position\":1,\"name\":\"Accueil\",\"item\":\"http:\\\/\\\/www.cfppa.fr\\\/infocampus\\\/\"},{\"@type\":\"ListItem\",\"position\":2,\"name\":\"Zoo et PA\"}]},{\"@type\":\"WebSite\",\"@id\":\"http:\\\/\\\/www.cfppa.fr\\\/infocampus\\\/#website\",\"url\":\"http:\\\/\\\/www.cfppa.fr\\\/infocampus\\\/\",\"name\":\"Info campus CFPPA\",\"description\":\"Un site \u00e0 la page\",\"publisher\":{\"@id\":\"http:\\\/\\\/www.cfppa.fr\\\/infocampus\\\/#organization\"},\"potentialAction\":[{\"@type\":\"SearchAction\",\"target\":{\"@type\":\"EntryPoint\",\"urlTemplate\":\"http:\\\/\\\/www.cfppa.fr\\\/infocampus\\\/?s={search_term_string}\"},\"query-input\":{\"@type\":\"PropertyValueSpecification\",\"valueRequired\":true,\"valueName\":\"search_term_string\"}}],\"inLanguage\":\"fr-FR\"},{\"@type\":\"Organization\",\"@id\":\"http:\\\/\\\/www.cfppa.fr\\\/infocampus\\\/#organization\",\"name\":\"CFPPA de bourges\",\"url\":\"http:\\\/\\\/www.cfppa.fr\\\/infocampus\\\/\",\"logo\":{\"@type\":\"ImageObject\",\"inLanguage\":\"fr-FR\",\"@id\":\"http:\\\/\\\/www.cfppa.fr\\\/infocampus\\\/#\\\/schema\\\/logo\\\/image\\\/\",\"url\":\"https:\\\/\\\/www.cfppa.fr\\\/infocampus\\\/wp-content\\\/uploads\\\/2013\\\/09\\\/logo_ministerecfppa.png\",\"contentUrl\":\"https:\\\/\\\/www.cfppa.fr\\\/infocampus\\\/wp-content\\\/uploads\\\/2013\\\/09\\\/logo_ministerecfppa.png\",\"width\":1,\"height\":1,\"caption\":\"CFPPA de bourges\"},\"image\":{\"@id\":\"http:\\\/\\\/www.cfppa.fr\\\/infocampus\\\/#\\\/schema\\\/logo\\\/image\\\/\"}}]}<\/script>\n<!-- \/ Yoast SEO plugin. -->","yoast_head_json":{"title":"Zoo et PA - Info campus CFPPA","description":"Des cours en lignes (CFPPA 18) pour aborder les productions animales , les rations , les fourrages,l'hygi\u00e8ne en \u00e9levage le reproduction et la s\u00e9lection","robots":{"index":"index","follow":"follow","max-snippet":"max-snippet:-1","max-image-preview":"max-image-preview:large","max-video-preview":"max-video-preview:-1"},"canonical":"http:\/\/www.cfppa.fr\/infocampus\/zoo-et-pa\/","og_locale":"fr_FR","og_type":"article","og_title":"Zoo et PA - Info campus CFPPA","og_description":"Des cours en lignes (CFPPA 18) pour aborder les productions animales , les rations , les fourrages,l'hygi\u00e8ne en \u00e9levage le reproduction et la s\u00e9lection","og_url":"http:\/\/www.cfppa.fr\/infocampus\/zoo-et-pa\/","og_site_name":"Info campus CFPPA","article_modified_time":"2020-08-15T09:53:29+00:00","og_image":[{"url":"http:\/\/www.cfppa.fr\/infocampus\/wp-content\/uploads\/2020\/08\/brown-216001_640.jpg","type":"","width":"","height":""}],"twitter_misc":{"Dur\u00e9e de lecture estim\u00e9e":"2 minutes"},"schema":{"@context":"https:\/\/schema.org","@graph":[{"@type":"WebPage","@id":"http:\/\/www.cfppa.fr\/infocampus\/zoo-et-pa\/","url":"http:\/\/www.cfppa.fr\/infocampus\/zoo-et-pa\/","name":"Zoo et PA - Info campus CFPPA","isPartOf":{"@id":"http:\/\/www.cfppa.fr\/infocampus\/#website"},"primaryImageOfPage":{"@id":"http:\/\/www.cfppa.fr\/infocampus\/zoo-et-pa\/#primaryimage"},"image":{"@id":"http:\/\/www.cfppa.fr\/infocampus\/zoo-et-pa\/#primaryimage"},"thumbnailUrl":"http:\/\/www.cfppa.fr\/infocampus\/wp-content\/uploads\/2020\/08\/brown-216001_640.jpg","datePublished":"2013-10-23T04:48:50+00:00","dateModified":"2020-08-15T09:53:29+00:00","description":"Des cours en lignes (CFPPA 18) pour aborder les productions animales , les rations , les fourrages,l'hygi\u00e8ne en \u00e9levage le reproduction et la s\u00e9lection","breadcrumb":{"@id":"http:\/\/www.cfppa.fr\/infocampus\/zoo-et-pa\/#breadcrumb"},"inLanguage":"fr-FR","potentialAction":[{"@type":"ReadAction","target":["http:\/\/www.cfppa.fr\/infocampus\/zoo-et-pa\/"]}]},{"@type":"ImageObject","inLanguage":"fr-FR","@id":"http:\/\/www.cfppa.fr\/infocampus\/zoo-et-pa\/#primaryimage","url":"https:\/\/www.cfppa.fr\/infocampus\/wp-content\/uploads\/2020\/08\/brown-216001_640.jpg","contentUrl":"https:\/\/www.cfppa.fr\/infocampus\/wp-content\/uploads\/2020\/08\/brown-216001_640.jpg","width":640,"height":456},{"@type":"BreadcrumbList","@id":"http:\/\/www.cfppa.fr\/infocampus\/zoo-et-pa\/#breadcrumb","itemListElement":[{"@type":"ListItem","position":1,"name":"Accueil","item":"http:\/\/www.cfppa.fr\/infocampus\/"},{"@type":"ListItem","position":2,"name":"Zoo et PA"}]},{"@type":"WebSite","@id":"http:\/\/www.cfppa.fr\/infocampus\/#website","url":"http:\/\/www.cfppa.fr\/infocampus\/","name":"Info campus CFPPA","description":"Un site \u00e0 la page","publisher":{"@id":"http:\/\/www.cfppa.fr\/infocampus\/#organization"},"potentialAction":[{"@type":"SearchAction","target":{"@type":"EntryPoint","urlTemplate":"http:\/\/www.cfppa.fr\/infocampus\/?s={search_term_string}"},"query-input":{"@type":"PropertyValueSpecification","valueRequired":true,"valueName":"search_term_string"}}],"inLanguage":"fr-FR"},{"@type":"Organization","@id":"http:\/\/www.cfppa.fr\/infocampus\/#organization","name":"CFPPA de bourges","url":"http:\/\/www.cfppa.fr\/infocampus\/","logo":{"@type":"ImageObject","inLanguage":"fr-FR","@id":"http:\/\/www.cfppa.fr\/infocampus\/#\/schema\/logo\/image\/","url":"https:\/\/www.cfppa.fr\/infocampus\/wp-content\/uploads\/2013\/09\/logo_ministerecfppa.png","contentUrl":"https:\/\/www.cfppa.fr\/infocampus\/wp-content\/uploads\/2013\/09\/logo_ministerecfppa.png","width":1,"height":1,"caption":"CFPPA de bourges"},"image":{"@id":"http:\/\/www.cfppa.fr\/infocampus\/#\/schema\/logo\/image\/"}}]}},"_links":{"self":[{"href":"https:\/\/www.cfppa.fr\/infocampus\/wp-json\/wp\/v2\/pages\/478","targetHints":{"allow":["GET"]}}],"collection":[{"href":"https:\/\/www.cfppa.fr\/infocampus\/wp-json\/wp\/v2\/pages"}],"about":[{"href":"https:\/\/www.cfppa.fr\/infocampus\/wp-json\/wp\/v2\/types\/page"}],"author":[{"embeddable":true,"href":"https:\/\/www.cfppa.fr\/infocampus\/wp-json\/wp\/v2\/users\/1"}],"replies":[{"embeddable":true,"href":"https:\/\/www.cfppa.fr\/infocampus\/wp-json\/wp\/v2\/comments?post=478"}],"version-history":[{"count":2,"href":"https:\/\/www.cfppa.fr\/infocampus\/wp-json\/wp\/v2\/pages\/478\/revisions"}],"predecessor-version":[{"id":2369,"href":"https:\/\/www.cfppa.fr\/infocampus\/wp-json\/wp\/v2\/pages\/478\/revisions\/2369"}],"wp:attachment":[{"href":"https:\/\/www.cfppa.fr\/infocampus\/wp-json\/wp\/v2\/media?parent=478"}],"curies":[{"name":"wp","href":"https:\/\/api.w.org\/{rel}","templated":true}]}}