{"id":370,"date":"2013-09-28T11:44:57","date_gmt":"2013-09-28T09:44:57","guid":{"rendered":"http:\/\/www.cfppa.fr\/infocampus\/?page_id=370"},"modified":"2013-10-06T08:03:23","modified_gmt":"2013-10-06T06:03:23","slug":"financement-dun-investissement","status":"publish","type":"page","link":"https:\/\/www.cfppa.fr\/infocampus\/cas-de-gestion\/cas-1\/financement-dun-investissement\/","title":{"rendered":"Financement d&#8217;un investissement"},"content":{"rendered":"<p>Cas d&#8217;un mat\u00e9riel<\/p>\n<p>Soit l&#8217;achat d&#8217;un mat\u00e9riel exemple un tracteur de 210 CV pour la petite somme de \u00a0110 000\u20ac<\/p>\n<ol>\n<li>Doit-on autofinancer (en admettant que nous pouvons) ?<\/li>\n<li>Doit-on emprunter ?<\/li>\n<li>Doit-on faire un leasing \u00a0(ou cr\u00e9dit-bail) ?<\/li>\n<\/ol>\n<p><span style=\"color: #993366;\"><strong>Autofinancer ou emprunter ?<\/strong><\/span><\/p>\n<p>L\u2019autofinancement va induire une baisse de votre tr\u00e9sorerie ! Et si dans un mois ou un an vous avez un coup dure , vous faites comment pour y r\u00e9pondre ? vous solliciterez un d\u00e9couvert \u00a0bancaire, un emprunt \u00e0 court terme \u00a0?! \u00a0Et si la banque accepte de vous le faire ?<\/p>\n<p><span style=\"color: #ff6600;\"><strong>Dans bien des cas , si vous avez les moyens d&#8217;autofinancer , il faut emprunter !\u00a0<\/strong><\/span><\/p>\n<p>Pourquoi ?<\/p>\n<p>Si vous autofinancez , vous allez amputer votre tr\u00e9sorerie mais vous pourrez dormir tranquille car vous n&#8217;aurez pas emprunt\u00e9 \u00e0 la banque !<\/p>\n<p>Par contre comme vous allez amortir votre mat\u00e9riel, vous allez <span style=\"text-decoration: underline;\">cr\u00e9er une charge sans aucune d\u00e9pense<\/span> ! (vous reconstituez votre tr\u00e9sorerie)<\/p>\n<p>Si vous empruntez , vous allez cr\u00e9er<strong><span style=\"color: #3366ff;\"> des frais financiers <\/span><\/strong>certes ! mais ils viendront diminuer votre revenu et par ce biais vous allez <strong><span style=\"color: #3366ff;\">diminuer votre cotisation<\/span><\/strong><a title=\"Impact MSA\" href=\"http:\/\/www.cfppa.fr\/infocampus\/impact-msa\"> MSA<\/a> (si vous n&#8217;\u00eates pas au minimum \u2248 2000\u20ac\/uth) et <strong><span style=\"color: #3366ff;\">vous diminuerez \u00e9galement votre IRPP<\/span><\/strong>!<\/p>\n<p>De plus , si vous aviez les moyens d&#8217;autofinancer, vous pouvez placer cette argent \u00a0 \u00a0\u00e0 votre banque favorite (et n\u00e9gocier des avantages pour votre emprunt : ex frais de dossier , ADI , ou un tx int\u00e9ressant)<\/p>\n<p>Si vous placez l&#8217;argent , l&#8217;objectif est de le placer \u00e0 titre priv\u00e9 mais attention aux types de placements : plus ils sont disponibles, plus le tx d\u2019int\u00e9r\u00eat est faible \u00a0et inversement ! donc attention \u00e0 la \u00a0disponibilit\u00e9 de votre r\u00e9serve et \u00e0 votre prise de risque<\/p>\n<p><strong><span style=\"color: #ff9900;\">Plus le placement est risqu\u00e9 , plus le tx d\u2019int\u00e9r\u00eat est important\u00a0<\/span><\/strong><\/p>\n<table style=\"border-color: #0000cc; border-width: 0px; ; width: 150px;\" border=\"0\" align=\"center\">\n<tbody>\n<tr style=\"height: 75px;\">\n<td style=\"text-align: center; width: 200px; border: 1px solid #1709f5;\"><\/td>\n<td style=\"text-align: center; width: 200px; border: 1px solid #1709f5;\">Avantages<\/td>\n<td style=\"width: 200px; border: 1px solid #1709f5; text-align: center;\">Inconv\u00e9nients<\/td>\n<\/tr>\n<tr style=\"height: 125px;\">\n<td style=\"text-align: center; width: 200px; border: 1px solid #1709f5;\">Autofinancement<\/td>\n<td style=\"text-align: center; width: 200px; border: 1px solid #1709f5;\">\n<p style=\"text-align: center;\">Pas d&#8217;annuit\u00e9 \u00e0 rembourser<\/p>\n<p style=\"text-align: center;\">Cr\u00e9ation d&#8217;un amortissement par le biais du mat\u00e9riel achet\u00e9<\/p>\n<p>Pas de frais fianciers<\/td>\n<td style=\"text-align: center; width: 200px; border: 1px solid #1709f5;\">D\u00e9grade la tr\u00e9sorerie<\/td>\n<\/tr>\n<tr style=\"height: 125px;\">\n<td style=\"text-align: center; width: 200px; border: 1px solid #1709f5;\">Emprunt<\/td>\n<td style=\"text-align: center; width: 200px; border: 1px solid #1709f5;\">Cr\u00e9ation de frais financiers donc diminution cotisation \u00a0MSA et imp\u00f4t Ne D\u00e9grade pas la tr\u00e9sorerie<\/td>\n<td style=\"text-align: center; width: 200px; border: 1px solid #1709f5;\">Cr\u00e9ation de frais FiVous engage vis \u00e0 vis de la banqueFrais d&#8217;une ADI \/ Frais de dossier<\/td>\n<\/tr>\n<\/tbody>\n<\/table>\n<p><span style=\"color: #993366;\"><strong>\u00a0Emprunter \u00a0ou leasing ?<\/strong><\/span><\/p>\n<p>Un leasing : c&#8217;est quoi<\/p>\n<p>C&#8217;est une cr\u00e9dit bail , le mat\u00e9riel ne vous appartiendra qu&#8217;a la fin du bail , une fois que vous aurez pay\u00e9 la derni\u00e8re \u00e9ch\u00e9ance.<\/p>\n<p>En leasing , vous devez n\u00e9gocier entre autres, l&#8217;entretien de ladite machine, l&#8217;assurance \u00a0et vous posez la question : que ce passe t-il si vous voulez changer de machine durant le bail ?<\/p>\n<p>Un des avantages du leasing c&#8217;est que vous pouvez utiliser une machine neuve !<\/p>\n<p>Pour comparer avec les autres solutions, vous devez ramener votre \u00e9valuation \u00e0 l&#8217;ha ou l&#8217;heure d&#8217;utilisation<\/p>\n<p>Attention , <strong><span><span style=\"color: #ff9900;\">le leasing est une charge et il ne cr\u00e9\u00e9e \u00a0pas d&#8217;amortissement \u00a0et le\u00a0mat\u00e9riel n&#8217;est pas inscrit au bilan !\u00a0\u00a0<\/span><\/span><\/strong><\/p>\n<p>Par contre si vous avez un leasing avec entretien , vous n&#8217;avez pas de surprise dans les charges de m\u00e9canisation .<\/p>\n<p><img decoding=\"async\" title=\"Matrix\" alt=\"Matrix\" data-src=\"http:\/\/www.cfppa.fr\/infocampus\/wp-content\/plugins\/ultimate-tinymce\/addons\/emotions\/img\/popobig\/matrix.png\" border=\"0\" src=\"data:image\/svg+xml;base64,PHN2ZyB3aWR0aD0iMSIgaGVpZ2h0PSIxIiB4bWxucz0iaHR0cDovL3d3dy53My5vcmcvMjAwMC9zdmciPjwvc3ZnPg==\" class=\"lazyload\" \/><span style=\"color: #008000;\">Un des points \u00e0 v\u00e9rifier est la valeur r\u00e9siduelle ( valeur de reprise en fin de bail) . En effet plus cette valeur est forte plus votre location sera faible ! <\/span><\/p>\n<p><span style=\"color: #008000;\">Il faut \u00e9galement bien d\u00e9crypter les conditions d&#8217;entretien de ladite machine qui conditionnent la valeur r\u00e9siduelle qui pourrait \u00eatre impacter. \u00a0\u00a0<\/span><\/p>\n<p>Aussi , votre mise de fonds (1er \u00e9ch\u00e9ance) et votre valeur r\u00e9siduelle avec souscription d&#8217;entretien chez le concessionnaire qui &#8220;doit&#8221; s&#8217;engager \u00e0 reprendre \u00a0vont influencer le co\u00fbt de votre cr\u00e9dit-bail !<\/p>\n","protected":false},"excerpt":{"rendered":"<p>Cas d&#8217;un mat\u00e9riel Soit l&#8217;achat d&#8217;un mat\u00e9riel exemple un tracteur de 210 CV pour la petite somme de \u00a0110 000\u20ac Doit-on autofinancer (en admettant que nous pouvons) ? Doit-on emprunter ? Doit-on faire un leasing \u00a0(ou cr\u00e9dit-bail) ? Autofinancer ou emprunter ? L\u2019autofinancement va induire une baisse de votre tr\u00e9sorerie &hellip;<\/p>\n","protected":false},"author":1,"featured_media":0,"parent":154,"menu_order":0,"comment_status":"open","ping_status":"open","template":"","meta":{"_crdt_document":"","footnotes":""},"class_list":["post-370","page","type-page","status-publish","hentry"],"yoast_head":"<!-- This site is optimized with the Yoast SEO plugin v27.4 - https:\/\/yoast.com\/product\/yoast-seo-wordpress\/ -->\n<title>Financement d&#039;un investissement  - Info campus CFPPA<\/title>\n<meta name=\"robots\" content=\"index, follow, max-snippet:-1, max-image-preview:large, max-video-preview:-1\" \/>\n<link rel=\"canonical\" href=\"http:\/\/www.cfppa.fr\/infocampus\/cas-de-gestion\/cas-1\/financement-dun-investissement\/\" \/>\n<meta property=\"og:locale\" content=\"fr_FR\" \/>\n<meta property=\"og:type\" content=\"article\" \/>\n<meta property=\"og:title\" content=\"Financement d&#039;un investissement  - Info campus CFPPA\" \/>\n<meta property=\"og:description\" content=\"Cas d&#8217;un mat\u00e9riel Soit l&#8217;achat d&#8217;un mat\u00e9riel exemple un tracteur de 210 CV pour la petite somme de \u00a0110 000\u20ac Doit-on autofinancer (en admettant que nous pouvons) ? Doit-on emprunter ? Doit-on faire un leasing \u00a0(ou cr\u00e9dit-bail) ? Autofinancer ou emprunter ? L\u2019autofinancement va induire une baisse de votre tr\u00e9sorerie &hellip;\" \/>\n<meta property=\"og:url\" content=\"http:\/\/www.cfppa.fr\/infocampus\/cas-de-gestion\/cas-1\/financement-dun-investissement\/\" \/>\n<meta property=\"og:site_name\" content=\"Info campus CFPPA\" \/>\n<meta property=\"article:modified_time\" content=\"2013-10-06T06:03:23+00:00\" \/>\n<meta property=\"og:image\" content=\"http:\/\/www.cfppa.fr\/infocampus\/wp-content\/plugins\/ultimate-tinymce\/addons\/emotions\/img\/popobig\/matrix.png\" \/>\n<meta name=\"twitter:label1\" content=\"Dur\u00e9e de lecture estim\u00e9e\" \/>\n\t<meta name=\"twitter:data1\" content=\"3 minutes\" \/>\n<script type=\"application\/ld+json\" class=\"yoast-schema-graph\">{\"@context\":\"https:\\\/\\\/schema.org\",\"@graph\":[{\"@type\":\"WebPage\",\"@id\":\"http:\\\/\\\/www.cfppa.fr\\\/infocampus\\\/cas-de-gestion\\\/cas-1\\\/financement-dun-investissement\\\/\",\"url\":\"http:\\\/\\\/www.cfppa.fr\\\/infocampus\\\/cas-de-gestion\\\/cas-1\\\/financement-dun-investissement\\\/\",\"name\":\"Financement d'un investissement - Info campus CFPPA\",\"isPartOf\":{\"@id\":\"http:\\\/\\\/www.cfppa.fr\\\/infocampus\\\/#website\"},\"primaryImageOfPage\":{\"@id\":\"http:\\\/\\\/www.cfppa.fr\\\/infocampus\\\/cas-de-gestion\\\/cas-1\\\/financement-dun-investissement\\\/#primaryimage\"},\"image\":{\"@id\":\"http:\\\/\\\/www.cfppa.fr\\\/infocampus\\\/cas-de-gestion\\\/cas-1\\\/financement-dun-investissement\\\/#primaryimage\"},\"thumbnailUrl\":\"http:\\\/\\\/www.cfppa.fr\\\/infocampus\\\/wp-content\\\/plugins\\\/ultimate-tinymce\\\/addons\\\/emotions\\\/img\\\/popobig\\\/matrix.png\",\"datePublished\":\"2013-09-28T09:44:57+00:00\",\"dateModified\":\"2013-10-06T06:03:23+00:00\",\"breadcrumb\":{\"@id\":\"http:\\\/\\\/www.cfppa.fr\\\/infocampus\\\/cas-de-gestion\\\/cas-1\\\/financement-dun-investissement\\\/#breadcrumb\"},\"inLanguage\":\"fr-FR\",\"potentialAction\":[{\"@type\":\"ReadAction\",\"target\":[\"http:\\\/\\\/www.cfppa.fr\\\/infocampus\\\/cas-de-gestion\\\/cas-1\\\/financement-dun-investissement\\\/\"]}]},{\"@type\":\"ImageObject\",\"inLanguage\":\"fr-FR\",\"@id\":\"http:\\\/\\\/www.cfppa.fr\\\/infocampus\\\/cas-de-gestion\\\/cas-1\\\/financement-dun-investissement\\\/#primaryimage\",\"url\":\"http:\\\/\\\/www.cfppa.fr\\\/infocampus\\\/wp-content\\\/plugins\\\/ultimate-tinymce\\\/addons\\\/emotions\\\/img\\\/popobig\\\/matrix.png\",\"contentUrl\":\"http:\\\/\\\/www.cfppa.fr\\\/infocampus\\\/wp-content\\\/plugins\\\/ultimate-tinymce\\\/addons\\\/emotions\\\/img\\\/popobig\\\/matrix.png\"},{\"@type\":\"BreadcrumbList\",\"@id\":\"http:\\\/\\\/www.cfppa.fr\\\/infocampus\\\/cas-de-gestion\\\/cas-1\\\/financement-dun-investissement\\\/#breadcrumb\",\"itemListElement\":[{\"@type\":\"ListItem\",\"position\":1,\"name\":\"Accueil\",\"item\":\"http:\\\/\\\/www.cfppa.fr\\\/infocampus\\\/\"},{\"@type\":\"ListItem\",\"position\":2,\"name\":\"Gestion d&#8217;entreprise\",\"item\":\"http:\\\/\\\/www.cfppa.fr\\\/infocampus\\\/cas-de-gestion\\\/\"},{\"@type\":\"ListItem\",\"position\":3,\"name\":\"Prot\u00e9g\u00e9\u00a0: Rentabilit\u00e9 d&#8217;un investissement\",\"item\":\"http:\\\/\\\/www.cfppa.fr\\\/infocampus\\\/cas-de-gestion\\\/cas-1\\\/\"},{\"@type\":\"ListItem\",\"position\":4,\"name\":\"Financement d&#8217;un investissement\"}]},{\"@type\":\"WebSite\",\"@id\":\"http:\\\/\\\/www.cfppa.fr\\\/infocampus\\\/#website\",\"url\":\"http:\\\/\\\/www.cfppa.fr\\\/infocampus\\\/\",\"name\":\"Info campus CFPPA\",\"description\":\"Un site \u00e0 la page\",\"publisher\":{\"@id\":\"http:\\\/\\\/www.cfppa.fr\\\/infocampus\\\/#organization\"},\"potentialAction\":[{\"@type\":\"SearchAction\",\"target\":{\"@type\":\"EntryPoint\",\"urlTemplate\":\"http:\\\/\\\/www.cfppa.fr\\\/infocampus\\\/?s={search_term_string}\"},\"query-input\":{\"@type\":\"PropertyValueSpecification\",\"valueRequired\":true,\"valueName\":\"search_term_string\"}}],\"inLanguage\":\"fr-FR\"},{\"@type\":\"Organization\",\"@id\":\"http:\\\/\\\/www.cfppa.fr\\\/infocampus\\\/#organization\",\"name\":\"CFPPA de bourges\",\"url\":\"http:\\\/\\\/www.cfppa.fr\\\/infocampus\\\/\",\"logo\":{\"@type\":\"ImageObject\",\"inLanguage\":\"fr-FR\",\"@id\":\"http:\\\/\\\/www.cfppa.fr\\\/infocampus\\\/#\\\/schema\\\/logo\\\/image\\\/\",\"url\":\"https:\\\/\\\/www.cfppa.fr\\\/infocampus\\\/wp-content\\\/uploads\\\/2013\\\/09\\\/logo_ministerecfppa.png\",\"contentUrl\":\"https:\\\/\\\/www.cfppa.fr\\\/infocampus\\\/wp-content\\\/uploads\\\/2013\\\/09\\\/logo_ministerecfppa.png\",\"width\":1,\"height\":1,\"caption\":\"CFPPA de bourges\"},\"image\":{\"@id\":\"http:\\\/\\\/www.cfppa.fr\\\/infocampus\\\/#\\\/schema\\\/logo\\\/image\\\/\"}}]}<\/script>\n<!-- \/ Yoast SEO plugin. -->","yoast_head_json":{"title":"Financement d'un investissement  - Info campus CFPPA","robots":{"index":"index","follow":"follow","max-snippet":"max-snippet:-1","max-image-preview":"max-image-preview:large","max-video-preview":"max-video-preview:-1"},"canonical":"http:\/\/www.cfppa.fr\/infocampus\/cas-de-gestion\/cas-1\/financement-dun-investissement\/","og_locale":"fr_FR","og_type":"article","og_title":"Financement d'un investissement  - Info campus CFPPA","og_description":"Cas d&#8217;un mat\u00e9riel Soit l&#8217;achat d&#8217;un mat\u00e9riel exemple un tracteur de 210 CV pour la petite somme de \u00a0110 000\u20ac Doit-on autofinancer (en admettant que nous pouvons) ? Doit-on emprunter ? Doit-on faire un leasing \u00a0(ou cr\u00e9dit-bail) ? Autofinancer ou emprunter ? L\u2019autofinancement va induire une baisse de votre tr\u00e9sorerie &hellip;","og_url":"http:\/\/www.cfppa.fr\/infocampus\/cas-de-gestion\/cas-1\/financement-dun-investissement\/","og_site_name":"Info campus CFPPA","article_modified_time":"2013-10-06T06:03:23+00:00","og_image":[{"url":"http:\/\/www.cfppa.fr\/infocampus\/wp-content\/plugins\/ultimate-tinymce\/addons\/emotions\/img\/popobig\/matrix.png","type":"","width":"","height":""}],"twitter_misc":{"Dur\u00e9e de lecture estim\u00e9e":"3 minutes"},"schema":{"@context":"https:\/\/schema.org","@graph":[{"@type":"WebPage","@id":"http:\/\/www.cfppa.fr\/infocampus\/cas-de-gestion\/cas-1\/financement-dun-investissement\/","url":"http:\/\/www.cfppa.fr\/infocampus\/cas-de-gestion\/cas-1\/financement-dun-investissement\/","name":"Financement d'un investissement - Info campus CFPPA","isPartOf":{"@id":"http:\/\/www.cfppa.fr\/infocampus\/#website"},"primaryImageOfPage":{"@id":"http:\/\/www.cfppa.fr\/infocampus\/cas-de-gestion\/cas-1\/financement-dun-investissement\/#primaryimage"},"image":{"@id":"http:\/\/www.cfppa.fr\/infocampus\/cas-de-gestion\/cas-1\/financement-dun-investissement\/#primaryimage"},"thumbnailUrl":"http:\/\/www.cfppa.fr\/infocampus\/wp-content\/plugins\/ultimate-tinymce\/addons\/emotions\/img\/popobig\/matrix.png","datePublished":"2013-09-28T09:44:57+00:00","dateModified":"2013-10-06T06:03:23+00:00","breadcrumb":{"@id":"http:\/\/www.cfppa.fr\/infocampus\/cas-de-gestion\/cas-1\/financement-dun-investissement\/#breadcrumb"},"inLanguage":"fr-FR","potentialAction":[{"@type":"ReadAction","target":["http:\/\/www.cfppa.fr\/infocampus\/cas-de-gestion\/cas-1\/financement-dun-investissement\/"]}]},{"@type":"ImageObject","inLanguage":"fr-FR","@id":"http:\/\/www.cfppa.fr\/infocampus\/cas-de-gestion\/cas-1\/financement-dun-investissement\/#primaryimage","url":"http:\/\/www.cfppa.fr\/infocampus\/wp-content\/plugins\/ultimate-tinymce\/addons\/emotions\/img\/popobig\/matrix.png","contentUrl":"http:\/\/www.cfppa.fr\/infocampus\/wp-content\/plugins\/ultimate-tinymce\/addons\/emotions\/img\/popobig\/matrix.png"},{"@type":"BreadcrumbList","@id":"http:\/\/www.cfppa.fr\/infocampus\/cas-de-gestion\/cas-1\/financement-dun-investissement\/#breadcrumb","itemListElement":[{"@type":"ListItem","position":1,"name":"Accueil","item":"http:\/\/www.cfppa.fr\/infocampus\/"},{"@type":"ListItem","position":2,"name":"Gestion d&#8217;entreprise","item":"http:\/\/www.cfppa.fr\/infocampus\/cas-de-gestion\/"},{"@type":"ListItem","position":3,"name":"Prot\u00e9g\u00e9\u00a0: Rentabilit\u00e9 d&#8217;un investissement","item":"http:\/\/www.cfppa.fr\/infocampus\/cas-de-gestion\/cas-1\/"},{"@type":"ListItem","position":4,"name":"Financement d&#8217;un investissement"}]},{"@type":"WebSite","@id":"http:\/\/www.cfppa.fr\/infocampus\/#website","url":"http:\/\/www.cfppa.fr\/infocampus\/","name":"Info campus CFPPA","description":"Un site \u00e0 la page","publisher":{"@id":"http:\/\/www.cfppa.fr\/infocampus\/#organization"},"potentialAction":[{"@type":"SearchAction","target":{"@type":"EntryPoint","urlTemplate":"http:\/\/www.cfppa.fr\/infocampus\/?s={search_term_string}"},"query-input":{"@type":"PropertyValueSpecification","valueRequired":true,"valueName":"search_term_string"}}],"inLanguage":"fr-FR"},{"@type":"Organization","@id":"http:\/\/www.cfppa.fr\/infocampus\/#organization","name":"CFPPA de bourges","url":"http:\/\/www.cfppa.fr\/infocampus\/","logo":{"@type":"ImageObject","inLanguage":"fr-FR","@id":"http:\/\/www.cfppa.fr\/infocampus\/#\/schema\/logo\/image\/","url":"https:\/\/www.cfppa.fr\/infocampus\/wp-content\/uploads\/2013\/09\/logo_ministerecfppa.png","contentUrl":"https:\/\/www.cfppa.fr\/infocampus\/wp-content\/uploads\/2013\/09\/logo_ministerecfppa.png","width":1,"height":1,"caption":"CFPPA de bourges"},"image":{"@id":"http:\/\/www.cfppa.fr\/infocampus\/#\/schema\/logo\/image\/"}}]}},"_links":{"self":[{"href":"https:\/\/www.cfppa.fr\/infocampus\/wp-json\/wp\/v2\/pages\/370","targetHints":{"allow":["GET"]}}],"collection":[{"href":"https:\/\/www.cfppa.fr\/infocampus\/wp-json\/wp\/v2\/pages"}],"about":[{"href":"https:\/\/www.cfppa.fr\/infocampus\/wp-json\/wp\/v2\/types\/page"}],"author":[{"embeddable":true,"href":"https:\/\/www.cfppa.fr\/infocampus\/wp-json\/wp\/v2\/users\/1"}],"replies":[{"embeddable":true,"href":"https:\/\/www.cfppa.fr\/infocampus\/wp-json\/wp\/v2\/comments?post=370"}],"version-history":[{"count":0,"href":"https:\/\/www.cfppa.fr\/infocampus\/wp-json\/wp\/v2\/pages\/370\/revisions"}],"up":[{"embeddable":true,"href":"https:\/\/www.cfppa.fr\/infocampus\/wp-json\/wp\/v2\/pages\/154"}],"wp:attachment":[{"href":"https:\/\/www.cfppa.fr\/infocampus\/wp-json\/wp\/v2\/media?parent=370"}],"curies":[{"name":"wp","href":"https:\/\/api.w.org\/{rel}","templated":true}]}}