{"id":250,"date":"2013-09-16T09:28:41","date_gmt":"2013-09-16T07:28:41","guid":{"rendered":"http:\/\/www.cfppa.fr\/infocampus\/?page_id=250"},"modified":"2014-06-07T07:56:54","modified_gmt":"2014-06-07T05:56:54","slug":"elements-danalyse","status":"publish","type":"page","link":"https:\/\/www.cfppa.fr\/infocampus\/elements-danalyse\/","title":{"rendered":"\u00c9l\u00e9ments d&#8217;analyse"},"content":{"rendered":"<p><b>Tableau de comparaison des annuit\u00e9s (capital rembours\u00e9 + frais financiers)\u00a0 et des amortissements<\/b><\/p>\n<p>Pourquoi ? : Logiquement les annuit\u00e9s doivent couvrir la charge amortissement ( les amortissements sont des charges mais pas une d\u00e9pense)<\/p>\n<p>S&#8217;il existe un diff\u00e9rentiel il faut s&#8217;interroger ? \u00a0 \u00a0 \u00a0 \u00a0 \u00a0 \u00a0.<\/p>\n<p><a href=\"http:\/\/www.cfppa.fr\/infocampus\/wp-content\/uploads\/2013\/09\/annuit\u00e9s_amo.png\"><img decoding=\"async\" class=\"aligncenter size-medium wp-image-254 lazyload\" data-src=\"http:\/\/www.cfppa.fr\/infocampus\/wp-content\/uploads\/2013\/09\/annuit\u00e9s_amo-300x180.png\" alt=\"annuit\u00e9s_amo\" width=\"300\" height=\"180\" data-srcset=\"https:\/\/www.cfppa.fr\/infocampus\/wp-content\/uploads\/2013\/09\/annuit\u00e9s_amo-300x180.png 300w, https:\/\/www.cfppa.fr\/infocampus\/wp-content\/uploads\/2013\/09\/annuit\u00e9s_amo.png 752w\" data-sizes=\"(max-width: 300px) 100vw, 300px\" src=\"data:image\/svg+xml;base64,PHN2ZyB3aWR0aD0iMSIgaGVpZ2h0PSIxIiB4bWxucz0iaHR0cDovL3d3dy53My5vcmcvMjAwMC9zdmciPjwvc3ZnPg==\" style=\"--smush-placeholder-width: 300px; --smush-placeholder-aspect-ratio: 300\/180;\" \/><\/a>Dans le graphique ci-dessus, pendant les ann\u00e9es 2013-2014 on augmente la tr\u00e9sorerie .<\/p>\n<p>Pendant les ann\u00e9es 2015-2017 on d\u00e9grade la tr\u00e9sorerie ( on doit pr\u00e9lever dans le fonds de roulement s\u2019il existe\u00a0!)<\/p>\n<p>Ce tableau doit vous permettre de justifier le d\u00e9but de votre projet (poids des annuit\u00e9s dans la tr\u00e9sorerie) et savoir si vous pouvez rembourser de nouvelles annuit\u00e9s !<\/p>\n<p>Pour cela, il convient de v\u00e9rifier que l\u2019EBE permet de rembourser les annuit\u00e9s\u00a0: le ration annuit\u00e9s\/EBE doit \u00eatre inf\u00e9rieur \u00e0 60% .<\/p>\n<p>Attention ce ratio s\u2019interpr\u00e8te en fonction des 40% restant et du niveau de vie des exploitants !<\/p>\n<p>&nbsp;<\/p>\n<p>Un EBE seul, ne veut rien dire . Ici le cas A avec un EBE de 100\u00a0000\u20ac semble \u00eatre une entreprise ayant une bonne situation.<\/p>\n<p><a href=\"http:\/\/www.cfppa.fr\/infocampus\/wp-content\/uploads\/2013\/09\/ebe.png\"><img decoding=\"async\" class=\"aligncenter size-medium wp-image-253 lazyload\" data-src=\"http:\/\/www.cfppa.fr\/infocampus\/wp-content\/uploads\/2013\/09\/ebe-300x180.png\" alt=\"ebe\" width=\"300\" height=\"180\" data-srcset=\"https:\/\/www.cfppa.fr\/infocampus\/wp-content\/uploads\/2013\/09\/ebe-300x180.png 300w, https:\/\/www.cfppa.fr\/infocampus\/wp-content\/uploads\/2013\/09\/ebe.png 752w\" data-sizes=\"(max-width: 300px) 100vw, 300px\" src=\"data:image\/svg+xml;base64,PHN2ZyB3aWR0aD0iMSIgaGVpZ2h0PSIxIiB4bWxucz0iaHR0cDovL3d3dy53My5vcmcvMjAwMC9zdmciPjwvc3ZnPg==\" style=\"--smush-placeholder-width: 300px; --smush-placeholder-aspect-ratio: 300\/180;\" \/><\/a>Mais si on calcule son revenu disponible ( EBE \u2013(annuit\u00e9s +Ffi CT) ) on le trouve plus faible que le cas B . Le revenu disponible \u00e9tant la somme que le chef d\u2019exploitation peut disposer pour ses pr\u00e9l\u00e8vements priv\u00e9s \u00a0et assurer de nouveaux investissements ou pr\u00e9venir des coups durs .<\/p>\n<p>&nbsp;<\/p>\n<p>Une CIFI n\u00e9gative peut s\u2019expliquer une ann\u00e9e par des besoins \u00ab\u00a0extraordinaires\u00a0\u00bb du chef d\u2019exploitation, aussi \u00a0convient-il \u00a0d\u2019\u00e9tudier ces variations sur 3 \u00e0 5 ans.<\/p>\n<p>&nbsp;<\/p>\n<p>Si\u00a0 l\u2019EBE est trop faible pour d\u00e9gager un revenu disponible correct, il faut s\u2019attarder sur sa construction\u00a0: ce sont des produits moins certaines charges (op\u00e9rationnelles et structures \u2013hors financiers et amortissements) .<\/p>\n<p><strong>\u00a0Co\u00fbt de production , prix seuil, prix de revient , b\u00e9n\u00e9fice &#8230;\u00a0<\/strong><\/p>\n<p>Pour analyser le syst\u00e8me, il convient d\u2019\u00e9valuer <b>le co\u00fbt de production<\/b> ( \u00e0 la tonne ou au kilo) . Pour cela vous devez affecter les charges aux diverses productions (ex la charge frais v\u00e9to est destin\u00e9e aux productions animales\u00a0et non aux productions v\u00e9g\u00e9tales\u00a0! sinon je demande une explication\u00a0! )<\/p>\n<p>Pour les charges dites de structure, il faut trouver des cl\u00e9s de r\u00e9partition\u00a0 les plus pr\u00e9cises possibles.<\/p>\n<p>(La charge \u00ab\u00a0amortissements\u00a0\u00bb \u00e9tant \u00e0 commenter de fa\u00e7on particuli\u00e8re. Vous ne devez pas inclure dans un premier temps les pr\u00e9l\u00e8vements priv\u00e9s)<\/p>\n<p><a href=\"http:\/\/www.cfppa.fr\/infocampus\/wp-content\/uploads\/2013\/09\/prix.png\"><img decoding=\"async\" class=\"aligncenter size-medium wp-image-330 lazyload\" data-src=\"http:\/\/www.cfppa.fr\/infocampus\/wp-content\/uploads\/2013\/09\/prix-300x180.png\" alt=\"prix\" width=\"300\" height=\"180\" data-srcset=\"https:\/\/www.cfppa.fr\/infocampus\/wp-content\/uploads\/2013\/09\/prix-300x180.png 300w, https:\/\/www.cfppa.fr\/infocampus\/wp-content\/uploads\/2013\/09\/prix.png 752w\" data-sizes=\"(max-width: 300px) 100vw, 300px\" src=\"data:image\/svg+xml;base64,PHN2ZyB3aWR0aD0iMSIgaGVpZ2h0PSIxIiB4bWxucz0iaHR0cDovL3d3dy53My5vcmcvMjAwMC9zdmciPjwvc3ZnPg==\" style=\"--smush-placeholder-width: 300px; --smush-placeholder-aspect-ratio: 300\/180;\" \/><\/a><\/p>\n<p>Pour d\u00e9terminer le prix seuil, il convient de diminuer le co\u00fbt de production\u00a0 du montant des aides<\/p>\n<p>&nbsp;<\/p>\n<p>Pour le prix de revient, on int\u00e8gre la r\u00e9mun\u00e9ration du travail de l\u2019exploitant.<\/p>\n<p>Et donc la diff\u00e9rence entre le prix de vente et le prix de revient s\u2019appelle un b\u00e9n\u00e9fice ou une perte\u00a0! En cas de b\u00e9n\u00e9fice, le chef d\u2019entreprise peut \u00a0le pr\u00e9lever ou le mettre de cot\u00e9 pour investir ou assurer une tr\u00e9sorerie.<\/p>\n","protected":false},"excerpt":{"rendered":"<p>Tableau de comparaison des annuit\u00e9s (capital rembours\u00e9 + frais financiers)\u00a0 et des amortissements Pourquoi ? : Logiquement les annuit\u00e9s doivent couvrir la charge amortissement ( les amortissements sont des charges mais pas une d\u00e9pense) S&#8217;il existe un diff\u00e9rentiel il faut s&#8217;interroger ? \u00a0 \u00a0 \u00a0 \u00a0 \u00a0 \u00a0. Dans le &hellip;<\/p>\n","protected":false},"author":1,"featured_media":0,"parent":0,"menu_order":0,"comment_status":"open","ping_status":"open","template":"","meta":{"_crdt_document":"","footnotes":""},"class_list":["post-250","page","type-page","status-publish","hentry"],"yoast_head":"<!-- This site is optimized with the Yoast SEO plugin v27.4 - https:\/\/yoast.com\/product\/yoast-seo-wordpress\/ -->\n<title>\u00c9l\u00e9ments d&#039;analyse - Info campus CFPPA<\/title>\n<meta name=\"robots\" content=\"index, follow, max-snippet:-1, max-image-preview:large, max-video-preview:-1\" \/>\n<link rel=\"canonical\" href=\"https:\/\/www.cfppa.fr\/infocampus\/elements-danalyse\/\" \/>\n<meta property=\"og:locale\" content=\"fr_FR\" \/>\n<meta property=\"og:type\" content=\"article\" \/>\n<meta property=\"og:title\" content=\"\u00c9l\u00e9ments d&#039;analyse - Info campus CFPPA\" \/>\n<meta property=\"og:description\" content=\"Tableau de comparaison des annuit\u00e9s (capital rembours\u00e9 + frais financiers)\u00a0 et des amortissements Pourquoi ? : Logiquement les annuit\u00e9s doivent couvrir la charge amortissement ( les amortissements sont des charges mais pas une d\u00e9pense) S&#8217;il existe un diff\u00e9rentiel il faut s&#8217;interroger ? \u00a0 \u00a0 \u00a0 \u00a0 \u00a0 \u00a0. Dans le &hellip;\" \/>\n<meta property=\"og:url\" content=\"https:\/\/www.cfppa.fr\/infocampus\/elements-danalyse\/\" \/>\n<meta property=\"og:site_name\" content=\"Info campus CFPPA\" \/>\n<meta property=\"article:modified_time\" content=\"2014-06-07T05:56:54+00:00\" \/>\n<meta property=\"og:image\" content=\"http:\/\/www.cfppa.fr\/infocampus\/wp-content\/uploads\/2013\/09\/ebe-300x180.png\" \/>\n<meta name=\"twitter:label1\" content=\"Dur\u00e9e de lecture estim\u00e9e\" \/>\n\t<meta name=\"twitter:data1\" content=\"2 minutes\" \/>\n<script type=\"application\/ld+json\" class=\"yoast-schema-graph\">{\"@context\":\"https:\\\/\\\/schema.org\",\"@graph\":[{\"@type\":\"WebPage\",\"@id\":\"https:\\\/\\\/www.cfppa.fr\\\/infocampus\\\/elements-danalyse\\\/\",\"url\":\"https:\\\/\\\/www.cfppa.fr\\\/infocampus\\\/elements-danalyse\\\/\",\"name\":\"\u00c9l\u00e9ments d'analyse - Info campus CFPPA\",\"isPartOf\":{\"@id\":\"http:\\\/\\\/www.cfppa.fr\\\/infocampus\\\/#website\"},\"primaryImageOfPage\":{\"@id\":\"https:\\\/\\\/www.cfppa.fr\\\/infocampus\\\/elements-danalyse\\\/#primaryimage\"},\"image\":{\"@id\":\"https:\\\/\\\/www.cfppa.fr\\\/infocampus\\\/elements-danalyse\\\/#primaryimage\"},\"thumbnailUrl\":\"http:\\\/\\\/www.cfppa.fr\\\/infocampus\\\/wp-content\\\/uploads\\\/2013\\\/09\\\/ebe-300x180.png\",\"datePublished\":\"2013-09-16T07:28:41+00:00\",\"dateModified\":\"2014-06-07T05:56:54+00:00\",\"breadcrumb\":{\"@id\":\"https:\\\/\\\/www.cfppa.fr\\\/infocampus\\\/elements-danalyse\\\/#breadcrumb\"},\"inLanguage\":\"fr-FR\",\"potentialAction\":[{\"@type\":\"ReadAction\",\"target\":[\"https:\\\/\\\/www.cfppa.fr\\\/infocampus\\\/elements-danalyse\\\/\"]}]},{\"@type\":\"ImageObject\",\"inLanguage\":\"fr-FR\",\"@id\":\"https:\\\/\\\/www.cfppa.fr\\\/infocampus\\\/elements-danalyse\\\/#primaryimage\",\"url\":\"https:\\\/\\\/www.cfppa.fr\\\/infocampus\\\/wp-content\\\/uploads\\\/2013\\\/09\\\/ebe.png\",\"contentUrl\":\"https:\\\/\\\/www.cfppa.fr\\\/infocampus\\\/wp-content\\\/uploads\\\/2013\\\/09\\\/ebe.png\",\"width\":752,\"height\":452},{\"@type\":\"BreadcrumbList\",\"@id\":\"https:\\\/\\\/www.cfppa.fr\\\/infocampus\\\/elements-danalyse\\\/#breadcrumb\",\"itemListElement\":[{\"@type\":\"ListItem\",\"position\":1,\"name\":\"Accueil\",\"item\":\"http:\\\/\\\/www.cfppa.fr\\\/infocampus\\\/\"},{\"@type\":\"ListItem\",\"position\":2,\"name\":\"\u00c9l\u00e9ments d&#8217;analyse\"}]},{\"@type\":\"WebSite\",\"@id\":\"http:\\\/\\\/www.cfppa.fr\\\/infocampus\\\/#website\",\"url\":\"http:\\\/\\\/www.cfppa.fr\\\/infocampus\\\/\",\"name\":\"Info campus CFPPA\",\"description\":\"Un site \u00e0 la page\",\"publisher\":{\"@id\":\"http:\\\/\\\/www.cfppa.fr\\\/infocampus\\\/#organization\"},\"potentialAction\":[{\"@type\":\"SearchAction\",\"target\":{\"@type\":\"EntryPoint\",\"urlTemplate\":\"http:\\\/\\\/www.cfppa.fr\\\/infocampus\\\/?s={search_term_string}\"},\"query-input\":{\"@type\":\"PropertyValueSpecification\",\"valueRequired\":true,\"valueName\":\"search_term_string\"}}],\"inLanguage\":\"fr-FR\"},{\"@type\":\"Organization\",\"@id\":\"http:\\\/\\\/www.cfppa.fr\\\/infocampus\\\/#organization\",\"name\":\"CFPPA de bourges\",\"url\":\"http:\\\/\\\/www.cfppa.fr\\\/infocampus\\\/\",\"logo\":{\"@type\":\"ImageObject\",\"inLanguage\":\"fr-FR\",\"@id\":\"http:\\\/\\\/www.cfppa.fr\\\/infocampus\\\/#\\\/schema\\\/logo\\\/image\\\/\",\"url\":\"https:\\\/\\\/www.cfppa.fr\\\/infocampus\\\/wp-content\\\/uploads\\\/2013\\\/09\\\/logo_ministerecfppa.png\",\"contentUrl\":\"https:\\\/\\\/www.cfppa.fr\\\/infocampus\\\/wp-content\\\/uploads\\\/2013\\\/09\\\/logo_ministerecfppa.png\",\"width\":1,\"height\":1,\"caption\":\"CFPPA de bourges\"},\"image\":{\"@id\":\"http:\\\/\\\/www.cfppa.fr\\\/infocampus\\\/#\\\/schema\\\/logo\\\/image\\\/\"}}]}<\/script>\n<!-- \/ Yoast SEO plugin. -->","yoast_head_json":{"title":"\u00c9l\u00e9ments d'analyse - Info campus CFPPA","robots":{"index":"index","follow":"follow","max-snippet":"max-snippet:-1","max-image-preview":"max-image-preview:large","max-video-preview":"max-video-preview:-1"},"canonical":"https:\/\/www.cfppa.fr\/infocampus\/elements-danalyse\/","og_locale":"fr_FR","og_type":"article","og_title":"\u00c9l\u00e9ments d'analyse - Info campus CFPPA","og_description":"Tableau de comparaison des annuit\u00e9s (capital rembours\u00e9 + frais financiers)\u00a0 et des amortissements Pourquoi ? : Logiquement les annuit\u00e9s doivent couvrir la charge amortissement ( les amortissements sont des charges mais pas une d\u00e9pense) S&#8217;il existe un diff\u00e9rentiel il faut s&#8217;interroger ? \u00a0 \u00a0 \u00a0 \u00a0 \u00a0 \u00a0. Dans le &hellip;","og_url":"https:\/\/www.cfppa.fr\/infocampus\/elements-danalyse\/","og_site_name":"Info campus CFPPA","article_modified_time":"2014-06-07T05:56:54+00:00","og_image":[{"url":"http:\/\/www.cfppa.fr\/infocampus\/wp-content\/uploads\/2013\/09\/ebe-300x180.png","type":"","width":"","height":""}],"twitter_misc":{"Dur\u00e9e de lecture estim\u00e9e":"2 minutes"},"schema":{"@context":"https:\/\/schema.org","@graph":[{"@type":"WebPage","@id":"https:\/\/www.cfppa.fr\/infocampus\/elements-danalyse\/","url":"https:\/\/www.cfppa.fr\/infocampus\/elements-danalyse\/","name":"\u00c9l\u00e9ments d'analyse - Info campus CFPPA","isPartOf":{"@id":"http:\/\/www.cfppa.fr\/infocampus\/#website"},"primaryImageOfPage":{"@id":"https:\/\/www.cfppa.fr\/infocampus\/elements-danalyse\/#primaryimage"},"image":{"@id":"https:\/\/www.cfppa.fr\/infocampus\/elements-danalyse\/#primaryimage"},"thumbnailUrl":"http:\/\/www.cfppa.fr\/infocampus\/wp-content\/uploads\/2013\/09\/ebe-300x180.png","datePublished":"2013-09-16T07:28:41+00:00","dateModified":"2014-06-07T05:56:54+00:00","breadcrumb":{"@id":"https:\/\/www.cfppa.fr\/infocampus\/elements-danalyse\/#breadcrumb"},"inLanguage":"fr-FR","potentialAction":[{"@type":"ReadAction","target":["https:\/\/www.cfppa.fr\/infocampus\/elements-danalyse\/"]}]},{"@type":"ImageObject","inLanguage":"fr-FR","@id":"https:\/\/www.cfppa.fr\/infocampus\/elements-danalyse\/#primaryimage","url":"https:\/\/www.cfppa.fr\/infocampus\/wp-content\/uploads\/2013\/09\/ebe.png","contentUrl":"https:\/\/www.cfppa.fr\/infocampus\/wp-content\/uploads\/2013\/09\/ebe.png","width":752,"height":452},{"@type":"BreadcrumbList","@id":"https:\/\/www.cfppa.fr\/infocampus\/elements-danalyse\/#breadcrumb","itemListElement":[{"@type":"ListItem","position":1,"name":"Accueil","item":"http:\/\/www.cfppa.fr\/infocampus\/"},{"@type":"ListItem","position":2,"name":"\u00c9l\u00e9ments d&#8217;analyse"}]},{"@type":"WebSite","@id":"http:\/\/www.cfppa.fr\/infocampus\/#website","url":"http:\/\/www.cfppa.fr\/infocampus\/","name":"Info campus CFPPA","description":"Un site \u00e0 la page","publisher":{"@id":"http:\/\/www.cfppa.fr\/infocampus\/#organization"},"potentialAction":[{"@type":"SearchAction","target":{"@type":"EntryPoint","urlTemplate":"http:\/\/www.cfppa.fr\/infocampus\/?s={search_term_string}"},"query-input":{"@type":"PropertyValueSpecification","valueRequired":true,"valueName":"search_term_string"}}],"inLanguage":"fr-FR"},{"@type":"Organization","@id":"http:\/\/www.cfppa.fr\/infocampus\/#organization","name":"CFPPA de bourges","url":"http:\/\/www.cfppa.fr\/infocampus\/","logo":{"@type":"ImageObject","inLanguage":"fr-FR","@id":"http:\/\/www.cfppa.fr\/infocampus\/#\/schema\/logo\/image\/","url":"https:\/\/www.cfppa.fr\/infocampus\/wp-content\/uploads\/2013\/09\/logo_ministerecfppa.png","contentUrl":"https:\/\/www.cfppa.fr\/infocampus\/wp-content\/uploads\/2013\/09\/logo_ministerecfppa.png","width":1,"height":1,"caption":"CFPPA de bourges"},"image":{"@id":"http:\/\/www.cfppa.fr\/infocampus\/#\/schema\/logo\/image\/"}}]}},"_links":{"self":[{"href":"https:\/\/www.cfppa.fr\/infocampus\/wp-json\/wp\/v2\/pages\/250","targetHints":{"allow":["GET"]}}],"collection":[{"href":"https:\/\/www.cfppa.fr\/infocampus\/wp-json\/wp\/v2\/pages"}],"about":[{"href":"https:\/\/www.cfppa.fr\/infocampus\/wp-json\/wp\/v2\/types\/page"}],"author":[{"embeddable":true,"href":"https:\/\/www.cfppa.fr\/infocampus\/wp-json\/wp\/v2\/users\/1"}],"replies":[{"embeddable":true,"href":"https:\/\/www.cfppa.fr\/infocampus\/wp-json\/wp\/v2\/comments?post=250"}],"version-history":[{"count":0,"href":"https:\/\/www.cfppa.fr\/infocampus\/wp-json\/wp\/v2\/pages\/250\/revisions"}],"wp:attachment":[{"href":"https:\/\/www.cfppa.fr\/infocampus\/wp-json\/wp\/v2\/media?parent=250"}],"curies":[{"name":"wp","href":"https:\/\/api.w.org\/{rel}","templated":true}]}}