{"id":224,"date":"2013-09-15T10:12:38","date_gmt":"2013-09-15T08:12:38","guid":{"rendered":"http:\/\/www.cfppa.fr\/infocampus\/?page_id=224"},"modified":"2015-11-29T11:57:07","modified_gmt":"2015-11-29T10:57:07","slug":"analyse-entreprise","status":"publish","type":"page","link":"https:\/\/www.cfppa.fr\/infocampus\/analyse-entreprise\/","title":{"rendered":"Analyse entreprise"},"content":{"rendered":"<p style=\"text-align: center;\"><strong>Comment analyser une entreprise ?\u00a0<\/strong><\/p>\n<p><a title=\"Rapport BTSA ACSE\" href=\"http:\/\/www.cfppa.fr\/infocampus\/?page_id=223\">cf. les consignes pour r\u00e9aliser le rapport de stage (BTSA ACSE)\u00a0<\/a>\u00a0ancien BTS le nouveau va arriver !\u00a0 \ud83d\ude1b<\/p>\n<p>Le nouveau rapport (45 pages maxi) est bas\u00e9 sur l&#8217;analyse de l&#8217;entreprise et de son chef d&#8217;entreprise ( soit une analyse strat\u00e9gique!) .<\/p>\n<p>Pour r\u00e9aliser cela il convient toujours de partir du sch\u00e9ma de fonctionnement \u00a0qui doit servir de plan pour votre rapport de stage .<\/p>\n<p>&nbsp;<\/p>\n<ul style=\"list-style-type: circle;\">\n<li><span style=\"color: #ff0000;\">R\u00e9alisation du \u00a0sch\u00e9ma de fonctionnement :<\/span><\/li>\n<\/ul>\n<p>Il vous permet de structurer votre analyse . Il faut d\u00e9gager les finalit\u00e9s du chef d&#8217;entreprise ( G\u00e9n\u00e9ralement, elles \u00e9voluent dans le temps , en d\u00e9but de carri\u00e8re, on cherche un revenu , en fin de carri\u00e8re on veut transmettre !)<\/p>\n<p>Ces finalit\u00e9s ont induit des d\u00e9cisions pour atteindre des objectifs .<\/p>\n<p>Dans un premier temps, faites une liste de toutes les d\u00e9cisions qui ont \u00e9t\u00e9 prises &#8211; avec la date de la d\u00e9cision-. Puis il convient de les organiser pour trouver les objectifs et les finalit\u00e9s .<\/p>\n<p>Pour cela, vous pouvez utiliser un logiciel type <a href=\"http:\/\/www.xmind.net\/\" target=\"_blank\">XMIND\u00a0<\/a><\/p>\n<p><a href=\"http:\/\/www.cfppa.fr\/infocampus\/wp-content\/uploads\/2013\/09\/schema-fonction-.jpg\"><img decoding=\"async\" class=\"aligncenter size-medium wp-image-235 lazyload\" data-src=\"http:\/\/www.cfppa.fr\/infocampus\/wp-content\/uploads\/2013\/09\/schema-fonction--300x137.jpg\" alt=\"schema fonction\" width=\"300\" height=\"137\" data-srcset=\"https:\/\/www.cfppa.fr\/infocampus\/wp-content\/uploads\/2013\/09\/schema-fonction--300x137.jpg 300w, https:\/\/www.cfppa.fr\/infocampus\/wp-content\/uploads\/2013\/09\/schema-fonction-.jpg 981w\" data-sizes=\"(max-width: 300px) 100vw, 300px\" src=\"data:image\/svg+xml;base64,PHN2ZyB3aWR0aD0iMSIgaGVpZ2h0PSIxIiB4bWxucz0iaHR0cDovL3d3dy53My5vcmcvMjAwMC9zdmciPjwvc3ZnPg==\" style=\"--smush-placeholder-width: 300px; --smush-placeholder-aspect-ratio: 300\/137;\" \/><\/a><\/p>\n<p>&nbsp;<\/p>\n<p>Posez-vous la question : <span style=\"color: #ff0000;\"><strong>POURQUOI?\u00a0<\/strong><\/span><\/p>\n<p>Pourquoi le chef d&#8217;entreprise a-t-il pris cette d\u00e9cision ? et soyez logique ! Par contre certaines d\u00e9cisions d\u00e9pendent de l&#8217;environnement , de la PAC , de la climatologie etc &#8230;<\/p>\n<ul style=\"list-style-type: circle;\">\n<li><span style=\"color: #ff0000;\">Un plan type\u00a0<\/span><\/li>\n<\/ul>\n<p>Pas de plan type , mais une suite logique :<\/p>\n<ol style=\"list-style-type: upper-alpha;\">\n<li><span style=\"color: #ff6600;\">Les finalit\u00e9s<\/span> qui doivent vous permettre de comprendre la &#8220;philosophie&#8221; \u00a0de vie de votre exploitant .\n<ol>\n<li>G\u00e9n\u00e9ralement 1 \u00e0 3 finalit\u00e9s ( une autour du revenu, une sur le temps de travail \u00a0et une sur le patrimoine par exemple , mais cela reste des exemples !)<\/li>\n<li>Vous avez des incontournables dans cette partie :\n<ol>\n<li>Le revenu ? : n&#8217;oubliez pas que vous analysez une entreprise \u00a0qui doit faire vivre une famille ! Un EBE n&#8217;est pas un revenu ! \u00a0L&#8217;approche revenu disponible est a priori une approche de professionnel (mais n&#8217;oubliez pas les autres revenus : courant , d\u2019exploitation etc .., vous devez connaitre leurs limites !)<\/li>\n<li>Le revenu disponible doit servir \u00e0 faire vivre la famille (et rembourser les emprunts \u00e0 titre priv\u00e9s ) et offrir la possibilit\u00e9 d&#8217;investir dans le syst\u00e8me ou de faire face \u00e0 des impr\u00e9vus (notion de marges de s\u00e9curit\u00e9 &#8211; 10% de l&#8217;EBE en th\u00e9orie )<\/li>\n<li>Le calendrier des temps de travaux<\/li>\n<li>Les prix d&#8217;\u00e9quilibre a analyser en fonction des charges op\u00e9rationnelles et de structure<\/li>\n<li>La petite r\u00e9gion qui doit expliquer \u00a0des choix de cultures et de fonctionnement<\/li>\n<\/ol>\n<\/li>\n<\/ol>\n<\/li>\n<li><span style=\"color: #ff6600;\">L&#8217;analyse<\/span> points forts \/ points faibles ( interne \u00e0 l&#8217;entreprise) \u00a0&#8211; menaces et opportunit\u00e9 (externe \u00e0 l&#8217;entreprise) \u00a0pour chaque objectif ou finalit\u00e9<br \/>\n<table>\n<tbody>\n<tr>\n<td style=\"text-align: center;\"><\/td>\n<td style=\"text-align: center;\">Points Forts<\/td>\n<td style=\"text-align: center;\">Points Faibles<\/td>\n<\/tr>\n<tr>\n<td style=\"text-align: center;\">EN Interne \u00a0\u00e0 l&#8217;entreprise<\/td>\n<td style=\"text-align: center;\"><\/td>\n<td style=\"text-align: center;\"><\/td>\n<\/tr>\n<tr>\n<td style=\"text-align: center;\"><\/td>\n<td style=\"text-align: center;\">Opportunit\u00e9<\/td>\n<td style=\"text-align: center;\">Menaces<\/td>\n<\/tr>\n<tr>\n<td style=\"text-align: center;\">Externe \u00e0 l&#8217;entreprise<\/td>\n<td style=\"text-align: center;\">ou atouts<\/td>\n<td style=\"text-align: center;\">ou contraintes<\/td>\n<\/tr>\n<\/tbody>\n<\/table>\n<\/li>\n<li><span style=\"color: #ff6600;\">L&#8217;analyse \u00e9conomique et financi\u00e8re<\/span> du syst\u00e8me qui d\u00e9coule de l&#8217;analyse des marges et prix seuil \/ prix d\u2019\u00e9quilibre .Ici , vous devez d\u00e9terminer si l&#8217;entreprise est en capacit\u00e9 &#8220;financi\u00e8re&#8221; de r\u00e9aliser un ou des projets<\/li>\n<li>Et enfin <span style=\"color: #ff6600;\">le ou les projets<\/span> : il convient d&#8217;\u00e9mettre plusieurs projets qui d\u00e9coulent de votre analyse (finalit\u00e9s ou financi\u00e8re et eco) et de d\u00e9velopper un projet qui doit \u00eatre en accord avec votre analyse .<\/li>\n<\/ol>\n<p>&nbsp;<\/p>\n<p><a href=\"http:\/\/www.xmind.net\/m\/Vr9h\/\" target=\"_blank\">L&#8217;analyse de l&#8217;EBE \u00a0: les bonnes questions !\u00a0<\/a><\/p>\n<p>&nbsp;<\/p>\n<p><a href=\"http:\/\/www.xmind.net\/m\/hLEZ\/\">Le fonds de roulement et son besoin \u00a0passent par la tr\u00e9sorerie !<\/a><\/p>\n<p>&nbsp;<\/p>\n<p><span style=\"font-size: 12pt; color: #00ff00;\"><strong>La tr\u00e9sorerie : le nerf de la guerre !\u00a0<\/strong><\/span><\/p>\n<p>Un \u00e9bauche sous excel pour calculer l<a title=\"Tr\u00e9sorerie et prix seuil \u00e9quilibre\" href=\"http:\/\/www.cfppa.fr\/infocampus\/wp-content\/uploads\/2014\/05\/Tresorerie.xlsx\" target=\"_blank\">e budget de tr\u00e9sorerie et les prix d&#8217;\u00e9quilibre<\/a><\/p>\n<p>Connaitre l&#8217;\u00e9volution de la tr\u00e9sorerie est indispensable pour construire un projet , on peut \u00e9galement comprendre pourquoi il y a des frais financiers importants ! (en effet dans certaines entreprises agricoles, la tr\u00e9sorerie est \u00a0n\u00e9gative sur une dur\u00e9e relativement importante de l&#8217;ann\u00e9e ) !<\/p>\n<p>L&#8217;analyse de budget mensuel de tr\u00e9sorerie est un incontournable, si nous voulons comprendre comment fonctionne l&#8217;entreprise agricole : n&#8217;oubliez pas que dans certaines productions les rentr\u00e9es d&#8217;argent sont une ou deux fois par an !! exemple en syst\u00e8me allaitant traditionnel , les ventes sont concentr\u00e9s vers septembre d\u00e9cembre !<\/p>\n<p>Le fichier excel vous permettra \u00e9galement d&#8217;approcher la notion de prix seuil, prix d&#8217;\u00e9quilibre. Vu les fluctuations des march\u00e9s des intrants, il serait prudent d&#8217;approfondir ces notions qui sont des bases pour les syst\u00e8mes industriels !<\/p>\n<p><strong><span style=\"color: #ff0000;\">Vous produisez un kg de viande \u00e0 quel prix ????\u00a0<\/span><\/strong><\/p>\n<p>Logiquement, vous devriez le connaitre pour savoir \u00e0 quel prix, vous devez vendre !<\/p>\n","protected":false},"excerpt":{"rendered":"<p>Comment analyser une entreprise ?\u00a0 cf. les consignes pour r\u00e9aliser le rapport de stage (BTSA ACSE)\u00a0\u00a0ancien BTS le nouveau va arriver !\u00a0 \ud83d\ude1b Le nouveau rapport (45 pages maxi) est bas\u00e9 sur l&#8217;analyse de l&#8217;entreprise et de son chef d&#8217;entreprise ( soit une analyse strat\u00e9gique!) . Pour r\u00e9aliser cela il &hellip;<\/p>\n","protected":false},"author":1,"featured_media":0,"parent":0,"menu_order":0,"comment_status":"open","ping_status":"open","template":"","meta":{"_crdt_document":"","footnotes":""},"class_list":["post-224","page","type-page","status-publish","hentry"],"yoast_head":"<!-- This site is optimized with the Yoast SEO plugin v27.4 - https:\/\/yoast.com\/product\/yoast-seo-wordpress\/ -->\n<title>Analyse entreprise - Info campus CFPPA<\/title>\n<meta name=\"description\" content=\"des consignes pour r\u00e9aliser une bonne analyse d&#039;entreprise en formation BTSA ACSE ou autre\" \/>\n<meta name=\"robots\" content=\"index, follow, max-snippet:-1, max-image-preview:large, max-video-preview:-1\" \/>\n<link rel=\"canonical\" href=\"https:\/\/www.cfppa.fr\/infocampus\/analyse-entreprise\/\" \/>\n<meta property=\"og:locale\" content=\"fr_FR\" \/>\n<meta property=\"og:type\" content=\"article\" \/>\n<meta property=\"og:title\" content=\"Analyse entreprise - Info campus CFPPA\" \/>\n<meta property=\"og:description\" content=\"des consignes pour r\u00e9aliser une bonne analyse d&#039;entreprise en formation BTSA ACSE ou autre\" \/>\n<meta property=\"og:url\" content=\"https:\/\/www.cfppa.fr\/infocampus\/analyse-entreprise\/\" \/>\n<meta property=\"og:site_name\" content=\"Info campus CFPPA\" \/>\n<meta property=\"article:modified_time\" content=\"2015-11-29T10:57:07+00:00\" \/>\n<meta property=\"og:image\" content=\"http:\/\/www.cfppa.fr\/infocampus\/wp-content\/uploads\/2013\/09\/schema-fonction--300x137.jpg\" \/>\n<meta name=\"twitter:label1\" content=\"Dur\u00e9e de lecture estim\u00e9e\" \/>\n\t<meta name=\"twitter:data1\" content=\"4 minutes\" \/>\n<script type=\"application\/ld+json\" class=\"yoast-schema-graph\">{\"@context\":\"https:\\\/\\\/schema.org\",\"@graph\":[{\"@type\":\"WebPage\",\"@id\":\"https:\\\/\\\/www.cfppa.fr\\\/infocampus\\\/analyse-entreprise\\\/\",\"url\":\"https:\\\/\\\/www.cfppa.fr\\\/infocampus\\\/analyse-entreprise\\\/\",\"name\":\"Analyse entreprise - Info campus CFPPA\",\"isPartOf\":{\"@id\":\"http:\\\/\\\/www.cfppa.fr\\\/infocampus\\\/#website\"},\"primaryImageOfPage\":{\"@id\":\"https:\\\/\\\/www.cfppa.fr\\\/infocampus\\\/analyse-entreprise\\\/#primaryimage\"},\"image\":{\"@id\":\"https:\\\/\\\/www.cfppa.fr\\\/infocampus\\\/analyse-entreprise\\\/#primaryimage\"},\"thumbnailUrl\":\"http:\\\/\\\/www.cfppa.fr\\\/infocampus\\\/wp-content\\\/uploads\\\/2013\\\/09\\\/schema-fonction--300x137.jpg\",\"datePublished\":\"2013-09-15T08:12:38+00:00\",\"dateModified\":\"2015-11-29T10:57:07+00:00\",\"description\":\"des consignes pour r\u00e9aliser une bonne analyse d'entreprise en formation BTSA ACSE ou autre\",\"breadcrumb\":{\"@id\":\"https:\\\/\\\/www.cfppa.fr\\\/infocampus\\\/analyse-entreprise\\\/#breadcrumb\"},\"inLanguage\":\"fr-FR\",\"potentialAction\":[{\"@type\":\"ReadAction\",\"target\":[\"https:\\\/\\\/www.cfppa.fr\\\/infocampus\\\/analyse-entreprise\\\/\"]}]},{\"@type\":\"ImageObject\",\"inLanguage\":\"fr-FR\",\"@id\":\"https:\\\/\\\/www.cfppa.fr\\\/infocampus\\\/analyse-entreprise\\\/#primaryimage\",\"url\":\"https:\\\/\\\/www.cfppa.fr\\\/infocampus\\\/wp-content\\\/uploads\\\/2013\\\/09\\\/schema-fonction-.jpg\",\"contentUrl\":\"https:\\\/\\\/www.cfppa.fr\\\/infocampus\\\/wp-content\\\/uploads\\\/2013\\\/09\\\/schema-fonction-.jpg\",\"width\":981,\"height\":450},{\"@type\":\"BreadcrumbList\",\"@id\":\"https:\\\/\\\/www.cfppa.fr\\\/infocampus\\\/analyse-entreprise\\\/#breadcrumb\",\"itemListElement\":[{\"@type\":\"ListItem\",\"position\":1,\"name\":\"Accueil\",\"item\":\"http:\\\/\\\/www.cfppa.fr\\\/infocampus\\\/\"},{\"@type\":\"ListItem\",\"position\":2,\"name\":\"Analyse entreprise\"}]},{\"@type\":\"WebSite\",\"@id\":\"http:\\\/\\\/www.cfppa.fr\\\/infocampus\\\/#website\",\"url\":\"http:\\\/\\\/www.cfppa.fr\\\/infocampus\\\/\",\"name\":\"Info campus CFPPA\",\"description\":\"Un site \u00e0 la page\",\"publisher\":{\"@id\":\"http:\\\/\\\/www.cfppa.fr\\\/infocampus\\\/#organization\"},\"potentialAction\":[{\"@type\":\"SearchAction\",\"target\":{\"@type\":\"EntryPoint\",\"urlTemplate\":\"http:\\\/\\\/www.cfppa.fr\\\/infocampus\\\/?s={search_term_string}\"},\"query-input\":{\"@type\":\"PropertyValueSpecification\",\"valueRequired\":true,\"valueName\":\"search_term_string\"}}],\"inLanguage\":\"fr-FR\"},{\"@type\":\"Organization\",\"@id\":\"http:\\\/\\\/www.cfppa.fr\\\/infocampus\\\/#organization\",\"name\":\"CFPPA de bourges\",\"url\":\"http:\\\/\\\/www.cfppa.fr\\\/infocampus\\\/\",\"logo\":{\"@type\":\"ImageObject\",\"inLanguage\":\"fr-FR\",\"@id\":\"http:\\\/\\\/www.cfppa.fr\\\/infocampus\\\/#\\\/schema\\\/logo\\\/image\\\/\",\"url\":\"https:\\\/\\\/www.cfppa.fr\\\/infocampus\\\/wp-content\\\/uploads\\\/2013\\\/09\\\/logo_ministerecfppa.png\",\"contentUrl\":\"https:\\\/\\\/www.cfppa.fr\\\/infocampus\\\/wp-content\\\/uploads\\\/2013\\\/09\\\/logo_ministerecfppa.png\",\"width\":1,\"height\":1,\"caption\":\"CFPPA de bourges\"},\"image\":{\"@id\":\"http:\\\/\\\/www.cfppa.fr\\\/infocampus\\\/#\\\/schema\\\/logo\\\/image\\\/\"}}]}<\/script>\n<!-- \/ Yoast SEO plugin. -->","yoast_head_json":{"title":"Analyse entreprise - Info campus CFPPA","description":"des consignes pour r\u00e9aliser une bonne analyse d'entreprise en formation BTSA ACSE ou autre","robots":{"index":"index","follow":"follow","max-snippet":"max-snippet:-1","max-image-preview":"max-image-preview:large","max-video-preview":"max-video-preview:-1"},"canonical":"https:\/\/www.cfppa.fr\/infocampus\/analyse-entreprise\/","og_locale":"fr_FR","og_type":"article","og_title":"Analyse entreprise - Info campus CFPPA","og_description":"des consignes pour r\u00e9aliser une bonne analyse d'entreprise en formation BTSA ACSE ou autre","og_url":"https:\/\/www.cfppa.fr\/infocampus\/analyse-entreprise\/","og_site_name":"Info campus CFPPA","article_modified_time":"2015-11-29T10:57:07+00:00","og_image":[{"url":"http:\/\/www.cfppa.fr\/infocampus\/wp-content\/uploads\/2013\/09\/schema-fonction--300x137.jpg","type":"","width":"","height":""}],"twitter_misc":{"Dur\u00e9e de lecture estim\u00e9e":"4 minutes"},"schema":{"@context":"https:\/\/schema.org","@graph":[{"@type":"WebPage","@id":"https:\/\/www.cfppa.fr\/infocampus\/analyse-entreprise\/","url":"https:\/\/www.cfppa.fr\/infocampus\/analyse-entreprise\/","name":"Analyse entreprise - Info campus CFPPA","isPartOf":{"@id":"http:\/\/www.cfppa.fr\/infocampus\/#website"},"primaryImageOfPage":{"@id":"https:\/\/www.cfppa.fr\/infocampus\/analyse-entreprise\/#primaryimage"},"image":{"@id":"https:\/\/www.cfppa.fr\/infocampus\/analyse-entreprise\/#primaryimage"},"thumbnailUrl":"http:\/\/www.cfppa.fr\/infocampus\/wp-content\/uploads\/2013\/09\/schema-fonction--300x137.jpg","datePublished":"2013-09-15T08:12:38+00:00","dateModified":"2015-11-29T10:57:07+00:00","description":"des consignes pour r\u00e9aliser une bonne analyse d'entreprise en formation BTSA ACSE ou autre","breadcrumb":{"@id":"https:\/\/www.cfppa.fr\/infocampus\/analyse-entreprise\/#breadcrumb"},"inLanguage":"fr-FR","potentialAction":[{"@type":"ReadAction","target":["https:\/\/www.cfppa.fr\/infocampus\/analyse-entreprise\/"]}]},{"@type":"ImageObject","inLanguage":"fr-FR","@id":"https:\/\/www.cfppa.fr\/infocampus\/analyse-entreprise\/#primaryimage","url":"https:\/\/www.cfppa.fr\/infocampus\/wp-content\/uploads\/2013\/09\/schema-fonction-.jpg","contentUrl":"https:\/\/www.cfppa.fr\/infocampus\/wp-content\/uploads\/2013\/09\/schema-fonction-.jpg","width":981,"height":450},{"@type":"BreadcrumbList","@id":"https:\/\/www.cfppa.fr\/infocampus\/analyse-entreprise\/#breadcrumb","itemListElement":[{"@type":"ListItem","position":1,"name":"Accueil","item":"http:\/\/www.cfppa.fr\/infocampus\/"},{"@type":"ListItem","position":2,"name":"Analyse entreprise"}]},{"@type":"WebSite","@id":"http:\/\/www.cfppa.fr\/infocampus\/#website","url":"http:\/\/www.cfppa.fr\/infocampus\/","name":"Info campus CFPPA","description":"Un site \u00e0 la page","publisher":{"@id":"http:\/\/www.cfppa.fr\/infocampus\/#organization"},"potentialAction":[{"@type":"SearchAction","target":{"@type":"EntryPoint","urlTemplate":"http:\/\/www.cfppa.fr\/infocampus\/?s={search_term_string}"},"query-input":{"@type":"PropertyValueSpecification","valueRequired":true,"valueName":"search_term_string"}}],"inLanguage":"fr-FR"},{"@type":"Organization","@id":"http:\/\/www.cfppa.fr\/infocampus\/#organization","name":"CFPPA de bourges","url":"http:\/\/www.cfppa.fr\/infocampus\/","logo":{"@type":"ImageObject","inLanguage":"fr-FR","@id":"http:\/\/www.cfppa.fr\/infocampus\/#\/schema\/logo\/image\/","url":"https:\/\/www.cfppa.fr\/infocampus\/wp-content\/uploads\/2013\/09\/logo_ministerecfppa.png","contentUrl":"https:\/\/www.cfppa.fr\/infocampus\/wp-content\/uploads\/2013\/09\/logo_ministerecfppa.png","width":1,"height":1,"caption":"CFPPA de bourges"},"image":{"@id":"http:\/\/www.cfppa.fr\/infocampus\/#\/schema\/logo\/image\/"}}]}},"_links":{"self":[{"href":"https:\/\/www.cfppa.fr\/infocampus\/wp-json\/wp\/v2\/pages\/224","targetHints":{"allow":["GET"]}}],"collection":[{"href":"https:\/\/www.cfppa.fr\/infocampus\/wp-json\/wp\/v2\/pages"}],"about":[{"href":"https:\/\/www.cfppa.fr\/infocampus\/wp-json\/wp\/v2\/types\/page"}],"author":[{"embeddable":true,"href":"https:\/\/www.cfppa.fr\/infocampus\/wp-json\/wp\/v2\/users\/1"}],"replies":[{"embeddable":true,"href":"https:\/\/www.cfppa.fr\/infocampus\/wp-json\/wp\/v2\/comments?post=224"}],"version-history":[{"count":0,"href":"https:\/\/www.cfppa.fr\/infocampus\/wp-json\/wp\/v2\/pages\/224\/revisions"}],"wp:attachment":[{"href":"https:\/\/www.cfppa.fr\/infocampus\/wp-json\/wp\/v2\/media?parent=224"}],"curies":[{"name":"wp","href":"https:\/\/api.w.org\/{rel}","templated":true}]}}