{"id":223,"date":"2013-09-15T10:13:11","date_gmt":"2013-09-15T08:13:11","guid":{"rendered":"http:\/\/www.cfppa.fr\/infocampus\/?page_id=223"},"modified":"2013-09-16T06:40:42","modified_gmt":"2013-09-16T04:40:42","slug":"rapport-btsa-acse","status":"publish","type":"page","link":"https:\/\/www.cfppa.fr\/infocampus\/analyse-entreprise\/rapport-btsa-acse\/","title":{"rendered":"Rapport BTSA ACSE"},"content":{"rendered":"<p style=\"text-align: center;\"><span style=\"color: #ff00ff;\"><strong>Consignes pour la partie \u00e9crite du rapport de stage\u00a0<\/strong><\/span><\/p>\n<p>Il est rappel\u00e9 que les \u00e9tudiants doivent obligatoirement effectuer un stage d&#8217;une dur\u00e9e <strong>minimum de 8 semaines<\/strong> dans une exploitation agricole.<br \/>\n<span style=\"line-height: 1.5;\">Il convient de pr\u00e9ciser aux candidats que <strong>les dates de stage doivent \u00eatre indiqu\u00e9es sur la premi\u00e8re\u00a0<\/strong><\/span>page du rapport et que le nom de l&#8217;\u00e9tablissement ne doit pas y \u00eatre mentionn\u00e9. Il est rappel\u00e9 qu&#8217;il n&#8217;y a pas de contraintes concernant la nature de l&#8217;exploitation agricole.<br \/>\nIl est \u00e9vident que ni les stages en organismes ni leur compte rendu ne peuvent \u00eatre pris en compte\u00a0pour l&#8217;\u00e9preuve du rapport de stage.<br \/>\n\u2666 le rapport doit \u00eatre pr\u00e9sent\u00e9 et r\u00e9dig\u00e9 en <strong>80 pages maximum<\/strong> dactylographi\u00e9es, num\u00e9rot\u00e9es, interligne 1,5, annexes comprises plafonn\u00e9es \u00e0 20 pages.<br \/>\n\u2666 Il doit absolument <strong>comprendre un r\u00e9sum\u00e9 (300 mots<\/strong> ou environ une page), une table des mati\u00e8res pagin\u00e9e et des annexes r\u00e9f\u00e9renc\u00e9es.<br \/>\n\u2666 Ainsi qu&#8217;une bibliographie normalis\u00e9e<\/p>\n<p>&nbsp;<\/p>\n<p>L&#8217;analyse technico-\u00e9conomique et financi\u00e8re doit prendre en compte le dernier exercice comptable\u00a0connu \u00e0 la fin de la p\u00e9riode de stage . Si ce dernier concerne l&#8217;ann\u00e9e N-2 (N \u00e9tant l&#8217;ann\u00e9e de la session de l&#8217;examen), une estimation de la situation \u00e9conomique et financi\u00e8re (marges, tr\u00e9sorerie&#8230;) de l&#8217;ann\u00e9e N &#8211; 1 doit \u00eatre r\u00e9alis\u00e9e afin que le projet soit construit sur des bases r\u00e9alistes.<br \/>\nToutes ces \u00e9tudes doivent mettre en relation l&#8217;\u00e9volution du syst\u00e8me d&#8217;exploitation et ses r\u00e9sultats avec les crit\u00e8res \u00e9conomiques et financiers.<\/p>\n<p>L&#8217;\u00e9tude d&#8217;un projet doit \u00eatre men\u00e9e dans cet esprit et bien \u00e9videmment tenir compte du contexte, notamment de la PAC, de l&#8217;environnement socio-\u00e9conomique, des contraintes de nature environnementale et r\u00e9glementaire.<br \/>\nL&#8217;\u00e9tude du projet pourra \u00eatre r\u00e9alis\u00e9e m\u00eame si ce dernier ne para\u00eet pas apporter une am\u00e9lioration de\u00a0revenu dans l&#8217;imm\u00e9diat. En d&#8217;autre termes, la rentabilit\u00e9 ne peut \u00eatre le seul crit\u00e8re d&#8217;\u00e9valuation du projet \u00e0 condition toutefois qu&#8217;il r\u00e9ponde aux objectifs de la famille et que le contexte socio-\u00e9conomique n\u00e9cessaire \u00e0 la viabilit\u00e9 soit clairement d\u00e9fini ou envisag\u00e9 et probable.<\/p>\n<p>&nbsp;<\/p>\n<table style=\"background-color: #eef30b;\" border=\"0\">\n<tbody>\n<tr>\n<td style=\"text-align: center;\"><span style=\"color: #000000; font-size: 16px;\"><strong>C1 : CAPACITE A CONSTRUIRE UN RAPPORT CLAIR, LISIBLE, SELON UN PLAN COHERENT ET RESPECTANT LA FORME DEMANDEE ( sur 1 pt)<\/strong><\/span><\/td>\n<\/tr>\n<\/tbody>\n<\/table>\n<p>&nbsp;<\/p>\n<p><span style=\"color: #339966;\">Capacit\u00e9 pleinement atteinte &#8211;<\/span><\/p>\n<p><span style=\"color: #339966;\">&#8211; Ma\u00eetrise du fran\u00e7ais et de l&#8217;orthographe remarqu\u00e9e<\/span><br \/>\n<span style=\"color: #339966;\">&#8211; Le plan et la logique d&#8217;exposition sont coh\u00e9rents<\/span><br \/>\n<span style=\"color: #339966;\">&#8211; Un effort particulier a \u00e9t\u00e9 port\u00e9 dans <strong>la pr\u00e9sentation du texte,<\/strong> <\/span><br \/>\n<span style=\"color: #339966;\"> des donn\u00e9es chiffr\u00e9es et des annexes<\/span><br \/>\n<span style=\"color: #339966;\">&#8211; Le lecteur est guid\u00e9 dans sa lecture par un sommaire pagin\u00e9, <\/span><br \/>\n<span style=\"color: #339966;\"> des annexes r\u00e9f\u00e9renc\u00e9es, <strong>des titres et des sous titres r\u00e9sumant <\/strong><\/span><span style=\"color: #339966;\"><strong>la progression du raisonnement<\/strong><\/span><\/p>\n<table style=\"background-color: #fbf336;\" border=\"0\">\n<tbody>\n<tr>\n<td style=\"text-align: center;\"><span style=\"font-size: 18px;\"><strong>C2 : CAPACITE A ETUDIER LE SYSTEME D&#8217;EXPLOITATION DANS SON ENSEMBLE ET A FAIRE L&#8217;ANALYSE CRITIQUE DE SON\u00a0FONCTIONNEMENT (sur 2 pts)\u00a0<\/strong><\/span><\/td>\n<\/tr>\n<\/tbody>\n<\/table>\n<p>&nbsp;<\/p>\n<p><span style=\"line-height: 1.5;\">L&#8217;\u00e9tude de l&#8217;exploitation doit \u00eatre organis\u00e9e pour faire <\/span><strong style=\"line-height: 1.5;\">appara\u00eetre les points forts<\/strong><span style=\"line-height: 1.5;\"> et les <\/span><strong style=\"line-height: 1.5;\">points faibles<\/strong><span style=\"line-height: 1.5;\"> du syst\u00e8me en relation avec les objectifs de l&#8217;exploitant. Cela implique une analyse critique des grandes d\u00e9cisions et une<\/span><strong style=\"line-height: 1.5;\"> description hi\u00e9rarchis\u00e9e<\/strong><span style=\"line-height: 1.5;\"> des facteurs de la <\/span><strong style=\"line-height: 1.5;\">production,<\/strong><span style=\"line-height: 1.5;\"> de la <\/span><strong style=\"line-height: 1.5;\">conduite des activit\u00e9s<\/strong><span style=\"line-height: 1.5;\">, de la situation <\/span><strong style=\"line-height: 1.5;\">\u00e9conomique et financi\u00e8re<\/strong><span style=\"line-height: 1.5;\"> pour :<\/span><\/p>\n<p>* faire appara\u00eetre la coh\u00e9rence du syst\u00e8me par rapport aux objectifs de l&#8217;exploitant<br \/>\n* induire les \u00e9volutions possibles de l&#8217;exploitation<\/p>\n<p><strong><span style=\"color: #339966;\">Capacit\u00e9 pleinement atteinte &#8211; <\/span><\/strong><\/p>\n<p><span style=\"color: #339966;\">L&#8217;analyse conduite prend en compte l&#8217;ensemble du syst\u00e8me\u00a0d\u2019exploitation, les objectifs de l&#8217;exploitant, les atouts et les contraintes sont hi\u00e9rarchis\u00e9s.<\/span><br \/>\n<span style=\"color: #339966;\">&#8211;<strong> Le projet en d\u00e9coule tr\u00e8s logiquement.<\/strong><\/span><\/p>\n<p>&nbsp;<\/p>\n<table style=\"background-color: #7af40a;\" border=\"0\">\n<tbody>\n<tr>\n<td style=\"text-align: center;\"><span style=\"font-size: 18px;\"><strong>C3 : CAPACITE A PROPOSER UNE SOLUTION ET A ETUDIER UN PROJET DANS TOUTES SES DIMENSIONS, EN COH\u00c9RENCE AVEC LES PROBL\u00c8MES ET LA SITUATION DE L&#8217;EXPLOITATION (sur 3 pts)\u00a0<\/strong><\/span><\/td>\n<\/tr>\n<\/tbody>\n<\/table>\n<p><span style=\"line-height: 1.5;\">Compte tenu des \u00e9l\u00e9ments d&#8217;analyse (points forts, points faibles), des particularit\u00e9s de l&#8217;environnement (atouts, contraintes) le candidat doit, <\/span><strong style=\"line-height: 1.5;\">en se r\u00e9f\u00e9rant aux objectifs<\/strong><span style=\"line-height: 1.5;\"> de l&#8217;exploitant, \u00e9tudier le syst\u00e8me d\u2019exploitation en croisi\u00e8re en le situant dans le futur proche, <\/span><strong style=\"line-height: 1.5;\">soit 2 \u00e0 3 ans<\/strong><span style=\"line-height: 1.5;\"> \u00e0 compter de la cl\u00f4ture du dernier exercice qui sert de<\/span><\/p>\n<p>r\u00e9f\u00e9rence \u00e0 l&#8217;analyse.<strong>Les choix<\/strong> r\u00e9alis\u00e9s doivent \u00eatre<strong> argument\u00e9s<\/strong>. Le syst\u00e8me futur sera \u00e9tudi\u00e9 dans ses aspects techniques, \u00e9conomiques et financiers. Si cela s&#8217;av\u00e8re n\u00e9cessaire, <strong>plusieurs \u00e9volutions pourront \u00eatre test\u00e9es<\/strong> par le calcul \u00e9conomique. Ces \u00e9volutions n&#8217;impliquent pas obligatoirement une croissance d&#8217;ateliers avec des investissements<br \/>\nimportants.Au terme de son \u00e9tude le candidat doit pr\u00e9senter<strong> les conditions de l&#8217;\u00e9quilibre financier<\/strong> pour mesurer le degr\u00e9 de risque li\u00e9 \u00e0 l&#8217;\u00e9volution consid\u00e9r\u00e9e afin, le cas \u00e9ch\u00e9ant, de reconsid\u00e9rer avec l&#8217;exploitant les objectifs initialement fix\u00e9s.<\/p>\n<p>&nbsp;<\/p>\n<p><span style=\"color: #008000;\">Capacit\u00e9 pleinement atteinte<\/span><br \/>\n<span style=\"color: #008000;\">&#8211; Plusieurs solutions sont \u00e9tudi\u00e9es dans le projet et les crit\u00e8res de choix <\/span><br \/>\n<span style=\"color: #008000;\"> d&#8217;une des solutions sont <strong>parfaitement justifi\u00e9s.<\/strong><\/span><br \/>\n<span style=\"color: #008000;\">&#8211; Tous les outils techniques et \u00e9conomiques utilis\u00e9s sont parfaitement <\/span><br \/>\n<span style=\"color: #008000;\"><strong> ma\u00eetris\u00e9s.<\/strong> Toutes les hypoth\u00e8ses de calcul sont expliqu\u00e9es et justifi\u00e9es.<\/span><br \/>\n<span style=\"color: #008000;\">&#8211; L&#8217;\u00e9tude de la mise en place du projet est r\u00e9alis\u00e9e et permet \u00e0 l&#8217;\u00e9tudiant de <\/span><br \/>\n<span style=\"color: #008000;\"> discuter les hypoth\u00e8ses retenues et le risque du projet.<\/span><\/p>\n<table style=\"background-color: #b7e34e;\" border=\"0\">\n<tbody>\n<tr>\n<td style=\"text-align: center;\"><span style=\"font-size: 18px;\"><strong>C4 :\u00a0CAPACIT\u00c9\u00a0A\u00a0D\u00c9CRIRE\u00a0ET ANALYSER LE JEU DES INTERACTIONS\u00a0ENTRE L&#8217;EXPLOITATION ET SON ENVIRONNEMENT AU SENS LARGE, DANS TOUTES LES COMPOSANTES DE L&#8217;ETUDE (sur 2 pts)\u00a0<\/strong><\/span><\/td>\n<\/tr>\n<\/tbody>\n<\/table>\n<p><span style=\"line-height: 1.5;\">Il s&#8217;agit de pr\u00e9senter les \u00e9l\u00e9ments de l&#8217;environnement (atouts, contraintes) qui expliquent l&#8217;orientation du syst\u00e8me et\/ou qui peuvent d\u00e9terminer son \u00e9volution.<\/span><\/p>\n<p><span style=\"color: #ff0000;\">Une \u00e9tude monographique est donc \u00e0 exclure.<\/span> Par contre, les \u00e9l\u00e9ments de cette \u00e9tude peuvent \u00eatre pr\u00e9sent\u00e9s \u00e0 diff\u00e9rents niveaux du rapport pour, compte tenu d&#8217;une logique d&#8217;exposition, \u00e9tayer une d\u00e9monstration.<br \/>\nIl s&#8217;agit donc de situer l&#8217;exploitation dans son environnement en soulignant les \u00e9l\u00e9ments qui peuvent influencer cette exploitation dans son fonctionnement ou dans ses projets (\u00e9l\u00e9ments tels que le milieu naturel, le contexte\u00a0socio \u00e9conomique, les probl\u00e8mes humains et culturels, &#8230;)<br \/>\nDans certains cas, le contexte de la petite r\u00e9gion doit \u00eatre d\u00e9pass\u00e9 pour prendre en compte les \u00e9l\u00e9ments de\u00a0politique \u00e9conomique et agricole, de la politique de d\u00e9veloppement rural ainsi que les mesures\u00a0d&#8217;accompagnement qui en d\u00e9coulent et qui peuvent tr\u00e8s largement influencer la situation actuelle et future de l&#8217;exploitation.<br \/>\nLes \u00e9l\u00e9ments d&#8217;\u00e9tude de l&#8217;environnement peuvent<strong> intervenir \u00e0 diff\u00e9rents niveaux<\/strong> du rapport, au point o\u00f9 il\u00a0appara\u00eet le plus utile de les introduire pour la logique d&#8217;exposition et de d\u00e9monstration.<\/p>\n<p>&nbsp;<\/p>\n<p><span style=\"color: #008000;\">Capacit\u00e9 pleinement atteinte<\/span><\/p>\n<p><span style=\"color: #008000;\"> &#8211; L&#8217;analyse de l&#8217;environnement <strong>valorise tr\u00e8s fortement l&#8217;\u00e9tude men\u00e9e<\/strong> dans <\/span><span style=\"color: #008000;\">l&#8217;exploitation et appara\u00eet comme un \u00e9l\u00e9ment cl\u00e9 du rapport.<\/span><br \/>\n<span style=\"color: #008000;\">&#8211; Les capacit\u00e9s d&#8217;analyse et de synth\u00e8se, manifest\u00e9s par l&#8217;\u00e9tudiant dans <\/span><span style=\"color: #008000;\">l&#8217;\u00e9tude du contexte, valorisent son \u00e9tude et\/ou permettent de r\u00e9duire <\/span><span style=\"color: #008000;\">l&#8217;impression de fragilit\u00e9 de l&#8217;\u00e9tude conduite dans l&#8217;exploitation.<\/span><\/p>\n","protected":false},"excerpt":{"rendered":"<p>Consignes pour la partie \u00e9crite du rapport de stage\u00a0 Il est rappel\u00e9 que les \u00e9tudiants doivent obligatoirement effectuer un stage d&#8217;une dur\u00e9e minimum de 8 semaines dans une exploitation agricole. Il convient de pr\u00e9ciser aux candidats que les dates de stage doivent \u00eatre indiqu\u00e9es sur la premi\u00e8re\u00a0page du rapport et &hellip;<\/p>\n","protected":false},"author":1,"featured_media":0,"parent":224,"menu_order":0,"comment_status":"closed","ping_status":"closed","template":"","meta":{"_crdt_document":"","footnotes":""},"class_list":["post-223","page","type-page","status-publish","hentry"],"yoast_head":"<!-- This site is optimized with the Yoast SEO plugin v27.4 - https:\/\/yoast.com\/product\/yoast-seo-wordpress\/ -->\n<title>Rapport BTSA ACSE  - Info campus CFPPA<\/title>\n<meta name=\"robots\" content=\"index, follow, max-snippet:-1, max-image-preview:large, max-video-preview:-1\" \/>\n<link rel=\"canonical\" href=\"https:\/\/www.cfppa.fr\/infocampus\/analyse-entreprise\/rapport-btsa-acse\/\" \/>\n<meta property=\"og:locale\" content=\"fr_FR\" \/>\n<meta property=\"og:type\" content=\"article\" \/>\n<meta property=\"og:title\" content=\"Rapport BTSA ACSE  - Info campus CFPPA\" \/>\n<meta property=\"og:description\" content=\"Consignes pour la partie \u00e9crite du rapport de stage\u00a0 Il est rappel\u00e9 que les \u00e9tudiants doivent obligatoirement effectuer un stage d&#8217;une dur\u00e9e minimum de 8 semaines dans une exploitation agricole. Il convient de pr\u00e9ciser aux candidats que les dates de stage doivent \u00eatre indiqu\u00e9es sur la premi\u00e8re\u00a0page du rapport et &hellip;\" \/>\n<meta property=\"og:url\" content=\"https:\/\/www.cfppa.fr\/infocampus\/analyse-entreprise\/rapport-btsa-acse\/\" \/>\n<meta property=\"og:site_name\" content=\"Info campus CFPPA\" \/>\n<meta property=\"article:modified_time\" content=\"2013-09-16T04:40:42+00:00\" \/>\n<meta name=\"twitter:label1\" content=\"Dur\u00e9e de lecture estim\u00e9e\" \/>\n\t<meta name=\"twitter:data1\" content=\"6 minutes\" \/>\n<script type=\"application\/ld+json\" class=\"yoast-schema-graph\">{\"@context\":\"https:\\\/\\\/schema.org\",\"@graph\":[{\"@type\":\"WebPage\",\"@id\":\"https:\\\/\\\/www.cfppa.fr\\\/infocampus\\\/analyse-entreprise\\\/rapport-btsa-acse\\\/\",\"url\":\"https:\\\/\\\/www.cfppa.fr\\\/infocampus\\\/analyse-entreprise\\\/rapport-btsa-acse\\\/\",\"name\":\"Rapport BTSA ACSE - Info campus CFPPA\",\"isPartOf\":{\"@id\":\"http:\\\/\\\/www.cfppa.fr\\\/infocampus\\\/#website\"},\"datePublished\":\"2013-09-15T08:13:11+00:00\",\"dateModified\":\"2013-09-16T04:40:42+00:00\",\"breadcrumb\":{\"@id\":\"https:\\\/\\\/www.cfppa.fr\\\/infocampus\\\/analyse-entreprise\\\/rapport-btsa-acse\\\/#breadcrumb\"},\"inLanguage\":\"fr-FR\",\"potentialAction\":[{\"@type\":\"ReadAction\",\"target\":[\"https:\\\/\\\/www.cfppa.fr\\\/infocampus\\\/analyse-entreprise\\\/rapport-btsa-acse\\\/\"]}]},{\"@type\":\"BreadcrumbList\",\"@id\":\"https:\\\/\\\/www.cfppa.fr\\\/infocampus\\\/analyse-entreprise\\\/rapport-btsa-acse\\\/#breadcrumb\",\"itemListElement\":[{\"@type\":\"ListItem\",\"position\":1,\"name\":\"Accueil\",\"item\":\"http:\\\/\\\/www.cfppa.fr\\\/infocampus\\\/\"},{\"@type\":\"ListItem\",\"position\":2,\"name\":\"Analyse entreprise\",\"item\":\"https:\\\/\\\/www.cfppa.fr\\\/infocampus\\\/analyse-entreprise\\\/\"},{\"@type\":\"ListItem\",\"position\":3,\"name\":\"Rapport BTSA ACSE\"}]},{\"@type\":\"WebSite\",\"@id\":\"http:\\\/\\\/www.cfppa.fr\\\/infocampus\\\/#website\",\"url\":\"http:\\\/\\\/www.cfppa.fr\\\/infocampus\\\/\",\"name\":\"Info campus CFPPA\",\"description\":\"Un site \u00e0 la page\",\"publisher\":{\"@id\":\"http:\\\/\\\/www.cfppa.fr\\\/infocampus\\\/#organization\"},\"potentialAction\":[{\"@type\":\"SearchAction\",\"target\":{\"@type\":\"EntryPoint\",\"urlTemplate\":\"http:\\\/\\\/www.cfppa.fr\\\/infocampus\\\/?s={search_term_string}\"},\"query-input\":{\"@type\":\"PropertyValueSpecification\",\"valueRequired\":true,\"valueName\":\"search_term_string\"}}],\"inLanguage\":\"fr-FR\"},{\"@type\":\"Organization\",\"@id\":\"http:\\\/\\\/www.cfppa.fr\\\/infocampus\\\/#organization\",\"name\":\"CFPPA de bourges\",\"url\":\"http:\\\/\\\/www.cfppa.fr\\\/infocampus\\\/\",\"logo\":{\"@type\":\"ImageObject\",\"inLanguage\":\"fr-FR\",\"@id\":\"http:\\\/\\\/www.cfppa.fr\\\/infocampus\\\/#\\\/schema\\\/logo\\\/image\\\/\",\"url\":\"https:\\\/\\\/www.cfppa.fr\\\/infocampus\\\/wp-content\\\/uploads\\\/2013\\\/09\\\/logo_ministerecfppa.png\",\"contentUrl\":\"https:\\\/\\\/www.cfppa.fr\\\/infocampus\\\/wp-content\\\/uploads\\\/2013\\\/09\\\/logo_ministerecfppa.png\",\"width\":1,\"height\":1,\"caption\":\"CFPPA de bourges\"},\"image\":{\"@id\":\"http:\\\/\\\/www.cfppa.fr\\\/infocampus\\\/#\\\/schema\\\/logo\\\/image\\\/\"}}]}<\/script>\n<!-- \/ Yoast SEO plugin. -->","yoast_head_json":{"title":"Rapport BTSA ACSE  - Info campus CFPPA","robots":{"index":"index","follow":"follow","max-snippet":"max-snippet:-1","max-image-preview":"max-image-preview:large","max-video-preview":"max-video-preview:-1"},"canonical":"https:\/\/www.cfppa.fr\/infocampus\/analyse-entreprise\/rapport-btsa-acse\/","og_locale":"fr_FR","og_type":"article","og_title":"Rapport BTSA ACSE  - Info campus CFPPA","og_description":"Consignes pour la partie \u00e9crite du rapport de stage\u00a0 Il est rappel\u00e9 que les \u00e9tudiants doivent obligatoirement effectuer un stage d&#8217;une dur\u00e9e minimum de 8 semaines dans une exploitation agricole. Il convient de pr\u00e9ciser aux candidats que les dates de stage doivent \u00eatre indiqu\u00e9es sur la premi\u00e8re\u00a0page du rapport et &hellip;","og_url":"https:\/\/www.cfppa.fr\/infocampus\/analyse-entreprise\/rapport-btsa-acse\/","og_site_name":"Info campus CFPPA","article_modified_time":"2013-09-16T04:40:42+00:00","twitter_misc":{"Dur\u00e9e de lecture estim\u00e9e":"6 minutes"},"schema":{"@context":"https:\/\/schema.org","@graph":[{"@type":"WebPage","@id":"https:\/\/www.cfppa.fr\/infocampus\/analyse-entreprise\/rapport-btsa-acse\/","url":"https:\/\/www.cfppa.fr\/infocampus\/analyse-entreprise\/rapport-btsa-acse\/","name":"Rapport BTSA ACSE - Info campus CFPPA","isPartOf":{"@id":"http:\/\/www.cfppa.fr\/infocampus\/#website"},"datePublished":"2013-09-15T08:13:11+00:00","dateModified":"2013-09-16T04:40:42+00:00","breadcrumb":{"@id":"https:\/\/www.cfppa.fr\/infocampus\/analyse-entreprise\/rapport-btsa-acse\/#breadcrumb"},"inLanguage":"fr-FR","potentialAction":[{"@type":"ReadAction","target":["https:\/\/www.cfppa.fr\/infocampus\/analyse-entreprise\/rapport-btsa-acse\/"]}]},{"@type":"BreadcrumbList","@id":"https:\/\/www.cfppa.fr\/infocampus\/analyse-entreprise\/rapport-btsa-acse\/#breadcrumb","itemListElement":[{"@type":"ListItem","position":1,"name":"Accueil","item":"http:\/\/www.cfppa.fr\/infocampus\/"},{"@type":"ListItem","position":2,"name":"Analyse entreprise","item":"https:\/\/www.cfppa.fr\/infocampus\/analyse-entreprise\/"},{"@type":"ListItem","position":3,"name":"Rapport BTSA ACSE"}]},{"@type":"WebSite","@id":"http:\/\/www.cfppa.fr\/infocampus\/#website","url":"http:\/\/www.cfppa.fr\/infocampus\/","name":"Info campus CFPPA","description":"Un site \u00e0 la page","publisher":{"@id":"http:\/\/www.cfppa.fr\/infocampus\/#organization"},"potentialAction":[{"@type":"SearchAction","target":{"@type":"EntryPoint","urlTemplate":"http:\/\/www.cfppa.fr\/infocampus\/?s={search_term_string}"},"query-input":{"@type":"PropertyValueSpecification","valueRequired":true,"valueName":"search_term_string"}}],"inLanguage":"fr-FR"},{"@type":"Organization","@id":"http:\/\/www.cfppa.fr\/infocampus\/#organization","name":"CFPPA de bourges","url":"http:\/\/www.cfppa.fr\/infocampus\/","logo":{"@type":"ImageObject","inLanguage":"fr-FR","@id":"http:\/\/www.cfppa.fr\/infocampus\/#\/schema\/logo\/image\/","url":"https:\/\/www.cfppa.fr\/infocampus\/wp-content\/uploads\/2013\/09\/logo_ministerecfppa.png","contentUrl":"https:\/\/www.cfppa.fr\/infocampus\/wp-content\/uploads\/2013\/09\/logo_ministerecfppa.png","width":1,"height":1,"caption":"CFPPA de bourges"},"image":{"@id":"http:\/\/www.cfppa.fr\/infocampus\/#\/schema\/logo\/image\/"}}]}},"_links":{"self":[{"href":"https:\/\/www.cfppa.fr\/infocampus\/wp-json\/wp\/v2\/pages\/223","targetHints":{"allow":["GET"]}}],"collection":[{"href":"https:\/\/www.cfppa.fr\/infocampus\/wp-json\/wp\/v2\/pages"}],"about":[{"href":"https:\/\/www.cfppa.fr\/infocampus\/wp-json\/wp\/v2\/types\/page"}],"author":[{"embeddable":true,"href":"https:\/\/www.cfppa.fr\/infocampus\/wp-json\/wp\/v2\/users\/1"}],"replies":[{"embeddable":true,"href":"https:\/\/www.cfppa.fr\/infocampus\/wp-json\/wp\/v2\/comments?post=223"}],"version-history":[{"count":0,"href":"https:\/\/www.cfppa.fr\/infocampus\/wp-json\/wp\/v2\/pages\/223\/revisions"}],"up":[{"embeddable":true,"href":"https:\/\/www.cfppa.fr\/infocampus\/wp-json\/wp\/v2\/pages\/224"}],"wp:attachment":[{"href":"https:\/\/www.cfppa.fr\/infocampus\/wp-json\/wp\/v2\/media?parent=223"}],"curies":[{"name":"wp","href":"https:\/\/api.w.org\/{rel}","templated":true}]}}