{"id":204,"date":"2013-09-13T06:54:08","date_gmt":"2013-09-13T04:54:08","guid":{"rendered":"http:\/\/www.cfppa.fr\/infocampus\/?page_id=204"},"modified":"2020-08-14T18:59:41","modified_gmt":"2020-08-14T16:59:41","slug":"matrice-de-gains","status":"publish","type":"page","link":"https:\/\/www.cfppa.fr\/infocampus\/matrice-de-gains\/","title":{"rendered":"Matrice de gains"},"content":{"rendered":"<p>Une matrice de gains permet d&#8217;appr\u00e9cier la variation de votre projet suivant deux (ou plus) variables pr\u00e9pond\u00e9rantes.<\/p>\n<p>Il convient d&#8217;abord de d\u00e9terminer ces variables !?<\/p>\n<p>Dans votre projet :<\/p>\n<p><span style=\"font-size: 22px; color: #339966;\"><strong>\u00a0Quel est le facteur le plus important pour la r\u00e9ussite de votre projet ?\u00a0<\/strong><\/span><\/p>\n<p>G\u00e9n\u00e9ralement \u00a0le prix de vente !! ( qui est une combinaison d&#8217;un prix avec une quantit\u00e9 !)<\/p>\n<p><span style=\"font-size: 24px; color: #ff0000;\"><strong>Quel est le facteur le plus important pour \u00a0&#8220;planter &#8221; votre projet ?\u00a0<\/strong><\/span><\/p>\n<p>Ici c&#8217;est souvent la charge principale !<\/p>\n<table border=\"0\">\n<tbody>\n<tr>\n<td><\/td>\n<td style=\"background-color: #92f30b;\">\n<p style=\"text-align: center;\"><strong><span style=\"font-size: 20px;\">\u00a0Variable de r\u00e9ussite de votre projet\u00a0<\/span><\/strong><\/p>\n<\/td>\n<\/tr>\n<tr>\n<td style=\"background-color: #ebac9b; text-align: center;\"><strong><span style=\"font-size: 20px;\">Variable de &#8220;plantage&#8221; de votre projet\u00a0<\/span><\/strong><\/td>\n<td style=\"background-color: #92f30b; text-align: center;\">Ex le prix de vente d&#8217;un taurillon (poids par prix au kilo)<strong>(A)<\/strong><\/td>\n<\/tr>\n<tr>\n<td style=\"background-color: #f79a81;\">\n<h5 style=\"text-align: center;\">Ex Evolution du prix de la charge<\/h5>\n<h5 style=\"text-align: center;\">la plus importante<\/h5>\n<h5 style=\"text-align: center;\">ex le prix du broutard<\/h5>\n<h5 style=\"text-align: center;\"><strong>(B)<\/strong><\/h5>\n<\/td>\n<td>\n<p style=\"text-align: center;\">La face cach\u00e9e de cette cellule est le co\u00fbt de la mise en place de votre projet :<\/p>\n<p style=\"text-align: center;\">Ici le co\u00fbt d&#8217;\u00e9levage d&#8217;un broutard en taurillon <strong>(C)<\/strong><\/p>\n<p style=\"text-align: center;\">Le r\u00e9sultat de cette case \u00e9tant :<\/p>\n<p style=\"text-align: center;\"><span style=\"font-size: 18px;\"><strong>Variable de r\u00e9ussite -(variable de plantage + co\u00fbt de mise en place de votre projet )\u00a0<\/strong><\/span><\/p>\n<p style=\"text-align: center;\"><span style=\"font-size: 18px;\"><strong>A-(B+C)<\/strong><\/span><\/p>\n<\/td>\n<\/tr>\n<\/tbody>\n<\/table>\n<p><\/p>\n","protected":false},"excerpt":{"rendered":"<p>Une matrice de gains permet d&#8217;appr\u00e9cier la variation de votre projet suivant deux (ou plus) variables pr\u00e9pond\u00e9rantes. Il convient d&#8217;abord de d\u00e9terminer ces variables !? Dans votre projet : \u00a0Quel est le facteur le plus important pour la r\u00e9ussite de votre projet ?\u00a0 G\u00e9n\u00e9ralement \u00a0le prix de vente !! ( &hellip;<\/p>\n","protected":false},"author":1,"featured_media":0,"parent":0,"menu_order":0,"comment_status":"open","ping_status":"open","template":"","meta":{"_crdt_document":"","footnotes":""},"class_list":["post-204","page","type-page","status-publish","hentry"],"yoast_head":"<!-- This site is optimized with the Yoast SEO plugin v27.4 - https:\/\/yoast.com\/product\/yoast-seo-wordpress\/ -->\n<title>Matrice de gains - Info campus CFPPA<\/title>\n<meta name=\"robots\" content=\"index, follow, max-snippet:-1, max-image-preview:large, max-video-preview:-1\" \/>\n<link rel=\"canonical\" href=\"https:\/\/www.cfppa.fr\/infocampus\/matrice-de-gains\/\" \/>\n<meta property=\"og:locale\" content=\"fr_FR\" \/>\n<meta property=\"og:type\" content=\"article\" \/>\n<meta property=\"og:title\" content=\"Matrice de gains - Info campus CFPPA\" \/>\n<meta property=\"og:description\" content=\"Une matrice de gains permet d&#8217;appr\u00e9cier la variation de votre projet suivant deux (ou plus) variables pr\u00e9pond\u00e9rantes. Il convient d&#8217;abord de d\u00e9terminer ces variables !? Dans votre projet : \u00a0Quel est le facteur le plus important pour la r\u00e9ussite de votre projet ?\u00a0 G\u00e9n\u00e9ralement \u00a0le prix de vente !! ( &hellip;\" \/>\n<meta property=\"og:url\" content=\"https:\/\/www.cfppa.fr\/infocampus\/matrice-de-gains\/\" \/>\n<meta property=\"og:site_name\" content=\"Info campus CFPPA\" \/>\n<meta property=\"article:modified_time\" content=\"2020-08-14T16:59:41+00:00\" \/>\n<meta name=\"twitter:label1\" content=\"Dur\u00e9e de lecture estim\u00e9e\" \/>\n\t<meta name=\"twitter:data1\" content=\"1 minute\" \/>\n<script type=\"application\/ld+json\" class=\"yoast-schema-graph\">{\"@context\":\"https:\\\/\\\/schema.org\",\"@graph\":[{\"@type\":\"WebPage\",\"@id\":\"https:\\\/\\\/www.cfppa.fr\\\/infocampus\\\/matrice-de-gains\\\/\",\"url\":\"https:\\\/\\\/www.cfppa.fr\\\/infocampus\\\/matrice-de-gains\\\/\",\"name\":\"Matrice de gains - Info campus CFPPA\",\"isPartOf\":{\"@id\":\"http:\\\/\\\/www.cfppa.fr\\\/infocampus\\\/#website\"},\"datePublished\":\"2013-09-13T04:54:08+00:00\",\"dateModified\":\"2020-08-14T16:59:41+00:00\",\"breadcrumb\":{\"@id\":\"https:\\\/\\\/www.cfppa.fr\\\/infocampus\\\/matrice-de-gains\\\/#breadcrumb\"},\"inLanguage\":\"fr-FR\",\"potentialAction\":[{\"@type\":\"ReadAction\",\"target\":[\"https:\\\/\\\/www.cfppa.fr\\\/infocampus\\\/matrice-de-gains\\\/\"]}]},{\"@type\":\"BreadcrumbList\",\"@id\":\"https:\\\/\\\/www.cfppa.fr\\\/infocampus\\\/matrice-de-gains\\\/#breadcrumb\",\"itemListElement\":[{\"@type\":\"ListItem\",\"position\":1,\"name\":\"Accueil\",\"item\":\"http:\\\/\\\/www.cfppa.fr\\\/infocampus\\\/\"},{\"@type\":\"ListItem\",\"position\":2,\"name\":\"Matrice de gains\"}]},{\"@type\":\"WebSite\",\"@id\":\"http:\\\/\\\/www.cfppa.fr\\\/infocampus\\\/#website\",\"url\":\"http:\\\/\\\/www.cfppa.fr\\\/infocampus\\\/\",\"name\":\"Info campus CFPPA\",\"description\":\"Un site \u00e0 la page\",\"publisher\":{\"@id\":\"http:\\\/\\\/www.cfppa.fr\\\/infocampus\\\/#organization\"},\"potentialAction\":[{\"@type\":\"SearchAction\",\"target\":{\"@type\":\"EntryPoint\",\"urlTemplate\":\"http:\\\/\\\/www.cfppa.fr\\\/infocampus\\\/?s={search_term_string}\"},\"query-input\":{\"@type\":\"PropertyValueSpecification\",\"valueRequired\":true,\"valueName\":\"search_term_string\"}}],\"inLanguage\":\"fr-FR\"},{\"@type\":\"Organization\",\"@id\":\"http:\\\/\\\/www.cfppa.fr\\\/infocampus\\\/#organization\",\"name\":\"CFPPA de bourges\",\"url\":\"http:\\\/\\\/www.cfppa.fr\\\/infocampus\\\/\",\"logo\":{\"@type\":\"ImageObject\",\"inLanguage\":\"fr-FR\",\"@id\":\"http:\\\/\\\/www.cfppa.fr\\\/infocampus\\\/#\\\/schema\\\/logo\\\/image\\\/\",\"url\":\"https:\\\/\\\/www.cfppa.fr\\\/infocampus\\\/wp-content\\\/uploads\\\/2013\\\/09\\\/logo_ministerecfppa.png\",\"contentUrl\":\"https:\\\/\\\/www.cfppa.fr\\\/infocampus\\\/wp-content\\\/uploads\\\/2013\\\/09\\\/logo_ministerecfppa.png\",\"width\":1,\"height\":1,\"caption\":\"CFPPA de bourges\"},\"image\":{\"@id\":\"http:\\\/\\\/www.cfppa.fr\\\/infocampus\\\/#\\\/schema\\\/logo\\\/image\\\/\"}}]}<\/script>\n<!-- \/ Yoast SEO plugin. -->","yoast_head_json":{"title":"Matrice de gains - Info campus CFPPA","robots":{"index":"index","follow":"follow","max-snippet":"max-snippet:-1","max-image-preview":"max-image-preview:large","max-video-preview":"max-video-preview:-1"},"canonical":"https:\/\/www.cfppa.fr\/infocampus\/matrice-de-gains\/","og_locale":"fr_FR","og_type":"article","og_title":"Matrice de gains - Info campus CFPPA","og_description":"Une matrice de gains permet d&#8217;appr\u00e9cier la variation de votre projet suivant deux (ou plus) variables pr\u00e9pond\u00e9rantes. Il convient d&#8217;abord de d\u00e9terminer ces variables !? Dans votre projet : \u00a0Quel est le facteur le plus important pour la r\u00e9ussite de votre projet ?\u00a0 G\u00e9n\u00e9ralement \u00a0le prix de vente !! ( &hellip;","og_url":"https:\/\/www.cfppa.fr\/infocampus\/matrice-de-gains\/","og_site_name":"Info campus CFPPA","article_modified_time":"2020-08-14T16:59:41+00:00","twitter_misc":{"Dur\u00e9e de lecture estim\u00e9e":"1 minute"},"schema":{"@context":"https:\/\/schema.org","@graph":[{"@type":"WebPage","@id":"https:\/\/www.cfppa.fr\/infocampus\/matrice-de-gains\/","url":"https:\/\/www.cfppa.fr\/infocampus\/matrice-de-gains\/","name":"Matrice de gains - Info campus CFPPA","isPartOf":{"@id":"http:\/\/www.cfppa.fr\/infocampus\/#website"},"datePublished":"2013-09-13T04:54:08+00:00","dateModified":"2020-08-14T16:59:41+00:00","breadcrumb":{"@id":"https:\/\/www.cfppa.fr\/infocampus\/matrice-de-gains\/#breadcrumb"},"inLanguage":"fr-FR","potentialAction":[{"@type":"ReadAction","target":["https:\/\/www.cfppa.fr\/infocampus\/matrice-de-gains\/"]}]},{"@type":"BreadcrumbList","@id":"https:\/\/www.cfppa.fr\/infocampus\/matrice-de-gains\/#breadcrumb","itemListElement":[{"@type":"ListItem","position":1,"name":"Accueil","item":"http:\/\/www.cfppa.fr\/infocampus\/"},{"@type":"ListItem","position":2,"name":"Matrice de gains"}]},{"@type":"WebSite","@id":"http:\/\/www.cfppa.fr\/infocampus\/#website","url":"http:\/\/www.cfppa.fr\/infocampus\/","name":"Info campus CFPPA","description":"Un site \u00e0 la page","publisher":{"@id":"http:\/\/www.cfppa.fr\/infocampus\/#organization"},"potentialAction":[{"@type":"SearchAction","target":{"@type":"EntryPoint","urlTemplate":"http:\/\/www.cfppa.fr\/infocampus\/?s={search_term_string}"},"query-input":{"@type":"PropertyValueSpecification","valueRequired":true,"valueName":"search_term_string"}}],"inLanguage":"fr-FR"},{"@type":"Organization","@id":"http:\/\/www.cfppa.fr\/infocampus\/#organization","name":"CFPPA de bourges","url":"http:\/\/www.cfppa.fr\/infocampus\/","logo":{"@type":"ImageObject","inLanguage":"fr-FR","@id":"http:\/\/www.cfppa.fr\/infocampus\/#\/schema\/logo\/image\/","url":"https:\/\/www.cfppa.fr\/infocampus\/wp-content\/uploads\/2013\/09\/logo_ministerecfppa.png","contentUrl":"https:\/\/www.cfppa.fr\/infocampus\/wp-content\/uploads\/2013\/09\/logo_ministerecfppa.png","width":1,"height":1,"caption":"CFPPA de bourges"},"image":{"@id":"http:\/\/www.cfppa.fr\/infocampus\/#\/schema\/logo\/image\/"}}]}},"_links":{"self":[{"href":"https:\/\/www.cfppa.fr\/infocampus\/wp-json\/wp\/v2\/pages\/204","targetHints":{"allow":["GET"]}}],"collection":[{"href":"https:\/\/www.cfppa.fr\/infocampus\/wp-json\/wp\/v2\/pages"}],"about":[{"href":"https:\/\/www.cfppa.fr\/infocampus\/wp-json\/wp\/v2\/types\/page"}],"author":[{"embeddable":true,"href":"https:\/\/www.cfppa.fr\/infocampus\/wp-json\/wp\/v2\/users\/1"}],"replies":[{"embeddable":true,"href":"https:\/\/www.cfppa.fr\/infocampus\/wp-json\/wp\/v2\/comments?post=204"}],"version-history":[{"count":1,"href":"https:\/\/www.cfppa.fr\/infocampus\/wp-json\/wp\/v2\/pages\/204\/revisions"}],"predecessor-version":[{"id":2359,"href":"https:\/\/www.cfppa.fr\/infocampus\/wp-json\/wp\/v2\/pages\/204\/revisions\/2359"}],"wp:attachment":[{"href":"https:\/\/www.cfppa.fr\/infocampus\/wp-json\/wp\/v2\/media?parent=204"}],"curies":[{"name":"wp","href":"https:\/\/api.w.org\/{rel}","templated":true}]}}