{"id":202,"date":"2013-09-13T06:52:17","date_gmt":"2013-09-13T04:52:17","guid":{"rendered":"http:\/\/www.cfppa.fr\/infocampus\/?page_id=202"},"modified":"2014-12-07T15:37:11","modified_gmt":"2014-12-07T14:37:11","slug":"bps","status":"publish","type":"page","link":"https:\/\/www.cfppa.fr\/infocampus\/bps\/","title":{"rendered":"BPS"},"content":{"rendered":"<table style=\"border-color: #000000; border-width: 0px;\" border=\"0\" align=\"center\">\n<tbody>\n<tr>\n<td style=\"text-align: center; background-color: #39f40a;\"><span style=\"font-size: 20px;\"><strong>\u00c9l\u00e9ments favorables\u00a0<\/strong><\/span><\/td>\n<td style=\"text-align: center; background-color: #fb1703;\"><span style=\"font-size: 20px;\"><strong>\u00c9l\u00e9ments d\u00e9favorables\u00a0<\/strong><\/span><\/td>\n<\/tr>\n<tr>\n<td style=\"text-align: center; background-color: #aff777;\"><span style=\"font-size: 18px;\">Produits <strong>en plus<\/strong><\/span><strong>\u00a0<\/strong><\/td>\n<td style=\"text-align: center; background-color: #f7bdaa;\"><span style=\"font-size: 18px;\">Produits<strong> en moi<\/strong><\/span><span style=\"font-size: 20px;\"><strong><span style=\"font-size: 18px;\">ns<\/span><\/strong>\u00a0<\/span><\/td>\n<\/tr>\n<tr>\n<td style=\"text-align: center; width: 60px;\">Ici il est report\u00e9 tous les produits \u00a0nouveaux induits par la nouvelle production ( attention un BPS se fait toujours en version de croisi\u00e8re ! )<\/td>\n<td style=\"text-align: center; width: 60px;\">Ici il convient de lister toutes les produits \u00a0qui disparaissent \u00a0suite \u00e0 votre projet<\/td>\n<\/tr>\n<tr>\n<td><\/td>\n<td><\/td>\n<\/tr>\n<tr>\n<td style=\"text-align: center; background-color: #cbf088;\"><span style=\"font-size: 18px;\">Charges <strong>en moins<\/strong>\u00a0<\/span><\/td>\n<td style=\"text-align: center; background-color: #fabaa8;\"><span style=\"font-size: 18px;\">Charges <strong>en plus\u00a0<\/strong><\/span><\/td>\n<\/tr>\n<tr>\n<td style=\"text-align: center;\">On indique les charges qui n&#8217;existent plus suite \u00e0 vos modifications<\/td>\n<td style=\"text-align: center;\">On doit trouver dans cette partie , les nouvelles charges li\u00e9es par votre projet<\/td>\n<\/tr>\n<tr>\n<td style=\"text-align: center; background-color: #53f905;\"><strong><span style=\"font-size: 18px;\">Total des \u00e9l\u00e9ments favorables<\/span><\/strong><\/td>\n<td style=\"text-align: center; background-color: #f92205;\"><strong><span style=\"font-size: 18px;\">Total des \u00e9l\u00e9ments d\u00e9favorables<\/span><\/strong><\/td>\n<\/tr>\n<tr>\n<td style=\"width: 70px;\" align=\"center\">\u00a0Si la somme des \u00e9l\u00e9ments favorables est sup\u00e9rieure , votre projet semble int\u00e9ressant ( mais attention il convient d&#8217;\u00e9valuer encore l&#8217;incidence sur la<a title=\"Impact MSA\" href=\"http:\/\/www.cfppa.fr\/infocampus\/impact-msa\"> cotisation MSA <\/a>et le temps!! )<\/td>\n<td style=\"width: 70px;\">\u00a0Si les \u00e9l\u00e9ments d\u00e9favorables sont dominants, votre projet semble pas en ad\u00e9quation , mais il peut r\u00e9pondre \u00e0 d&#8217;autres finalit\u00e9s exemple gagner du temps ! , assurer une patrimoine !il faut relativiser<\/td>\n<\/tr>\n<\/tbody>\n<\/table>\n<p><\/p>\n","protected":false},"excerpt":{"rendered":"<p>\u00c9l\u00e9ments favorables\u00a0 \u00c9l\u00e9ments d\u00e9favorables\u00a0 Produits en plus\u00a0 Produits en moins\u00a0 Ici il est report\u00e9 tous les produits \u00a0nouveaux induits par la nouvelle production ( attention un BPS se fait toujours en version de croisi\u00e8re ! ) Ici il convient de lister toutes les produits \u00a0qui disparaissent \u00a0suite \u00e0 votre projet &hellip;<\/p>\n","protected":false},"author":1,"featured_media":0,"parent":0,"menu_order":0,"comment_status":"open","ping_status":"open","template":"","meta":{"_crdt_document":"","footnotes":""},"class_list":["post-202","page","type-page","status-publish","hentry"],"yoast_head":"<!-- This site is optimized with the Yoast SEO plugin v27.4 - https:\/\/yoast.com\/product\/yoast-seo-wordpress\/ -->\n<title>BPS - Info campus CFPPA<\/title>\n<meta name=\"description\" content=\"BPS : budget partiel de substitution , une fa\u00e7on d&#039;\u00e9valuer les changements dans une entreprise\" \/>\n<meta name=\"robots\" content=\"index, follow, max-snippet:-1, max-image-preview:large, max-video-preview:-1\" \/>\n<link rel=\"canonical\" href=\"http:\/\/www.cfppa.fr\/infocampus\/bps\/\" \/>\n<meta property=\"og:locale\" content=\"fr_FR\" \/>\n<meta property=\"og:type\" content=\"article\" \/>\n<meta property=\"og:title\" content=\"BPS - Info campus CFPPA\" \/>\n<meta property=\"og:description\" content=\"BPS : budget partiel de substitution , une fa\u00e7on d&#039;\u00e9valuer les changements dans une entreprise\" \/>\n<meta property=\"og:url\" content=\"http:\/\/www.cfppa.fr\/infocampus\/bps\/\" \/>\n<meta property=\"og:site_name\" content=\"Info campus CFPPA\" \/>\n<meta property=\"article:modified_time\" content=\"2014-12-07T14:37:11+00:00\" \/>\n<meta name=\"twitter:label1\" content=\"Dur\u00e9e de lecture estim\u00e9e\" \/>\n\t<meta name=\"twitter:data1\" content=\"1 minute\" \/>\n<script type=\"application\/ld+json\" class=\"yoast-schema-graph\">{\"@context\":\"https:\\\/\\\/schema.org\",\"@graph\":[{\"@type\":\"WebPage\",\"@id\":\"http:\\\/\\\/www.cfppa.fr\\\/infocampus\\\/bps\\\/\",\"url\":\"http:\\\/\\\/www.cfppa.fr\\\/infocampus\\\/bps\\\/\",\"name\":\"BPS - Info campus CFPPA\",\"isPartOf\":{\"@id\":\"http:\\\/\\\/www.cfppa.fr\\\/infocampus\\\/#website\"},\"datePublished\":\"2013-09-13T04:52:17+00:00\",\"dateModified\":\"2014-12-07T14:37:11+00:00\",\"description\":\"BPS : budget partiel de substitution , une fa\u00e7on d'\u00e9valuer les changements dans une entreprise\",\"breadcrumb\":{\"@id\":\"http:\\\/\\\/www.cfppa.fr\\\/infocampus\\\/bps\\\/#breadcrumb\"},\"inLanguage\":\"fr-FR\",\"potentialAction\":[{\"@type\":\"ReadAction\",\"target\":[\"http:\\\/\\\/www.cfppa.fr\\\/infocampus\\\/bps\\\/\"]}]},{\"@type\":\"BreadcrumbList\",\"@id\":\"http:\\\/\\\/www.cfppa.fr\\\/infocampus\\\/bps\\\/#breadcrumb\",\"itemListElement\":[{\"@type\":\"ListItem\",\"position\":1,\"name\":\"Accueil\",\"item\":\"http:\\\/\\\/www.cfppa.fr\\\/infocampus\\\/\"},{\"@type\":\"ListItem\",\"position\":2,\"name\":\"BPS\"}]},{\"@type\":\"WebSite\",\"@id\":\"http:\\\/\\\/www.cfppa.fr\\\/infocampus\\\/#website\",\"url\":\"http:\\\/\\\/www.cfppa.fr\\\/infocampus\\\/\",\"name\":\"Info campus CFPPA\",\"description\":\"Un site \u00e0 la page\",\"publisher\":{\"@id\":\"http:\\\/\\\/www.cfppa.fr\\\/infocampus\\\/#organization\"},\"potentialAction\":[{\"@type\":\"SearchAction\",\"target\":{\"@type\":\"EntryPoint\",\"urlTemplate\":\"http:\\\/\\\/www.cfppa.fr\\\/infocampus\\\/?s={search_term_string}\"},\"query-input\":{\"@type\":\"PropertyValueSpecification\",\"valueRequired\":true,\"valueName\":\"search_term_string\"}}],\"inLanguage\":\"fr-FR\"},{\"@type\":\"Organization\",\"@id\":\"http:\\\/\\\/www.cfppa.fr\\\/infocampus\\\/#organization\",\"name\":\"CFPPA de bourges\",\"url\":\"http:\\\/\\\/www.cfppa.fr\\\/infocampus\\\/\",\"logo\":{\"@type\":\"ImageObject\",\"inLanguage\":\"fr-FR\",\"@id\":\"http:\\\/\\\/www.cfppa.fr\\\/infocampus\\\/#\\\/schema\\\/logo\\\/image\\\/\",\"url\":\"https:\\\/\\\/www.cfppa.fr\\\/infocampus\\\/wp-content\\\/uploads\\\/2013\\\/09\\\/logo_ministerecfppa.png\",\"contentUrl\":\"https:\\\/\\\/www.cfppa.fr\\\/infocampus\\\/wp-content\\\/uploads\\\/2013\\\/09\\\/logo_ministerecfppa.png\",\"width\":1,\"height\":1,\"caption\":\"CFPPA de bourges\"},\"image\":{\"@id\":\"http:\\\/\\\/www.cfppa.fr\\\/infocampus\\\/#\\\/schema\\\/logo\\\/image\\\/\"}}]}<\/script>\n<!-- \/ Yoast SEO plugin. -->","yoast_head_json":{"title":"BPS - Info campus CFPPA","description":"BPS : budget partiel de substitution , une fa\u00e7on d'\u00e9valuer les changements dans une entreprise","robots":{"index":"index","follow":"follow","max-snippet":"max-snippet:-1","max-image-preview":"max-image-preview:large","max-video-preview":"max-video-preview:-1"},"canonical":"http:\/\/www.cfppa.fr\/infocampus\/bps\/","og_locale":"fr_FR","og_type":"article","og_title":"BPS - Info campus CFPPA","og_description":"BPS : budget partiel de substitution , une fa\u00e7on d'\u00e9valuer les changements dans une entreprise","og_url":"http:\/\/www.cfppa.fr\/infocampus\/bps\/","og_site_name":"Info campus CFPPA","article_modified_time":"2014-12-07T14:37:11+00:00","twitter_misc":{"Dur\u00e9e de lecture estim\u00e9e":"1 minute"},"schema":{"@context":"https:\/\/schema.org","@graph":[{"@type":"WebPage","@id":"http:\/\/www.cfppa.fr\/infocampus\/bps\/","url":"http:\/\/www.cfppa.fr\/infocampus\/bps\/","name":"BPS - Info campus CFPPA","isPartOf":{"@id":"http:\/\/www.cfppa.fr\/infocampus\/#website"},"datePublished":"2013-09-13T04:52:17+00:00","dateModified":"2014-12-07T14:37:11+00:00","description":"BPS : budget partiel de substitution , une fa\u00e7on d'\u00e9valuer les changements dans une entreprise","breadcrumb":{"@id":"http:\/\/www.cfppa.fr\/infocampus\/bps\/#breadcrumb"},"inLanguage":"fr-FR","potentialAction":[{"@type":"ReadAction","target":["http:\/\/www.cfppa.fr\/infocampus\/bps\/"]}]},{"@type":"BreadcrumbList","@id":"http:\/\/www.cfppa.fr\/infocampus\/bps\/#breadcrumb","itemListElement":[{"@type":"ListItem","position":1,"name":"Accueil","item":"http:\/\/www.cfppa.fr\/infocampus\/"},{"@type":"ListItem","position":2,"name":"BPS"}]},{"@type":"WebSite","@id":"http:\/\/www.cfppa.fr\/infocampus\/#website","url":"http:\/\/www.cfppa.fr\/infocampus\/","name":"Info campus CFPPA","description":"Un site \u00e0 la page","publisher":{"@id":"http:\/\/www.cfppa.fr\/infocampus\/#organization"},"potentialAction":[{"@type":"SearchAction","target":{"@type":"EntryPoint","urlTemplate":"http:\/\/www.cfppa.fr\/infocampus\/?s={search_term_string}"},"query-input":{"@type":"PropertyValueSpecification","valueRequired":true,"valueName":"search_term_string"}}],"inLanguage":"fr-FR"},{"@type":"Organization","@id":"http:\/\/www.cfppa.fr\/infocampus\/#organization","name":"CFPPA de bourges","url":"http:\/\/www.cfppa.fr\/infocampus\/","logo":{"@type":"ImageObject","inLanguage":"fr-FR","@id":"http:\/\/www.cfppa.fr\/infocampus\/#\/schema\/logo\/image\/","url":"https:\/\/www.cfppa.fr\/infocampus\/wp-content\/uploads\/2013\/09\/logo_ministerecfppa.png","contentUrl":"https:\/\/www.cfppa.fr\/infocampus\/wp-content\/uploads\/2013\/09\/logo_ministerecfppa.png","width":1,"height":1,"caption":"CFPPA de bourges"},"image":{"@id":"http:\/\/www.cfppa.fr\/infocampus\/#\/schema\/logo\/image\/"}}]}},"_links":{"self":[{"href":"https:\/\/www.cfppa.fr\/infocampus\/wp-json\/wp\/v2\/pages\/202","targetHints":{"allow":["GET"]}}],"collection":[{"href":"https:\/\/www.cfppa.fr\/infocampus\/wp-json\/wp\/v2\/pages"}],"about":[{"href":"https:\/\/www.cfppa.fr\/infocampus\/wp-json\/wp\/v2\/types\/page"}],"author":[{"embeddable":true,"href":"https:\/\/www.cfppa.fr\/infocampus\/wp-json\/wp\/v2\/users\/1"}],"replies":[{"embeddable":true,"href":"https:\/\/www.cfppa.fr\/infocampus\/wp-json\/wp\/v2\/comments?post=202"}],"version-history":[{"count":0,"href":"https:\/\/www.cfppa.fr\/infocampus\/wp-json\/wp\/v2\/pages\/202\/revisions"}],"wp:attachment":[{"href":"https:\/\/www.cfppa.fr\/infocampus\/wp-json\/wp\/v2\/media?parent=202"}],"curies":[{"name":"wp","href":"https:\/\/api.w.org\/{rel}","templated":true}]}}