{"id":1932,"date":"2016-04-12T18:33:39","date_gmt":"2016-04-12T16:33:39","guid":{"rendered":"http:\/\/www.cfppa.fr\/infocampus\/?page_id=1932"},"modified":"2016-04-25T16:25:49","modified_gmt":"2016-04-25T14:25:49","slug":"spv-btsa-acse-consignes","status":"publish","type":"page","link":"https:\/\/www.cfppa.fr\/infocampus\/spv-btsa-acse-consignes\/","title":{"rendered":"SPV BTSA ACSE  consignes"},"content":{"rendered":"<p>Les SPV en BTSA ACSE<\/p>\n<p>&nbsp;<\/p>\n<p><a href=\"http:\/\/www.xmind.net\/m\/PzFE\" target=\"_blank\">Les consignes sous forme d&#8217;un Xmind\u00a0<img decoding=\"async\" data-src=\"http:\/\/www.cfppa.fr\/infocampus\/wp-content\/plugins\/tinymce-emoticons\/images\/emoticons-set-1\/hi.png\" alt=\"hi\" border=\"0\" hspace=\"5\" src=\"data:image\/svg+xml;base64,PHN2ZyB3aWR0aD0iMSIgaGVpZ2h0PSIxIiB4bWxucz0iaHR0cDovL3d3dy53My5vcmcvMjAwMC9zdmciPjwvc3ZnPg==\" class=\"lazyload\" \/><\/a><\/p>\n<p><a href=\"http:\/\/www.xmind.net\/m\/Sepy\" target=\"_blank\">Le questionnaire pour construire ses SPV (xmind)\u00a0<\/a><\/p>\n<p>Vous pouvez \u00e9galement t\u00e9l\u00e9charger le fichier word<\/p>\n<iframe data-src=\"\/\/docs.google.com\/viewer?url=http%3A%2F%2Fwww.cfppa.fr%2Finfocampus%2Fwp-content%2Fuploads%2F2016%2F04%2FSPV-E7-2-4-pages-parSPV.doc&hl=fr&embedded=true\" class=\"gde-frame lazyload\" style=\"width:100%; height:500px; border: none;\" scrolling=\"no\" src=\"data:image\/svg+xml;base64,PHN2ZyB3aWR0aD0iMSIgaGVpZ2h0PSIxIiB4bWxucz0iaHR0cDovL3d3dy53My5vcmcvMjAwMC9zdmciPjwvc3ZnPg==\" data-load-mode=\"1\"><\/iframe>\n<p class=\"gde-text\"><a href=\"http:\/\/www.cfppa.fr\/infocampus\/wp-content\/uploads\/2016\/04\/SPV-E7-2-4-pages-parSPV.doc\" class=\"gde-link\">T\u00e9l\u00e9charger (DOC, 87KB)<\/a><\/p>\n<!-- WP Attachments -->\r\n        <div style=\"width:100%;margin:10px 0 10px 0;\">\r\n            <h3>Attachments<\/h3>\r\n        <ul class=\"post-attachments\"><li class=\"post-attachment mime-application-msword\"><a href=\"https:\/\/www.cfppa.fr\/infocampus\/wp-content\/uploads\/2016\/04\/SPV-E7-2-4-pages-parSPV.doc\">SPV (E7-2)  4 pages parSPV<\/a> <small>(87 kB)<\/small><\/li><\/ul><\/div>","protected":false},"excerpt":{"rendered":"<p>Les SPV en BTSA ACSE &nbsp; Les consignes sous forme d&#8217;un Xmind\u00a0 Le questionnaire pour construire ses SPV (xmind)\u00a0 Vous pouvez \u00e9galement t\u00e9l\u00e9charger le fichier word Attachments SPV (E7-2) 4 pages parSPV (87 kB)<\/p>\n","protected":false},"author":1,"featured_media":0,"parent":0,"menu_order":0,"comment_status":"closed","ping_status":"closed","template":"","meta":{"_crdt_document":"","footnotes":""},"class_list":["post-1932","page","type-page","status-publish","hentry"],"yoast_head":"<!-- This site is optimized with the Yoast SEO plugin v27.4 - https:\/\/yoast.com\/product\/yoast-seo-wordpress\/ -->\n<title>SPV BTSA ACSE consignes - Info campus CFPPA<\/title>\n<meta name=\"robots\" content=\"index, follow, max-snippet:-1, max-image-preview:large, max-video-preview:-1\" \/>\n<link rel=\"canonical\" href=\"https:\/\/www.cfppa.fr\/infocampus\/spv-btsa-acse-consignes\/\" \/>\n<meta property=\"og:locale\" content=\"fr_FR\" \/>\n<meta property=\"og:type\" content=\"article\" \/>\n<meta property=\"og:title\" content=\"SPV BTSA ACSE consignes - Info campus CFPPA\" \/>\n<meta property=\"og:description\" content=\"Les SPV en BTSA ACSE &nbsp; Les consignes sous forme d&#8217;un Xmind\u00a0 Le questionnaire pour construire ses SPV (xmind)\u00a0 Vous pouvez \u00e9galement t\u00e9l\u00e9charger le fichier word Attachments SPV (E7-2) 4 pages parSPV (87 kB)\" \/>\n<meta property=\"og:url\" content=\"https:\/\/www.cfppa.fr\/infocampus\/spv-btsa-acse-consignes\/\" \/>\n<meta property=\"og:site_name\" content=\"Info campus CFPPA\" \/>\n<meta property=\"article:modified_time\" content=\"2016-04-25T14:25:49+00:00\" \/>\n<meta property=\"og:image\" content=\"http:\/\/www.cfppa.fr\/infocampus\/wp-content\/plugins\/tinymce-emoticons\/images\/emoticons-set-1\/hi.png\" \/>\n<script type=\"application\/ld+json\" class=\"yoast-schema-graph\">{\"@context\":\"https:\\\/\\\/schema.org\",\"@graph\":[{\"@type\":\"WebPage\",\"@id\":\"https:\\\/\\\/www.cfppa.fr\\\/infocampus\\\/spv-btsa-acse-consignes\\\/\",\"url\":\"https:\\\/\\\/www.cfppa.fr\\\/infocampus\\\/spv-btsa-acse-consignes\\\/\",\"name\":\"SPV BTSA ACSE consignes - Info campus CFPPA\",\"isPartOf\":{\"@id\":\"http:\\\/\\\/www.cfppa.fr\\\/infocampus\\\/#website\"},\"primaryImageOfPage\":{\"@id\":\"https:\\\/\\\/www.cfppa.fr\\\/infocampus\\\/spv-btsa-acse-consignes\\\/#primaryimage\"},\"image\":{\"@id\":\"https:\\\/\\\/www.cfppa.fr\\\/infocampus\\\/spv-btsa-acse-consignes\\\/#primaryimage\"},\"thumbnailUrl\":\"http:\\\/\\\/www.cfppa.fr\\\/infocampus\\\/wp-content\\\/plugins\\\/tinymce-emoticons\\\/images\\\/emoticons-set-1\\\/hi.png\",\"datePublished\":\"2016-04-12T16:33:39+00:00\",\"dateModified\":\"2016-04-25T14:25:49+00:00\",\"breadcrumb\":{\"@id\":\"https:\\\/\\\/www.cfppa.fr\\\/infocampus\\\/spv-btsa-acse-consignes\\\/#breadcrumb\"},\"inLanguage\":\"fr-FR\",\"potentialAction\":[{\"@type\":\"ReadAction\",\"target\":[\"https:\\\/\\\/www.cfppa.fr\\\/infocampus\\\/spv-btsa-acse-consignes\\\/\"]}]},{\"@type\":\"ImageObject\",\"inLanguage\":\"fr-FR\",\"@id\":\"https:\\\/\\\/www.cfppa.fr\\\/infocampus\\\/spv-btsa-acse-consignes\\\/#primaryimage\",\"url\":\"http:\\\/\\\/www.cfppa.fr\\\/infocampus\\\/wp-content\\\/plugins\\\/tinymce-emoticons\\\/images\\\/emoticons-set-1\\\/hi.png\",\"contentUrl\":\"http:\\\/\\\/www.cfppa.fr\\\/infocampus\\\/wp-content\\\/plugins\\\/tinymce-emoticons\\\/images\\\/emoticons-set-1\\\/hi.png\"},{\"@type\":\"BreadcrumbList\",\"@id\":\"https:\\\/\\\/www.cfppa.fr\\\/infocampus\\\/spv-btsa-acse-consignes\\\/#breadcrumb\",\"itemListElement\":[{\"@type\":\"ListItem\",\"position\":1,\"name\":\"Accueil\",\"item\":\"http:\\\/\\\/www.cfppa.fr\\\/infocampus\\\/\"},{\"@type\":\"ListItem\",\"position\":2,\"name\":\"SPV BTSA ACSE consignes\"}]},{\"@type\":\"WebSite\",\"@id\":\"http:\\\/\\\/www.cfppa.fr\\\/infocampus\\\/#website\",\"url\":\"http:\\\/\\\/www.cfppa.fr\\\/infocampus\\\/\",\"name\":\"Info campus CFPPA\",\"description\":\"Un site \u00e0 la page\",\"publisher\":{\"@id\":\"http:\\\/\\\/www.cfppa.fr\\\/infocampus\\\/#organization\"},\"potentialAction\":[{\"@type\":\"SearchAction\",\"target\":{\"@type\":\"EntryPoint\",\"urlTemplate\":\"http:\\\/\\\/www.cfppa.fr\\\/infocampus\\\/?s={search_term_string}\"},\"query-input\":{\"@type\":\"PropertyValueSpecification\",\"valueRequired\":true,\"valueName\":\"search_term_string\"}}],\"inLanguage\":\"fr-FR\"},{\"@type\":\"Organization\",\"@id\":\"http:\\\/\\\/www.cfppa.fr\\\/infocampus\\\/#organization\",\"name\":\"CFPPA de bourges\",\"url\":\"http:\\\/\\\/www.cfppa.fr\\\/infocampus\\\/\",\"logo\":{\"@type\":\"ImageObject\",\"inLanguage\":\"fr-FR\",\"@id\":\"http:\\\/\\\/www.cfppa.fr\\\/infocampus\\\/#\\\/schema\\\/logo\\\/image\\\/\",\"url\":\"https:\\\/\\\/www.cfppa.fr\\\/infocampus\\\/wp-content\\\/uploads\\\/2013\\\/09\\\/logo_ministerecfppa.png\",\"contentUrl\":\"https:\\\/\\\/www.cfppa.fr\\\/infocampus\\\/wp-content\\\/uploads\\\/2013\\\/09\\\/logo_ministerecfppa.png\",\"width\":1,\"height\":1,\"caption\":\"CFPPA de bourges\"},\"image\":{\"@id\":\"http:\\\/\\\/www.cfppa.fr\\\/infocampus\\\/#\\\/schema\\\/logo\\\/image\\\/\"}}]}<\/script>\n<!-- \/ Yoast SEO plugin. -->","yoast_head_json":{"title":"SPV BTSA ACSE consignes - Info campus CFPPA","robots":{"index":"index","follow":"follow","max-snippet":"max-snippet:-1","max-image-preview":"max-image-preview:large","max-video-preview":"max-video-preview:-1"},"canonical":"https:\/\/www.cfppa.fr\/infocampus\/spv-btsa-acse-consignes\/","og_locale":"fr_FR","og_type":"article","og_title":"SPV BTSA ACSE consignes - Info campus CFPPA","og_description":"Les SPV en BTSA ACSE &nbsp; Les consignes sous forme d&#8217;un Xmind\u00a0 Le questionnaire pour construire ses SPV (xmind)\u00a0 Vous pouvez \u00e9galement t\u00e9l\u00e9charger le fichier word Attachments SPV (E7-2) 4 pages parSPV (87 kB)","og_url":"https:\/\/www.cfppa.fr\/infocampus\/spv-btsa-acse-consignes\/","og_site_name":"Info campus CFPPA","article_modified_time":"2016-04-25T14:25:49+00:00","og_image":[{"url":"http:\/\/www.cfppa.fr\/infocampus\/wp-content\/plugins\/tinymce-emoticons\/images\/emoticons-set-1\/hi.png","type":"","width":"","height":""}],"schema":{"@context":"https:\/\/schema.org","@graph":[{"@type":"WebPage","@id":"https:\/\/www.cfppa.fr\/infocampus\/spv-btsa-acse-consignes\/","url":"https:\/\/www.cfppa.fr\/infocampus\/spv-btsa-acse-consignes\/","name":"SPV BTSA ACSE consignes - Info campus CFPPA","isPartOf":{"@id":"http:\/\/www.cfppa.fr\/infocampus\/#website"},"primaryImageOfPage":{"@id":"https:\/\/www.cfppa.fr\/infocampus\/spv-btsa-acse-consignes\/#primaryimage"},"image":{"@id":"https:\/\/www.cfppa.fr\/infocampus\/spv-btsa-acse-consignes\/#primaryimage"},"thumbnailUrl":"http:\/\/www.cfppa.fr\/infocampus\/wp-content\/plugins\/tinymce-emoticons\/images\/emoticons-set-1\/hi.png","datePublished":"2016-04-12T16:33:39+00:00","dateModified":"2016-04-25T14:25:49+00:00","breadcrumb":{"@id":"https:\/\/www.cfppa.fr\/infocampus\/spv-btsa-acse-consignes\/#breadcrumb"},"inLanguage":"fr-FR","potentialAction":[{"@type":"ReadAction","target":["https:\/\/www.cfppa.fr\/infocampus\/spv-btsa-acse-consignes\/"]}]},{"@type":"ImageObject","inLanguage":"fr-FR","@id":"https:\/\/www.cfppa.fr\/infocampus\/spv-btsa-acse-consignes\/#primaryimage","url":"http:\/\/www.cfppa.fr\/infocampus\/wp-content\/plugins\/tinymce-emoticons\/images\/emoticons-set-1\/hi.png","contentUrl":"http:\/\/www.cfppa.fr\/infocampus\/wp-content\/plugins\/tinymce-emoticons\/images\/emoticons-set-1\/hi.png"},{"@type":"BreadcrumbList","@id":"https:\/\/www.cfppa.fr\/infocampus\/spv-btsa-acse-consignes\/#breadcrumb","itemListElement":[{"@type":"ListItem","position":1,"name":"Accueil","item":"http:\/\/www.cfppa.fr\/infocampus\/"},{"@type":"ListItem","position":2,"name":"SPV BTSA ACSE consignes"}]},{"@type":"WebSite","@id":"http:\/\/www.cfppa.fr\/infocampus\/#website","url":"http:\/\/www.cfppa.fr\/infocampus\/","name":"Info campus CFPPA","description":"Un site \u00e0 la page","publisher":{"@id":"http:\/\/www.cfppa.fr\/infocampus\/#organization"},"potentialAction":[{"@type":"SearchAction","target":{"@type":"EntryPoint","urlTemplate":"http:\/\/www.cfppa.fr\/infocampus\/?s={search_term_string}"},"query-input":{"@type":"PropertyValueSpecification","valueRequired":true,"valueName":"search_term_string"}}],"inLanguage":"fr-FR"},{"@type":"Organization","@id":"http:\/\/www.cfppa.fr\/infocampus\/#organization","name":"CFPPA de bourges","url":"http:\/\/www.cfppa.fr\/infocampus\/","logo":{"@type":"ImageObject","inLanguage":"fr-FR","@id":"http:\/\/www.cfppa.fr\/infocampus\/#\/schema\/logo\/image\/","url":"https:\/\/www.cfppa.fr\/infocampus\/wp-content\/uploads\/2013\/09\/logo_ministerecfppa.png","contentUrl":"https:\/\/www.cfppa.fr\/infocampus\/wp-content\/uploads\/2013\/09\/logo_ministerecfppa.png","width":1,"height":1,"caption":"CFPPA de bourges"},"image":{"@id":"http:\/\/www.cfppa.fr\/infocampus\/#\/schema\/logo\/image\/"}}]}},"_links":{"self":[{"href":"https:\/\/www.cfppa.fr\/infocampus\/wp-json\/wp\/v2\/pages\/1932","targetHints":{"allow":["GET"]}}],"collection":[{"href":"https:\/\/www.cfppa.fr\/infocampus\/wp-json\/wp\/v2\/pages"}],"about":[{"href":"https:\/\/www.cfppa.fr\/infocampus\/wp-json\/wp\/v2\/types\/page"}],"author":[{"embeddable":true,"href":"https:\/\/www.cfppa.fr\/infocampus\/wp-json\/wp\/v2\/users\/1"}],"replies":[{"embeddable":true,"href":"https:\/\/www.cfppa.fr\/infocampus\/wp-json\/wp\/v2\/comments?post=1932"}],"version-history":[{"count":0,"href":"https:\/\/www.cfppa.fr\/infocampus\/wp-json\/wp\/v2\/pages\/1932\/revisions"}],"wp:attachment":[{"href":"https:\/\/www.cfppa.fr\/infocampus\/wp-json\/wp\/v2\/media?parent=1932"}],"curies":[{"name":"wp","href":"https:\/\/api.w.org\/{rel}","templated":true}]}}