{"id":1908,"date":"2016-03-26T11:48:50","date_gmt":"2016-03-26T10:48:50","guid":{"rendered":"http:\/\/www.cfppa.fr\/infocampus\/?page_id=1908"},"modified":"2016-03-29T06:26:38","modified_gmt":"2016-03-29T04:26:38","slug":"outils-de-gestion","status":"publish","type":"page","link":"https:\/\/www.cfppa.fr\/infocampus\/outils-de-gestion\/","title":{"rendered":"Des outils de gestion !"},"content":{"rendered":"<h2 style=\"text-align: center;\">Quels sont les outils de gestion que vous pouvez utiliser pour analyser un projet ?<\/h2>\n<p>&nbsp;<\/p>\n<h5><span style=\"color: #008000;\">Un diff\u00e9rentiel de marges brutes ?\u00a0<\/span><\/h5>\n<p>C&#8217;est un bon d\u00e9but \u00a0mais dans une marge brute \u00a0vous ne tenez pas compte des charges des structures\u00a0<img decoding=\"async\" data-src=\"http:\/\/www.cfppa.fr\/infocampus\/wp-content\/plugins\/tinymce-emoticons\/images\/emoticons-set-1\/cry.png\" alt=\"cry\" border=\"0\" hspace=\"5\" src=\"data:image\/svg+xml;base64,PHN2ZyB3aWR0aD0iMSIgaGVpZ2h0PSIxIiB4bWxucz0iaHR0cDovL3d3dy53My5vcmcvMjAwMC9zdmciPjwvc3ZnPg==\" class=\"lazyload\" \/> !! Est ce judicieux dans certains cas ?<\/p>\n<h5><span style=\"color: #008000;\">Un diff\u00e9rentiel de comptes de r\u00e9sultats ?\u00a0<\/span><\/h5>\n<p>En prenant votre compte de r\u00e9sultats \u00a0et en faisant un colonne avant et apr\u00e8s projet, cela permet de ne pas oublier des variations de charges . En effet \u00e0 chaque ligne de votre compte de r\u00e9sultats , vous devez vous posez la question : avec mon projet cette charge \u00e9volue comment en plus ou en moins et de combien ?<\/p>\n<p>&nbsp;<\/p>\n<h5><span style=\"color: #339966;\">Un budget partiel de substitution\u00a0<\/span><\/h5>\n<p>C&#8217;est un outil simple et efficace !<\/p>\n<p>D&#8217;un cot\u00e9 vous avez les \u00e9l\u00e9ments favorables \u00e0 votre projet<\/p>\n<p>De l&#8217;autre cot\u00e9 vous avez les \u00e9l\u00e9ments d\u00e9favorables \u00a0\u00e0 votre projet<\/p>\n<p>Le solde entre le total des colonne vous donne l&#8217;effet de votre projet dans votre structure.<\/p>\n<table style=\"background-color: #dfe8e6; border-color: #f2112f;\">\n<tbody>\n<tr style=\"background-color: #0af73d;\">\n<td style=\"text-align: center;\"><strong>\u00c9l\u00e9ments favorables<\/strong><\/td>\n<td style=\"text-align: center; background-color: #f71707;\"><strong>\u00c9l\u00e9ments \u00a0d\u00e9favorables<\/strong><\/td>\n<\/tr>\n<tr>\n<td style=\"text-align: center;\">Les produits en plus<\/td>\n<td style=\"text-align: center;\">Les produits en moins<\/td>\n<\/tr>\n<tr>\n<td style=\"text-align: center;\">Les charges en moins<\/td>\n<td style=\"text-align: center;\">Les charges en plus<\/td>\n<\/tr>\n<tr>\n<td style=\"text-align: center;\"><\/td>\n<td style=\"text-align: center;\"><\/td>\n<\/tr>\n<tr>\n<td style=\"text-align: center;\">Solde favorable \u00e0 votre projet<\/td>\n<td style=\"text-align: center;\">Solde d\u00e9favorable \u00e0 votre projet<\/td>\n<\/tr>\n<\/tbody>\n<\/table>\n<p>&nbsp;<\/p>\n<h5><span style=\"color: #339966;\">La matrice de gain\u00a0<\/span><\/h5>\n<p>Le principe: prendre les deux facteurs qui sont les plus impactant pour votre projet et qui peuvent faire varier de fa\u00e7on significative les conclusions de votre projet.<\/p>\n<p>Exemple votre projet c&#8217;est engraisser vos broutards en taurillon.<\/p>\n<p>Deux facteurs importants : le prix du broutard et le prix des taurillons.<\/p>\n<p>En effet, si votre broutard se vend 1 000\u20ac, \u00a0 et si votre taurillon \u00a0vaut 1 200\u20ac est ce rentable ?<\/p>\n<p>Il ne faut pas que votre co\u00fbt alimentaire + les autres charges (veto, mortalit\u00e9, b\u00e2timent, etc &#8230; ) \u00a0d\u00e9passent 200\u20ac ?<\/p>\n<table class=\" aligncenter\" style=\"border-color: #f21313;\" cellpadding=\"3\">\n<tbody>\n<tr style=\"background-color: #332adb;\">\n<td style=\"border-color: #050000; text-align: center; vertical-align: middle;\"><\/td>\n<td style=\"border-color: #050000; vertical-align: middle;\"><span style=\"color: #ffff00;\">Prix du broutard ex 900 \u20ac<\/span><\/td>\n<td style=\"border-color: #050000; vertical-align: middle;\"><span style=\"color: #ffff00;\">1 000 \u20ac<\/span><\/td>\n<td style=\"border-color: #050000; vertical-align: middle;\"><span style=\"color: #ffff00;\">1 100\u20ac<\/span><\/td>\n<td style=\"border-color: #050000; vertical-align: middle;\"><span style=\"color: #ffff00;\">1 200\u20ac<\/span><\/td>\n<\/tr>\n<tr>\n<td style=\"border-color: #050000; text-align: center; vertical-align: middle;\">Prix du taurillon \u00a01200\u20ac<\/td>\n<td style=\"border-color: #050000; text-align: center; vertical-align: middle; background-color: #faf607;\">Co\u00fbt de l&#8217;engraissement ex 350\u20ac \u00a0: 1200 -(900+350) = <strong><span style=\"color: #ff0000;\">-50\u20ac<\/span><\/strong><\/td>\n<td style=\"border-color: #050000; text-align: center; vertical-align: middle; background-color: #faf607;\">\u00a01 200 &#8211; (1 000+350) = <strong><span style=\"color: #ff0000;\">-150 \u20ac\u00a0<img decoding=\"async\" data-src=\"http:\/\/www.cfppa.fr\/infocampus\/wp-content\/plugins\/tinymce-emoticons\/images\/emoticons-set-1\/thumbsdown.png\" alt=\"thumbsdown\" border=\"0\" hspace=\"5\" src=\"data:image\/svg+xml;base64,PHN2ZyB3aWR0aD0iMSIgaGVpZ2h0PSIxIiB4bWxucz0iaHR0cDovL3d3dy53My5vcmcvMjAwMC9zdmciPjwvc3ZnPg==\" class=\"lazyload\" \/><\/span><\/strong><\/td>\n<td style=\"border-color: #050000; text-align: center; vertical-align: middle;\"><\/td>\n<td style=\"border-color: #050000; text-align: center; vertical-align: middle;\"><\/td>\n<\/tr>\n<tr>\n<td style=\"border-color: #050000; text-align: center; vertical-align: middle;\">1 300\u20ac<\/td>\n<td style=\"border-color: #050000; text-align: center; vertical-align: middle; background-color: #0af73d;\">1 300\u20ac \u00a0-(900+350) = <strong><span style=\"color: #0000ff;\">+ 50\u20ac<\/span><\/strong><\/td>\n<td style=\"border-color: #050000; text-align: center; vertical-align: middle; background-color: #f0e80a;\">1300 &#8211; (1000 + 350) = <strong><span style=\"color: #ff0000;\">-50 \u20ac<\/span><\/strong><\/td>\n<td style=\"border-color: #050000; text-align: center; vertical-align: middle; background-color: #f0e80a;\">1300 &#8211; (1000 + 350 ) = <strong><span style=\"color: #ff0000;\">-50\u20ac<\/span><\/strong><\/td>\n<td style=\"border-color: #050000; text-align: center; vertical-align: middle;\"><\/td>\n<\/tr>\n<tr>\n<td style=\"border-color: #050000; text-align: center; vertical-align: middle;\">1 400\u20ac<\/td>\n<td style=\"border-color: #050000; text-align: center; vertical-align: middle; background-color: #0af73d;\"><\/td>\n<td style=\"border-color: #050000; text-align: center; vertical-align: middle; background-color: #0af73d;\">1400 &#8211; (1000+350) = \u00a0<strong><span style=\"color: #0000ff;\">+50<\/span><\/strong><\/td>\n<td style=\"border-color: #050000; text-align: center; vertical-align: middle;\"><\/td>\n<td style=\"border-color: #050000; text-align: center; vertical-align: middle;\">1400 &#8211; (1200+350) = <strong><span style=\"color: #ff0000;\">-150 \u20ac<\/span><\/strong><\/td>\n<\/tr>\n<\/tbody>\n<\/table>\n<p>&nbsp;<\/p>\n","protected":false},"excerpt":{"rendered":"<p>Quels sont les outils de gestion que vous pouvez utiliser pour analyser un projet ? &nbsp; Un diff\u00e9rentiel de marges brutes ?\u00a0 C&#8217;est un bon d\u00e9but \u00a0mais dans une marge brute \u00a0vous ne tenez pas compte des charges des structures\u00a0 !! Est ce judicieux dans certains cas ? Un diff\u00e9rentiel &hellip;<\/p>\n","protected":false},"author":1,"featured_media":0,"parent":0,"menu_order":0,"comment_status":"closed","ping_status":"closed","template":"","meta":{"_crdt_document":"","footnotes":""},"class_list":["post-1908","page","type-page","status-publish","hentry"],"yoast_head":"<!-- This site is optimized with the Yoast SEO plugin v27.4 - https:\/\/yoast.com\/product\/yoast-seo-wordpress\/ -->\n<title>Des outils de gestion ! - Info campus CFPPA<\/title>\n<meta name=\"robots\" content=\"index, follow, max-snippet:-1, max-image-preview:large, max-video-preview:-1\" \/>\n<link rel=\"canonical\" href=\"https:\/\/www.cfppa.fr\/infocampus\/outils-de-gestion\/\" \/>\n<meta property=\"og:locale\" content=\"fr_FR\" \/>\n<meta property=\"og:type\" content=\"article\" \/>\n<meta property=\"og:title\" content=\"Des outils de gestion ! - Info campus CFPPA\" \/>\n<meta property=\"og:description\" content=\"Quels sont les outils de gestion que vous pouvez utiliser pour analyser un projet ? &nbsp; Un diff\u00e9rentiel de marges brutes ?\u00a0 C&#8217;est un bon d\u00e9but \u00a0mais dans une marge brute \u00a0vous ne tenez pas compte des charges des structures\u00a0 !! Est ce judicieux dans certains cas ? Un diff\u00e9rentiel &hellip;\" \/>\n<meta property=\"og:url\" content=\"https:\/\/www.cfppa.fr\/infocampus\/outils-de-gestion\/\" \/>\n<meta property=\"og:site_name\" content=\"Info campus CFPPA\" \/>\n<meta property=\"article:modified_time\" content=\"2016-03-29T04:26:38+00:00\" \/>\n<meta property=\"og:image\" content=\"http:\/\/www.cfppa.fr\/infocampus\/wp-content\/plugins\/tinymce-emoticons\/images\/emoticons-set-1\/cry.png\" \/>\n<meta name=\"twitter:label1\" content=\"Dur\u00e9e de lecture estim\u00e9e\" \/>\n\t<meta name=\"twitter:data1\" content=\"2 minutes\" \/>\n<script type=\"application\/ld+json\" class=\"yoast-schema-graph\">{\"@context\":\"https:\\\/\\\/schema.org\",\"@graph\":[{\"@type\":\"WebPage\",\"@id\":\"https:\\\/\\\/www.cfppa.fr\\\/infocampus\\\/outils-de-gestion\\\/\",\"url\":\"https:\\\/\\\/www.cfppa.fr\\\/infocampus\\\/outils-de-gestion\\\/\",\"name\":\"Des outils de gestion ! - Info campus CFPPA\",\"isPartOf\":{\"@id\":\"http:\\\/\\\/www.cfppa.fr\\\/infocampus\\\/#website\"},\"primaryImageOfPage\":{\"@id\":\"https:\\\/\\\/www.cfppa.fr\\\/infocampus\\\/outils-de-gestion\\\/#primaryimage\"},\"image\":{\"@id\":\"https:\\\/\\\/www.cfppa.fr\\\/infocampus\\\/outils-de-gestion\\\/#primaryimage\"},\"thumbnailUrl\":\"http:\\\/\\\/www.cfppa.fr\\\/infocampus\\\/wp-content\\\/plugins\\\/tinymce-emoticons\\\/images\\\/emoticons-set-1\\\/cry.png\",\"datePublished\":\"2016-03-26T10:48:50+00:00\",\"dateModified\":\"2016-03-29T04:26:38+00:00\",\"breadcrumb\":{\"@id\":\"https:\\\/\\\/www.cfppa.fr\\\/infocampus\\\/outils-de-gestion\\\/#breadcrumb\"},\"inLanguage\":\"fr-FR\",\"potentialAction\":[{\"@type\":\"ReadAction\",\"target\":[\"https:\\\/\\\/www.cfppa.fr\\\/infocampus\\\/outils-de-gestion\\\/\"]}]},{\"@type\":\"ImageObject\",\"inLanguage\":\"fr-FR\",\"@id\":\"https:\\\/\\\/www.cfppa.fr\\\/infocampus\\\/outils-de-gestion\\\/#primaryimage\",\"url\":\"http:\\\/\\\/www.cfppa.fr\\\/infocampus\\\/wp-content\\\/plugins\\\/tinymce-emoticons\\\/images\\\/emoticons-set-1\\\/cry.png\",\"contentUrl\":\"http:\\\/\\\/www.cfppa.fr\\\/infocampus\\\/wp-content\\\/plugins\\\/tinymce-emoticons\\\/images\\\/emoticons-set-1\\\/cry.png\"},{\"@type\":\"BreadcrumbList\",\"@id\":\"https:\\\/\\\/www.cfppa.fr\\\/infocampus\\\/outils-de-gestion\\\/#breadcrumb\",\"itemListElement\":[{\"@type\":\"ListItem\",\"position\":1,\"name\":\"Accueil\",\"item\":\"http:\\\/\\\/www.cfppa.fr\\\/infocampus\\\/\"},{\"@type\":\"ListItem\",\"position\":2,\"name\":\"Des outils de gestion !\"}]},{\"@type\":\"WebSite\",\"@id\":\"http:\\\/\\\/www.cfppa.fr\\\/infocampus\\\/#website\",\"url\":\"http:\\\/\\\/www.cfppa.fr\\\/infocampus\\\/\",\"name\":\"Info campus CFPPA\",\"description\":\"Un site \u00e0 la page\",\"publisher\":{\"@id\":\"http:\\\/\\\/www.cfppa.fr\\\/infocampus\\\/#organization\"},\"potentialAction\":[{\"@type\":\"SearchAction\",\"target\":{\"@type\":\"EntryPoint\",\"urlTemplate\":\"http:\\\/\\\/www.cfppa.fr\\\/infocampus\\\/?s={search_term_string}\"},\"query-input\":{\"@type\":\"PropertyValueSpecification\",\"valueRequired\":true,\"valueName\":\"search_term_string\"}}],\"inLanguage\":\"fr-FR\"},{\"@type\":\"Organization\",\"@id\":\"http:\\\/\\\/www.cfppa.fr\\\/infocampus\\\/#organization\",\"name\":\"CFPPA de bourges\",\"url\":\"http:\\\/\\\/www.cfppa.fr\\\/infocampus\\\/\",\"logo\":{\"@type\":\"ImageObject\",\"inLanguage\":\"fr-FR\",\"@id\":\"http:\\\/\\\/www.cfppa.fr\\\/infocampus\\\/#\\\/schema\\\/logo\\\/image\\\/\",\"url\":\"https:\\\/\\\/www.cfppa.fr\\\/infocampus\\\/wp-content\\\/uploads\\\/2013\\\/09\\\/logo_ministerecfppa.png\",\"contentUrl\":\"https:\\\/\\\/www.cfppa.fr\\\/infocampus\\\/wp-content\\\/uploads\\\/2013\\\/09\\\/logo_ministerecfppa.png\",\"width\":1,\"height\":1,\"caption\":\"CFPPA de bourges\"},\"image\":{\"@id\":\"http:\\\/\\\/www.cfppa.fr\\\/infocampus\\\/#\\\/schema\\\/logo\\\/image\\\/\"}}]}<\/script>\n<!-- \/ Yoast SEO plugin. -->","yoast_head_json":{"title":"Des outils de gestion ! - Info campus CFPPA","robots":{"index":"index","follow":"follow","max-snippet":"max-snippet:-1","max-image-preview":"max-image-preview:large","max-video-preview":"max-video-preview:-1"},"canonical":"https:\/\/www.cfppa.fr\/infocampus\/outils-de-gestion\/","og_locale":"fr_FR","og_type":"article","og_title":"Des outils de gestion ! - Info campus CFPPA","og_description":"Quels sont les outils de gestion que vous pouvez utiliser pour analyser un projet ? &nbsp; Un diff\u00e9rentiel de marges brutes ?\u00a0 C&#8217;est un bon d\u00e9but \u00a0mais dans une marge brute \u00a0vous ne tenez pas compte des charges des structures\u00a0 !! Est ce judicieux dans certains cas ? Un diff\u00e9rentiel &hellip;","og_url":"https:\/\/www.cfppa.fr\/infocampus\/outils-de-gestion\/","og_site_name":"Info campus CFPPA","article_modified_time":"2016-03-29T04:26:38+00:00","og_image":[{"url":"http:\/\/www.cfppa.fr\/infocampus\/wp-content\/plugins\/tinymce-emoticons\/images\/emoticons-set-1\/cry.png","type":"","width":"","height":""}],"twitter_misc":{"Dur\u00e9e de lecture estim\u00e9e":"2 minutes"},"schema":{"@context":"https:\/\/schema.org","@graph":[{"@type":"WebPage","@id":"https:\/\/www.cfppa.fr\/infocampus\/outils-de-gestion\/","url":"https:\/\/www.cfppa.fr\/infocampus\/outils-de-gestion\/","name":"Des outils de gestion ! - Info campus CFPPA","isPartOf":{"@id":"http:\/\/www.cfppa.fr\/infocampus\/#website"},"primaryImageOfPage":{"@id":"https:\/\/www.cfppa.fr\/infocampus\/outils-de-gestion\/#primaryimage"},"image":{"@id":"https:\/\/www.cfppa.fr\/infocampus\/outils-de-gestion\/#primaryimage"},"thumbnailUrl":"http:\/\/www.cfppa.fr\/infocampus\/wp-content\/plugins\/tinymce-emoticons\/images\/emoticons-set-1\/cry.png","datePublished":"2016-03-26T10:48:50+00:00","dateModified":"2016-03-29T04:26:38+00:00","breadcrumb":{"@id":"https:\/\/www.cfppa.fr\/infocampus\/outils-de-gestion\/#breadcrumb"},"inLanguage":"fr-FR","potentialAction":[{"@type":"ReadAction","target":["https:\/\/www.cfppa.fr\/infocampus\/outils-de-gestion\/"]}]},{"@type":"ImageObject","inLanguage":"fr-FR","@id":"https:\/\/www.cfppa.fr\/infocampus\/outils-de-gestion\/#primaryimage","url":"http:\/\/www.cfppa.fr\/infocampus\/wp-content\/plugins\/tinymce-emoticons\/images\/emoticons-set-1\/cry.png","contentUrl":"http:\/\/www.cfppa.fr\/infocampus\/wp-content\/plugins\/tinymce-emoticons\/images\/emoticons-set-1\/cry.png"},{"@type":"BreadcrumbList","@id":"https:\/\/www.cfppa.fr\/infocampus\/outils-de-gestion\/#breadcrumb","itemListElement":[{"@type":"ListItem","position":1,"name":"Accueil","item":"http:\/\/www.cfppa.fr\/infocampus\/"},{"@type":"ListItem","position":2,"name":"Des outils de gestion !"}]},{"@type":"WebSite","@id":"http:\/\/www.cfppa.fr\/infocampus\/#website","url":"http:\/\/www.cfppa.fr\/infocampus\/","name":"Info campus CFPPA","description":"Un site \u00e0 la page","publisher":{"@id":"http:\/\/www.cfppa.fr\/infocampus\/#organization"},"potentialAction":[{"@type":"SearchAction","target":{"@type":"EntryPoint","urlTemplate":"http:\/\/www.cfppa.fr\/infocampus\/?s={search_term_string}"},"query-input":{"@type":"PropertyValueSpecification","valueRequired":true,"valueName":"search_term_string"}}],"inLanguage":"fr-FR"},{"@type":"Organization","@id":"http:\/\/www.cfppa.fr\/infocampus\/#organization","name":"CFPPA de bourges","url":"http:\/\/www.cfppa.fr\/infocampus\/","logo":{"@type":"ImageObject","inLanguage":"fr-FR","@id":"http:\/\/www.cfppa.fr\/infocampus\/#\/schema\/logo\/image\/","url":"https:\/\/www.cfppa.fr\/infocampus\/wp-content\/uploads\/2013\/09\/logo_ministerecfppa.png","contentUrl":"https:\/\/www.cfppa.fr\/infocampus\/wp-content\/uploads\/2013\/09\/logo_ministerecfppa.png","width":1,"height":1,"caption":"CFPPA de bourges"},"image":{"@id":"http:\/\/www.cfppa.fr\/infocampus\/#\/schema\/logo\/image\/"}}]}},"_links":{"self":[{"href":"https:\/\/www.cfppa.fr\/infocampus\/wp-json\/wp\/v2\/pages\/1908","targetHints":{"allow":["GET"]}}],"collection":[{"href":"https:\/\/www.cfppa.fr\/infocampus\/wp-json\/wp\/v2\/pages"}],"about":[{"href":"https:\/\/www.cfppa.fr\/infocampus\/wp-json\/wp\/v2\/types\/page"}],"author":[{"embeddable":true,"href":"https:\/\/www.cfppa.fr\/infocampus\/wp-json\/wp\/v2\/users\/1"}],"replies":[{"embeddable":true,"href":"https:\/\/www.cfppa.fr\/infocampus\/wp-json\/wp\/v2\/comments?post=1908"}],"version-history":[{"count":0,"href":"https:\/\/www.cfppa.fr\/infocampus\/wp-json\/wp\/v2\/pages\/1908\/revisions"}],"wp:attachment":[{"href":"https:\/\/www.cfppa.fr\/infocampus\/wp-json\/wp\/v2\/media?parent=1908"}],"curies":[{"name":"wp","href":"https:\/\/api.w.org\/{rel}","templated":true}]}}