{"id":1675,"date":"2015-03-20T07:18:03","date_gmt":"2015-03-20T06:18:03","guid":{"rendered":"http:\/\/www.cfppa.fr\/infocampus\/?page_id=1675"},"modified":"2020-08-14T12:03:02","modified_gmt":"2020-08-14T10:03:02","slug":"une-autre-facon-de-voire-la-reproduction","status":"publish","type":"page","link":"https:\/\/www.cfppa.fr\/infocampus\/zoo-et-pa\/la-reproduction\/une-autre-facon-de-voire-la-reproduction\/","title":{"rendered":"Une autre fa\u00e7on de voire la reproduction !"},"content":{"rendered":"<p>&nbsp;<\/p>\n<p>&nbsp;<\/p>\n<p>Il \u00e9tait une fois la synchronisation des chaleurs chez les ovins ! : <a href=\"http:\/\/youtu.be\/06UyGCxmOiY\" target=\"_blank\" rel=\"noopener noreferrer\">une vid\u00e9o \u00e9tonnante ! \ud83d\ude42&nbsp;<\/a><\/p>\n<p><a href=\"http:\/\/www.cfppa.fr\/infocampus\/wp-content\/uploads\/2015\/03\/eponge.gif\"><img decoding=\"async\" class=\"aligncenter size-full wp-image-1676 lazyload\" data-src=\"http:\/\/www.cfppa.fr\/infocampus\/wp-content\/uploads\/2015\/03\/eponge.gif\" alt=\"eponge\" width=\"400\" height=\"310\" src=\"data:image\/svg+xml;base64,PHN2ZyB3aWR0aD0iMSIgaGVpZ2h0PSIxIiB4bWxucz0iaHR0cDovL3d3dy53My5vcmcvMjAwMC9zdmciPjwvc3ZnPg==\" style=\"--smush-placeholder-width: 400px; --smush-placeholder-aspect-ratio: 400\/310;\" \/><\/a><\/p>\n<p><a href=\"http:\/\/www.cfppa.fr\/infocampus\/wp-content\/uploads\/2015\/03\/reproduction_eponge.jpg\"><img decoding=\"async\" class=\"aligncenter size-full wp-image-1677 lazyload\" data-src=\"http:\/\/www.cfppa.fr\/infocampus\/wp-content\/uploads\/2015\/03\/reproduction_eponge.jpg\" alt=\"reproduction_eponge\" width=\"241\" height=\"181\" src=\"data:image\/svg+xml;base64,PHN2ZyB3aWR0aD0iMSIgaGVpZ2h0PSIxIiB4bWxucz0iaHR0cDovL3d3dy53My5vcmcvMjAwMC9zdmciPjwvc3ZnPg==\" style=\"--smush-placeholder-width: 241px; --smush-placeholder-aspect-ratio: 241\/181;\" \/><\/a><\/p>\n<p><a href=\"http:\/\/www.cfppa.fr\/infocampus\/wp-content\/uploads\/2015\/03\/pose_eponges_0937d060cb.jpg\"><img decoding=\"async\" class=\"aligncenter size-full wp-image-1678 lazyload\" data-src=\"http:\/\/www.cfppa.fr\/infocampus\/wp-content\/uploads\/2015\/03\/pose_eponges_0937d060cb.jpg\" alt=\"pose_eponges_0937d060cb\" width=\"800\" height=\"536\" data-srcset=\"https:\/\/www.cfppa.fr\/infocampus\/wp-content\/uploads\/2015\/03\/pose_eponges_0937d060cb.jpg 800w, https:\/\/www.cfppa.fr\/infocampus\/wp-content\/uploads\/2015\/03\/pose_eponges_0937d060cb-300x201.jpg 300w\" data-sizes=\"(max-width: 800px) 100vw, 800px\" src=\"data:image\/svg+xml;base64,PHN2ZyB3aWR0aD0iMSIgaGVpZ2h0PSIxIiB4bWxucz0iaHR0cDovL3d3dy53My5vcmcvMjAwMC9zdmciPjwvc3ZnPg==\" style=\"--smush-placeholder-width: 800px; --smush-placeholder-aspect-ratio: 800\/536;\" \/><\/a><\/p>\n<p>&nbsp;<\/p>\n","protected":false},"excerpt":{"rendered":"<p>&nbsp; &nbsp; Il \u00e9tait une fois la synchronisation des chaleurs chez les ovins ! : une vid\u00e9o \u00e9tonnante ! \ud83d\ude42&nbsp; &nbsp;<\/p>\n","protected":false},"author":1,"featured_media":0,"parent":552,"menu_order":0,"comment_status":"open","ping_status":"open","template":"","meta":{"_crdt_document":"","footnotes":""},"class_list":["post-1675","page","type-page","status-publish","hentry"],"yoast_head":"<!-- This site is optimized with the Yoast SEO plugin v27.4 - https:\/\/yoast.com\/product\/yoast-seo-wordpress\/ -->\n<title>Une autre fa\u00e7on de voire la reproduction ! - Info campus CFPPA<\/title>\n<meta name=\"robots\" content=\"index, follow, max-snippet:-1, max-image-preview:large, max-video-preview:-1\" \/>\n<link rel=\"canonical\" href=\"http:\/\/www.cfppa.fr\/infocampus\/zoo-et-pa\/la-reproduction\/une-autre-facon-de-voire-la-reproduction\/\" \/>\n<meta property=\"og:locale\" content=\"fr_FR\" \/>\n<meta property=\"og:type\" content=\"article\" \/>\n<meta property=\"og:title\" content=\"Une autre fa\u00e7on de voire la reproduction ! - Info campus CFPPA\" \/>\n<meta property=\"og:description\" content=\"&nbsp; &nbsp; Il \u00e9tait une fois la synchronisation des chaleurs chez les ovins ! : une vid\u00e9o \u00e9tonnante ! \ud83d\ude42&nbsp; &nbsp;\" \/>\n<meta property=\"og:url\" content=\"http:\/\/www.cfppa.fr\/infocampus\/zoo-et-pa\/la-reproduction\/une-autre-facon-de-voire-la-reproduction\/\" \/>\n<meta property=\"og:site_name\" content=\"Info campus CFPPA\" \/>\n<meta property=\"article:modified_time\" content=\"2020-08-14T10:03:02+00:00\" \/>\n<meta property=\"og:image\" content=\"http:\/\/www.cfppa.fr\/infocampus\/wp-content\/uploads\/2015\/03\/eponge.gif\" \/>\n<script type=\"application\/ld+json\" class=\"yoast-schema-graph\">{\"@context\":\"https:\\\/\\\/schema.org\",\"@graph\":[{\"@type\":\"WebPage\",\"@id\":\"http:\\\/\\\/www.cfppa.fr\\\/infocampus\\\/zoo-et-pa\\\/la-reproduction\\\/une-autre-facon-de-voire-la-reproduction\\\/\",\"url\":\"http:\\\/\\\/www.cfppa.fr\\\/infocampus\\\/zoo-et-pa\\\/la-reproduction\\\/une-autre-facon-de-voire-la-reproduction\\\/\",\"name\":\"Une autre fa\u00e7on de voire la reproduction ! - Info campus CFPPA\",\"isPartOf\":{\"@id\":\"http:\\\/\\\/www.cfppa.fr\\\/infocampus\\\/#website\"},\"primaryImageOfPage\":{\"@id\":\"http:\\\/\\\/www.cfppa.fr\\\/infocampus\\\/zoo-et-pa\\\/la-reproduction\\\/une-autre-facon-de-voire-la-reproduction\\\/#primaryimage\"},\"image\":{\"@id\":\"http:\\\/\\\/www.cfppa.fr\\\/infocampus\\\/zoo-et-pa\\\/la-reproduction\\\/une-autre-facon-de-voire-la-reproduction\\\/#primaryimage\"},\"thumbnailUrl\":\"http:\\\/\\\/www.cfppa.fr\\\/infocampus\\\/wp-content\\\/uploads\\\/2015\\\/03\\\/eponge.gif\",\"datePublished\":\"2015-03-20T06:18:03+00:00\",\"dateModified\":\"2020-08-14T10:03:02+00:00\",\"breadcrumb\":{\"@id\":\"http:\\\/\\\/www.cfppa.fr\\\/infocampus\\\/zoo-et-pa\\\/la-reproduction\\\/une-autre-facon-de-voire-la-reproduction\\\/#breadcrumb\"},\"inLanguage\":\"fr-FR\",\"potentialAction\":[{\"@type\":\"ReadAction\",\"target\":[\"http:\\\/\\\/www.cfppa.fr\\\/infocampus\\\/zoo-et-pa\\\/la-reproduction\\\/une-autre-facon-de-voire-la-reproduction\\\/\"]}]},{\"@type\":\"ImageObject\",\"inLanguage\":\"fr-FR\",\"@id\":\"http:\\\/\\\/www.cfppa.fr\\\/infocampus\\\/zoo-et-pa\\\/la-reproduction\\\/une-autre-facon-de-voire-la-reproduction\\\/#primaryimage\",\"url\":\"https:\\\/\\\/www.cfppa.fr\\\/infocampus\\\/wp-content\\\/uploads\\\/2015\\\/03\\\/eponge.gif\",\"contentUrl\":\"https:\\\/\\\/www.cfppa.fr\\\/infocampus\\\/wp-content\\\/uploads\\\/2015\\\/03\\\/eponge.gif\",\"width\":400,\"height\":310},{\"@type\":\"BreadcrumbList\",\"@id\":\"http:\\\/\\\/www.cfppa.fr\\\/infocampus\\\/zoo-et-pa\\\/la-reproduction\\\/une-autre-facon-de-voire-la-reproduction\\\/#breadcrumb\",\"itemListElement\":[{\"@type\":\"ListItem\",\"position\":1,\"name\":\"Accueil\",\"item\":\"http:\\\/\\\/www.cfppa.fr\\\/infocampus\\\/\"},{\"@type\":\"ListItem\",\"position\":2,\"name\":\"Zoo et PA\",\"item\":\"http:\\\/\\\/www.cfppa.fr\\\/infocampus\\\/zoo-et-pa\\\/\"},{\"@type\":\"ListItem\",\"position\":3,\"name\":\"La reproduction\",\"item\":\"http:\\\/\\\/www.cfppa.fr\\\/infocampus\\\/zoo-et-pa\\\/la-reproduction\\\/\"},{\"@type\":\"ListItem\",\"position\":4,\"name\":\"Une autre fa\u00e7on de voire la reproduction !\"}]},{\"@type\":\"WebSite\",\"@id\":\"http:\\\/\\\/www.cfppa.fr\\\/infocampus\\\/#website\",\"url\":\"http:\\\/\\\/www.cfppa.fr\\\/infocampus\\\/\",\"name\":\"Info campus CFPPA\",\"description\":\"Un site \u00e0 la page\",\"publisher\":{\"@id\":\"http:\\\/\\\/www.cfppa.fr\\\/infocampus\\\/#organization\"},\"potentialAction\":[{\"@type\":\"SearchAction\",\"target\":{\"@type\":\"EntryPoint\",\"urlTemplate\":\"http:\\\/\\\/www.cfppa.fr\\\/infocampus\\\/?s={search_term_string}\"},\"query-input\":{\"@type\":\"PropertyValueSpecification\",\"valueRequired\":true,\"valueName\":\"search_term_string\"}}],\"inLanguage\":\"fr-FR\"},{\"@type\":\"Organization\",\"@id\":\"http:\\\/\\\/www.cfppa.fr\\\/infocampus\\\/#organization\",\"name\":\"CFPPA de bourges\",\"url\":\"http:\\\/\\\/www.cfppa.fr\\\/infocampus\\\/\",\"logo\":{\"@type\":\"ImageObject\",\"inLanguage\":\"fr-FR\",\"@id\":\"http:\\\/\\\/www.cfppa.fr\\\/infocampus\\\/#\\\/schema\\\/logo\\\/image\\\/\",\"url\":\"https:\\\/\\\/www.cfppa.fr\\\/infocampus\\\/wp-content\\\/uploads\\\/2013\\\/09\\\/logo_ministerecfppa.png\",\"contentUrl\":\"https:\\\/\\\/www.cfppa.fr\\\/infocampus\\\/wp-content\\\/uploads\\\/2013\\\/09\\\/logo_ministerecfppa.png\",\"width\":1,\"height\":1,\"caption\":\"CFPPA de bourges\"},\"image\":{\"@id\":\"http:\\\/\\\/www.cfppa.fr\\\/infocampus\\\/#\\\/schema\\\/logo\\\/image\\\/\"}}]}<\/script>\n<!-- \/ Yoast SEO plugin. -->","yoast_head_json":{"title":"Une autre fa\u00e7on de voire la reproduction ! - Info campus CFPPA","robots":{"index":"index","follow":"follow","max-snippet":"max-snippet:-1","max-image-preview":"max-image-preview:large","max-video-preview":"max-video-preview:-1"},"canonical":"http:\/\/www.cfppa.fr\/infocampus\/zoo-et-pa\/la-reproduction\/une-autre-facon-de-voire-la-reproduction\/","og_locale":"fr_FR","og_type":"article","og_title":"Une autre fa\u00e7on de voire la reproduction ! - Info campus CFPPA","og_description":"&nbsp; &nbsp; Il \u00e9tait une fois la synchronisation des chaleurs chez les ovins ! : une vid\u00e9o \u00e9tonnante ! \ud83d\ude42&nbsp; &nbsp;","og_url":"http:\/\/www.cfppa.fr\/infocampus\/zoo-et-pa\/la-reproduction\/une-autre-facon-de-voire-la-reproduction\/","og_site_name":"Info campus CFPPA","article_modified_time":"2020-08-14T10:03:02+00:00","og_image":[{"url":"http:\/\/www.cfppa.fr\/infocampus\/wp-content\/uploads\/2015\/03\/eponge.gif","type":"","width":"","height":""}],"schema":{"@context":"https:\/\/schema.org","@graph":[{"@type":"WebPage","@id":"http:\/\/www.cfppa.fr\/infocampus\/zoo-et-pa\/la-reproduction\/une-autre-facon-de-voire-la-reproduction\/","url":"http:\/\/www.cfppa.fr\/infocampus\/zoo-et-pa\/la-reproduction\/une-autre-facon-de-voire-la-reproduction\/","name":"Une autre fa\u00e7on de voire la reproduction ! - Info campus CFPPA","isPartOf":{"@id":"http:\/\/www.cfppa.fr\/infocampus\/#website"},"primaryImageOfPage":{"@id":"http:\/\/www.cfppa.fr\/infocampus\/zoo-et-pa\/la-reproduction\/une-autre-facon-de-voire-la-reproduction\/#primaryimage"},"image":{"@id":"http:\/\/www.cfppa.fr\/infocampus\/zoo-et-pa\/la-reproduction\/une-autre-facon-de-voire-la-reproduction\/#primaryimage"},"thumbnailUrl":"http:\/\/www.cfppa.fr\/infocampus\/wp-content\/uploads\/2015\/03\/eponge.gif","datePublished":"2015-03-20T06:18:03+00:00","dateModified":"2020-08-14T10:03:02+00:00","breadcrumb":{"@id":"http:\/\/www.cfppa.fr\/infocampus\/zoo-et-pa\/la-reproduction\/une-autre-facon-de-voire-la-reproduction\/#breadcrumb"},"inLanguage":"fr-FR","potentialAction":[{"@type":"ReadAction","target":["http:\/\/www.cfppa.fr\/infocampus\/zoo-et-pa\/la-reproduction\/une-autre-facon-de-voire-la-reproduction\/"]}]},{"@type":"ImageObject","inLanguage":"fr-FR","@id":"http:\/\/www.cfppa.fr\/infocampus\/zoo-et-pa\/la-reproduction\/une-autre-facon-de-voire-la-reproduction\/#primaryimage","url":"https:\/\/www.cfppa.fr\/infocampus\/wp-content\/uploads\/2015\/03\/eponge.gif","contentUrl":"https:\/\/www.cfppa.fr\/infocampus\/wp-content\/uploads\/2015\/03\/eponge.gif","width":400,"height":310},{"@type":"BreadcrumbList","@id":"http:\/\/www.cfppa.fr\/infocampus\/zoo-et-pa\/la-reproduction\/une-autre-facon-de-voire-la-reproduction\/#breadcrumb","itemListElement":[{"@type":"ListItem","position":1,"name":"Accueil","item":"http:\/\/www.cfppa.fr\/infocampus\/"},{"@type":"ListItem","position":2,"name":"Zoo et PA","item":"http:\/\/www.cfppa.fr\/infocampus\/zoo-et-pa\/"},{"@type":"ListItem","position":3,"name":"La reproduction","item":"http:\/\/www.cfppa.fr\/infocampus\/zoo-et-pa\/la-reproduction\/"},{"@type":"ListItem","position":4,"name":"Une autre fa\u00e7on de voire la reproduction !"}]},{"@type":"WebSite","@id":"http:\/\/www.cfppa.fr\/infocampus\/#website","url":"http:\/\/www.cfppa.fr\/infocampus\/","name":"Info campus CFPPA","description":"Un site \u00e0 la page","publisher":{"@id":"http:\/\/www.cfppa.fr\/infocampus\/#organization"},"potentialAction":[{"@type":"SearchAction","target":{"@type":"EntryPoint","urlTemplate":"http:\/\/www.cfppa.fr\/infocampus\/?s={search_term_string}"},"query-input":{"@type":"PropertyValueSpecification","valueRequired":true,"valueName":"search_term_string"}}],"inLanguage":"fr-FR"},{"@type":"Organization","@id":"http:\/\/www.cfppa.fr\/infocampus\/#organization","name":"CFPPA de bourges","url":"http:\/\/www.cfppa.fr\/infocampus\/","logo":{"@type":"ImageObject","inLanguage":"fr-FR","@id":"http:\/\/www.cfppa.fr\/infocampus\/#\/schema\/logo\/image\/","url":"https:\/\/www.cfppa.fr\/infocampus\/wp-content\/uploads\/2013\/09\/logo_ministerecfppa.png","contentUrl":"https:\/\/www.cfppa.fr\/infocampus\/wp-content\/uploads\/2013\/09\/logo_ministerecfppa.png","width":1,"height":1,"caption":"CFPPA de bourges"},"image":{"@id":"http:\/\/www.cfppa.fr\/infocampus\/#\/schema\/logo\/image\/"}}]}},"_links":{"self":[{"href":"https:\/\/www.cfppa.fr\/infocampus\/wp-json\/wp\/v2\/pages\/1675","targetHints":{"allow":["GET"]}}],"collection":[{"href":"https:\/\/www.cfppa.fr\/infocampus\/wp-json\/wp\/v2\/pages"}],"about":[{"href":"https:\/\/www.cfppa.fr\/infocampus\/wp-json\/wp\/v2\/types\/page"}],"author":[{"embeddable":true,"href":"https:\/\/www.cfppa.fr\/infocampus\/wp-json\/wp\/v2\/users\/1"}],"replies":[{"embeddable":true,"href":"https:\/\/www.cfppa.fr\/infocampus\/wp-json\/wp\/v2\/comments?post=1675"}],"version-history":[{"count":1,"href":"https:\/\/www.cfppa.fr\/infocampus\/wp-json\/wp\/v2\/pages\/1675\/revisions"}],"predecessor-version":[{"id":2313,"href":"https:\/\/www.cfppa.fr\/infocampus\/wp-json\/wp\/v2\/pages\/1675\/revisions\/2313"}],"up":[{"embeddable":true,"href":"https:\/\/www.cfppa.fr\/infocampus\/wp-json\/wp\/v2\/pages\/552"}],"wp:attachment":[{"href":"https:\/\/www.cfppa.fr\/infocampus\/wp-json\/wp\/v2\/media?parent=1675"}],"curies":[{"name":"wp","href":"https:\/\/api.w.org\/{rel}","templated":true}]}}