{"id":1561,"date":"2015-01-16T07:19:18","date_gmt":"2015-01-16T06:19:18","guid":{"rendered":"http:\/\/www.cfppa.fr\/infocampus\/?page_id=1561"},"modified":"2015-01-16T07:19:18","modified_gmt":"2015-01-16T06:19:18","slug":"paquet-hygiene","status":"publish","type":"page","link":"https:\/\/www.cfppa.fr\/infocampus\/paquet-hygiene\/","title":{"rendered":"Paquet hygi\u00e8ne"},"content":{"rendered":"<p style=\"text-align: center;\">Le paquet Hygi\u00e8ne : de la fourche \u00e0 la fourchette !!<\/p>\n<p style=\"text-align: center;\">obligation de r\u00e9sultats mais pas de moyens<\/p>\n<p style=\"text-align: center;\"><a href=\"http:\/\/www.economie.gouv.fr\/dgccrf\/dgccrf\" target=\"_blank\">DGCCRF<\/a><\/p>\n<p style=\"text-align: center;\"><a href=\"http:\/\/agriculture.gouv.fr\/le-paquet-hygiene\" target=\"_blank\">Paquet hygi\u00e8ne\u00a0<\/a><\/p>\n<p style=\"text-align: center;\"><a href=\"http:\/\/www.bretagne.synagri.com\/ca1\/PJ.nsf\/TECHPJPARCLEF\/18699\/$File\/R%C3%A9glementation%20Sanitaire.pdf?OpenElement\" target=\"_blank\">vente directe\u00a0<\/a><\/p>\n<p>groupe 1 :\u00a0Groupe 1\u00a0:<a href=\"http:\/\/agriculture.gouv.fr\/la-reglementation\" target=\"_blank\"> Food Law<\/a> (r\u00e8glement 178\/2002)\/ r\u00e8glement 183\/2005 et r\u00e8glement 882\/2004)<\/p>\n<p>groupe 2 :\u00a0Directives <a href=\"http:\/\/www.cma-doubs.fr\/imagesUp\/doc\/94.pdf\" target=\"_blank\">\u00a0852<\/a>, 853,854 \/2004<\/p>\n<p>Groupe 3 :\u00a0<a href=\"http:\/\/agriculture.gouv.fr\/guides-de-bonnes-pratiques-hygiene\" target=\"_blank\">les guides de bonnes pratiques<\/a><\/p>\n<p>Groupe 4 :\u00a0<a href=\"http:\/\/agriculture.gouv.fr\/IMG\/pdf\/fiche_plan_maitrise_181105.pdf\" target=\"_blank\">les plans de ma\u00eetrise sanitaire<\/a><\/p>\n<p>Groupe 5 :<a href=\"http:\/\/www.installationsclassees.developpement-durable.gouv.fr\/-Installation-classee-.html\" target=\"_blank\"> les\u00a0installations class\u00e9es<\/a><\/p>\n<p>Groupe 6 : <a href=\"http:\/\/rhone-alpes.synagri.com\/synagri\/pj.nsf\/TECHPJPARCLEF\/02236\/$File\/CATALOG%20FILIERES%20fil%20ventedirprodfermiere.pdf?OpenElement\" target=\"_blank\">vente directe\u00a0<\/a><\/p>\n<p>Groupe 7: cas du \u00a0<a href=\"http:\/\/agriculture.gouv.fr\/IMG\/pdf\/DGALN20128181Z_cle86f4a2.pdf\" target=\"_blank\">steak hach\u00e9 <\/a>\u00a0en vente directe<\/p>\n<p>&nbsp;<\/p>\n","protected":false},"excerpt":{"rendered":"<p>Le paquet Hygi\u00e8ne : de la fourche \u00e0 la fourchette !! obligation de r\u00e9sultats mais pas de moyens DGCCRF Paquet hygi\u00e8ne\u00a0 vente directe\u00a0 groupe 1 :\u00a0Groupe 1\u00a0: Food Law (r\u00e8glement 178\/2002)\/ r\u00e8glement 183\/2005 et r\u00e8glement 882\/2004) groupe 2 :\u00a0Directives \u00a0852, 853,854 \/2004 Groupe 3 :\u00a0les guides de bonnes pratiques Groupe &hellip;<\/p>\n","protected":false},"author":1,"featured_media":0,"parent":0,"menu_order":0,"comment_status":"open","ping_status":"open","template":"","meta":{"_crdt_document":"","footnotes":""},"class_list":["post-1561","page","type-page","status-publish","hentry"],"yoast_head":"<!-- This site is optimized with the Yoast SEO plugin v27.4 - https:\/\/yoast.com\/product\/yoast-seo-wordpress\/ -->\n<title>Paquet hygi\u00e8ne - Info campus CFPPA<\/title>\n<meta name=\"robots\" content=\"index, follow, max-snippet:-1, max-image-preview:large, max-video-preview:-1\" \/>\n<link rel=\"canonical\" href=\"https:\/\/www.cfppa.fr\/infocampus\/paquet-hygiene\/\" \/>\n<meta property=\"og:locale\" content=\"fr_FR\" \/>\n<meta property=\"og:type\" content=\"article\" \/>\n<meta property=\"og:title\" content=\"Paquet hygi\u00e8ne - Info campus CFPPA\" \/>\n<meta property=\"og:description\" content=\"Le paquet Hygi\u00e8ne : de la fourche \u00e0 la fourchette !! obligation de r\u00e9sultats mais pas de moyens DGCCRF Paquet hygi\u00e8ne\u00a0 vente directe\u00a0 groupe 1 :\u00a0Groupe 1\u00a0: Food Law (r\u00e8glement 178\/2002)\/ r\u00e8glement 183\/2005 et r\u00e8glement 882\/2004) groupe 2 :\u00a0Directives \u00a0852, 853,854 \/2004 Groupe 3 :\u00a0les guides de bonnes pratiques Groupe &hellip;\" \/>\n<meta property=\"og:url\" content=\"https:\/\/www.cfppa.fr\/infocampus\/paquet-hygiene\/\" \/>\n<meta property=\"og:site_name\" content=\"Info campus CFPPA\" \/>\n<script type=\"application\/ld+json\" class=\"yoast-schema-graph\">{\"@context\":\"https:\\\/\\\/schema.org\",\"@graph\":[{\"@type\":\"WebPage\",\"@id\":\"https:\\\/\\\/www.cfppa.fr\\\/infocampus\\\/paquet-hygiene\\\/\",\"url\":\"https:\\\/\\\/www.cfppa.fr\\\/infocampus\\\/paquet-hygiene\\\/\",\"name\":\"Paquet hygi\u00e8ne - Info campus CFPPA\",\"isPartOf\":{\"@id\":\"http:\\\/\\\/www.cfppa.fr\\\/infocampus\\\/#website\"},\"datePublished\":\"2015-01-16T06:19:18+00:00\",\"breadcrumb\":{\"@id\":\"https:\\\/\\\/www.cfppa.fr\\\/infocampus\\\/paquet-hygiene\\\/#breadcrumb\"},\"inLanguage\":\"fr-FR\",\"potentialAction\":[{\"@type\":\"ReadAction\",\"target\":[\"https:\\\/\\\/www.cfppa.fr\\\/infocampus\\\/paquet-hygiene\\\/\"]}]},{\"@type\":\"BreadcrumbList\",\"@id\":\"https:\\\/\\\/www.cfppa.fr\\\/infocampus\\\/paquet-hygiene\\\/#breadcrumb\",\"itemListElement\":[{\"@type\":\"ListItem\",\"position\":1,\"name\":\"Accueil\",\"item\":\"http:\\\/\\\/www.cfppa.fr\\\/infocampus\\\/\"},{\"@type\":\"ListItem\",\"position\":2,\"name\":\"Paquet hygi\u00e8ne\"}]},{\"@type\":\"WebSite\",\"@id\":\"http:\\\/\\\/www.cfppa.fr\\\/infocampus\\\/#website\",\"url\":\"http:\\\/\\\/www.cfppa.fr\\\/infocampus\\\/\",\"name\":\"Info campus CFPPA\",\"description\":\"Un site \u00e0 la page\",\"publisher\":{\"@id\":\"http:\\\/\\\/www.cfppa.fr\\\/infocampus\\\/#organization\"},\"potentialAction\":[{\"@type\":\"SearchAction\",\"target\":{\"@type\":\"EntryPoint\",\"urlTemplate\":\"http:\\\/\\\/www.cfppa.fr\\\/infocampus\\\/?s={search_term_string}\"},\"query-input\":{\"@type\":\"PropertyValueSpecification\",\"valueRequired\":true,\"valueName\":\"search_term_string\"}}],\"inLanguage\":\"fr-FR\"},{\"@type\":\"Organization\",\"@id\":\"http:\\\/\\\/www.cfppa.fr\\\/infocampus\\\/#organization\",\"name\":\"CFPPA de bourges\",\"url\":\"http:\\\/\\\/www.cfppa.fr\\\/infocampus\\\/\",\"logo\":{\"@type\":\"ImageObject\",\"inLanguage\":\"fr-FR\",\"@id\":\"http:\\\/\\\/www.cfppa.fr\\\/infocampus\\\/#\\\/schema\\\/logo\\\/image\\\/\",\"url\":\"https:\\\/\\\/www.cfppa.fr\\\/infocampus\\\/wp-content\\\/uploads\\\/2013\\\/09\\\/logo_ministerecfppa.png\",\"contentUrl\":\"https:\\\/\\\/www.cfppa.fr\\\/infocampus\\\/wp-content\\\/uploads\\\/2013\\\/09\\\/logo_ministerecfppa.png\",\"width\":1,\"height\":1,\"caption\":\"CFPPA de bourges\"},\"image\":{\"@id\":\"http:\\\/\\\/www.cfppa.fr\\\/infocampus\\\/#\\\/schema\\\/logo\\\/image\\\/\"}}]}<\/script>\n<!-- \/ Yoast SEO plugin. -->","yoast_head_json":{"title":"Paquet hygi\u00e8ne - Info campus CFPPA","robots":{"index":"index","follow":"follow","max-snippet":"max-snippet:-1","max-image-preview":"max-image-preview:large","max-video-preview":"max-video-preview:-1"},"canonical":"https:\/\/www.cfppa.fr\/infocampus\/paquet-hygiene\/","og_locale":"fr_FR","og_type":"article","og_title":"Paquet hygi\u00e8ne - Info campus CFPPA","og_description":"Le paquet Hygi\u00e8ne : de la fourche \u00e0 la fourchette !! obligation de r\u00e9sultats mais pas de moyens DGCCRF Paquet hygi\u00e8ne\u00a0 vente directe\u00a0 groupe 1 :\u00a0Groupe 1\u00a0: Food Law (r\u00e8glement 178\/2002)\/ r\u00e8glement 183\/2005 et r\u00e8glement 882\/2004) groupe 2 :\u00a0Directives \u00a0852, 853,854 \/2004 Groupe 3 :\u00a0les guides de bonnes pratiques Groupe &hellip;","og_url":"https:\/\/www.cfppa.fr\/infocampus\/paquet-hygiene\/","og_site_name":"Info campus CFPPA","schema":{"@context":"https:\/\/schema.org","@graph":[{"@type":"WebPage","@id":"https:\/\/www.cfppa.fr\/infocampus\/paquet-hygiene\/","url":"https:\/\/www.cfppa.fr\/infocampus\/paquet-hygiene\/","name":"Paquet hygi\u00e8ne - Info campus CFPPA","isPartOf":{"@id":"http:\/\/www.cfppa.fr\/infocampus\/#website"},"datePublished":"2015-01-16T06:19:18+00:00","breadcrumb":{"@id":"https:\/\/www.cfppa.fr\/infocampus\/paquet-hygiene\/#breadcrumb"},"inLanguage":"fr-FR","potentialAction":[{"@type":"ReadAction","target":["https:\/\/www.cfppa.fr\/infocampus\/paquet-hygiene\/"]}]},{"@type":"BreadcrumbList","@id":"https:\/\/www.cfppa.fr\/infocampus\/paquet-hygiene\/#breadcrumb","itemListElement":[{"@type":"ListItem","position":1,"name":"Accueil","item":"http:\/\/www.cfppa.fr\/infocampus\/"},{"@type":"ListItem","position":2,"name":"Paquet hygi\u00e8ne"}]},{"@type":"WebSite","@id":"http:\/\/www.cfppa.fr\/infocampus\/#website","url":"http:\/\/www.cfppa.fr\/infocampus\/","name":"Info campus CFPPA","description":"Un site \u00e0 la page","publisher":{"@id":"http:\/\/www.cfppa.fr\/infocampus\/#organization"},"potentialAction":[{"@type":"SearchAction","target":{"@type":"EntryPoint","urlTemplate":"http:\/\/www.cfppa.fr\/infocampus\/?s={search_term_string}"},"query-input":{"@type":"PropertyValueSpecification","valueRequired":true,"valueName":"search_term_string"}}],"inLanguage":"fr-FR"},{"@type":"Organization","@id":"http:\/\/www.cfppa.fr\/infocampus\/#organization","name":"CFPPA de bourges","url":"http:\/\/www.cfppa.fr\/infocampus\/","logo":{"@type":"ImageObject","inLanguage":"fr-FR","@id":"http:\/\/www.cfppa.fr\/infocampus\/#\/schema\/logo\/image\/","url":"https:\/\/www.cfppa.fr\/infocampus\/wp-content\/uploads\/2013\/09\/logo_ministerecfppa.png","contentUrl":"https:\/\/www.cfppa.fr\/infocampus\/wp-content\/uploads\/2013\/09\/logo_ministerecfppa.png","width":1,"height":1,"caption":"CFPPA de bourges"},"image":{"@id":"http:\/\/www.cfppa.fr\/infocampus\/#\/schema\/logo\/image\/"}}]}},"_links":{"self":[{"href":"https:\/\/www.cfppa.fr\/infocampus\/wp-json\/wp\/v2\/pages\/1561","targetHints":{"allow":["GET"]}}],"collection":[{"href":"https:\/\/www.cfppa.fr\/infocampus\/wp-json\/wp\/v2\/pages"}],"about":[{"href":"https:\/\/www.cfppa.fr\/infocampus\/wp-json\/wp\/v2\/types\/page"}],"author":[{"embeddable":true,"href":"https:\/\/www.cfppa.fr\/infocampus\/wp-json\/wp\/v2\/users\/1"}],"replies":[{"embeddable":true,"href":"https:\/\/www.cfppa.fr\/infocampus\/wp-json\/wp\/v2\/comments?post=1561"}],"version-history":[{"count":0,"href":"https:\/\/www.cfppa.fr\/infocampus\/wp-json\/wp\/v2\/pages\/1561\/revisions"}],"wp:attachment":[{"href":"https:\/\/www.cfppa.fr\/infocampus\/wp-json\/wp\/v2\/media?parent=1561"}],"curies":[{"name":"wp","href":"https:\/\/api.w.org\/{rel}","templated":true}]}}