{"id":1516,"date":"2015-01-02T16:07:31","date_gmt":"2015-01-02T15:07:31","guid":{"rendered":"http:\/\/www.cfppa.fr\/infocampus\/?page_id=1516"},"modified":"2015-01-02T16:29:55","modified_gmt":"2015-01-02T15:29:55","slug":"activite-innovante","status":"publish","type":"page","link":"https:\/\/www.cfppa.fr\/infocampus\/fichiers-bts\/activite-innovante\/","title":{"rendered":"Activit\u00e9 innovante"},"content":{"rendered":"<p>A partir d\u2019un syst\u00e8me existant, proposez une activit\u00e9 rev\u00eatant un aspect innovant.<\/p>\n<p>Cette activit\u00e9 peut reposer sur une entreprise de votre choix .<\/p>\n<p>Vous devez identifier les \u00e9l\u00e9ments<strong> favorables et d\u00e9favorables<\/strong> de cette activit\u00e9.<\/p>\n<p>Analyser les process de cette activit\u00e9<\/p>\n<p>Et envisager <strong>les r\u00e9percussions<\/strong> de cette activit\u00e9\u00a0 sur une entreprise \u00a0(entre autre le temps de travail) .<\/p>\n<p>Cette analyse d&#8217;activit\u00e9 doit faire appara\u00eetre un volet:<\/p>\n<ul>\n<li>Technique,<\/li>\n<li>Economique, financier<\/li>\n<li>Environnemental, r\u00e9glementaire<\/li>\n<li>Social et prise de risque<\/li>\n<\/ul>\n<p>Cette analyse est r\u00e9alis\u00e9e sous la forme d&#8217;un mini dossier (20 pages Maxi ) et sera pr\u00e9sent\u00e9 \u00e0 l&#8217;oral.<\/p>\n<p>Une activit\u00e9 innovante peut \u00eatre innovante pour une exploitation et banale pour une autre !<\/p>\n<p>L&#8217;\u00e9crit est sur 8 points et l&#8217;oral sur 12 points (2 points pour la pr\u00e9sentation orale et 10 points sur le questionnement )<\/p>\n<p>Attention , ceux qui passent l&#8217;anglais cette \u00e9preuve est votre dossier support !<\/p>\n<p><a href=\"http:\/\/www.cfppa.fr\/infocampus\/wp-content\/uploads\/2015\/01\/grille-activit\u00e9-innovante.pdf\" target=\"_blank\">La grille de notation\u00a0<\/a><\/p>\n<!-- WP Attachments -->\r\n        <div style=\"width:100%;margin:10px 0 10px 0;\">\r\n            <h3>Attachments<\/h3>\r\n        <ul class=\"post-attachments\"><li class=\"post-attachment mime-application-pdf\"><a href=\"https:\/\/www.cfppa.fr\/infocampus\/wp-content\/uploads\/2015\/01\/grille-activit\u00e9-innovante.pdf\">grille activit\u00e9 innovante<\/a> <small>(108 kB)<\/small><\/li><\/ul><\/div>","protected":false},"excerpt":{"rendered":"<p>A partir d\u2019un syst\u00e8me existant, proposez une activit\u00e9 rev\u00eatant un aspect innovant. Cette activit\u00e9 peut reposer sur une entreprise de votre choix . Vous devez identifier les \u00e9l\u00e9ments favorables et d\u00e9favorables de cette activit\u00e9. Analyser les process de cette activit\u00e9 Et envisager les r\u00e9percussions de cette activit\u00e9\u00a0 sur une entreprise &hellip;<\/p>\n","protected":false},"author":1,"featured_media":0,"parent":1254,"menu_order":0,"comment_status":"open","ping_status":"open","template":"","meta":{"_crdt_document":"","footnotes":""},"class_list":["post-1516","page","type-page","status-publish","hentry"],"yoast_head":"<!-- This site is optimized with the Yoast SEO plugin v27.4 - https:\/\/yoast.com\/product\/yoast-seo-wordpress\/ -->\n<title>Activit\u00e9 innovante - Info campus CFPPA<\/title>\n<meta name=\"description\" content=\"Activit\u00e9 innovante dans les syst\u00e8mes d&#039;exploitation agricoles actuels : objectif rechercher favorisant la valeur ajout\u00e9e\" \/>\n<meta name=\"robots\" content=\"index, follow, max-snippet:-1, max-image-preview:large, max-video-preview:-1\" \/>\n<link rel=\"canonical\" href=\"http:\/\/www.cfppa.fr\/infocampus\/fichiers-bts\/activite-innovante\/\" \/>\n<meta property=\"og:locale\" content=\"fr_FR\" \/>\n<meta property=\"og:type\" content=\"article\" \/>\n<meta property=\"og:title\" content=\"Activit\u00e9 innovante - Info campus CFPPA\" \/>\n<meta property=\"og:description\" content=\"Activit\u00e9 innovante dans les syst\u00e8mes d&#039;exploitation agricoles actuels : objectif rechercher favorisant la valeur ajout\u00e9e\" \/>\n<meta property=\"og:url\" content=\"http:\/\/www.cfppa.fr\/infocampus\/fichiers-bts\/activite-innovante\/\" \/>\n<meta property=\"og:site_name\" content=\"Info campus CFPPA\" \/>\n<meta property=\"article:modified_time\" content=\"2015-01-02T15:29:55+00:00\" \/>\n<meta name=\"twitter:label1\" content=\"Dur\u00e9e de lecture estim\u00e9e\" \/>\n\t<meta name=\"twitter:data1\" content=\"1 minute\" \/>\n<script type=\"application\/ld+json\" class=\"yoast-schema-graph\">{\"@context\":\"https:\\\/\\\/schema.org\",\"@graph\":[{\"@type\":\"WebPage\",\"@id\":\"http:\\\/\\\/www.cfppa.fr\\\/infocampus\\\/fichiers-bts\\\/activite-innovante\\\/\",\"url\":\"http:\\\/\\\/www.cfppa.fr\\\/infocampus\\\/fichiers-bts\\\/activite-innovante\\\/\",\"name\":\"Activit\u00e9 innovante - Info campus CFPPA\",\"isPartOf\":{\"@id\":\"http:\\\/\\\/www.cfppa.fr\\\/infocampus\\\/#website\"},\"datePublished\":\"2015-01-02T15:07:31+00:00\",\"dateModified\":\"2015-01-02T15:29:55+00:00\",\"description\":\"Activit\u00e9 innovante dans les syst\u00e8mes d'exploitation agricoles actuels : objectif rechercher favorisant la valeur ajout\u00e9e\",\"breadcrumb\":{\"@id\":\"http:\\\/\\\/www.cfppa.fr\\\/infocampus\\\/fichiers-bts\\\/activite-innovante\\\/#breadcrumb\"},\"inLanguage\":\"fr-FR\",\"potentialAction\":[{\"@type\":\"ReadAction\",\"target\":[\"http:\\\/\\\/www.cfppa.fr\\\/infocampus\\\/fichiers-bts\\\/activite-innovante\\\/\"]}]},{\"@type\":\"BreadcrumbList\",\"@id\":\"http:\\\/\\\/www.cfppa.fr\\\/infocampus\\\/fichiers-bts\\\/activite-innovante\\\/#breadcrumb\",\"itemListElement\":[{\"@type\":\"ListItem\",\"position\":1,\"name\":\"Accueil\",\"item\":\"http:\\\/\\\/www.cfppa.fr\\\/infocampus\\\/\"},{\"@type\":\"ListItem\",\"position\":2,\"name\":\"Prot\u00e9g\u00e9\u00a0: Fichiers BTS\",\"item\":\"http:\\\/\\\/www.cfppa.fr\\\/infocampus\\\/fichiers-bts\\\/\"},{\"@type\":\"ListItem\",\"position\":3,\"name\":\"Activit\u00e9 innovante\"}]},{\"@type\":\"WebSite\",\"@id\":\"http:\\\/\\\/www.cfppa.fr\\\/infocampus\\\/#website\",\"url\":\"http:\\\/\\\/www.cfppa.fr\\\/infocampus\\\/\",\"name\":\"Info campus CFPPA\",\"description\":\"Un site \u00e0 la page\",\"publisher\":{\"@id\":\"http:\\\/\\\/www.cfppa.fr\\\/infocampus\\\/#organization\"},\"potentialAction\":[{\"@type\":\"SearchAction\",\"target\":{\"@type\":\"EntryPoint\",\"urlTemplate\":\"http:\\\/\\\/www.cfppa.fr\\\/infocampus\\\/?s={search_term_string}\"},\"query-input\":{\"@type\":\"PropertyValueSpecification\",\"valueRequired\":true,\"valueName\":\"search_term_string\"}}],\"inLanguage\":\"fr-FR\"},{\"@type\":\"Organization\",\"@id\":\"http:\\\/\\\/www.cfppa.fr\\\/infocampus\\\/#organization\",\"name\":\"CFPPA de bourges\",\"url\":\"http:\\\/\\\/www.cfppa.fr\\\/infocampus\\\/\",\"logo\":{\"@type\":\"ImageObject\",\"inLanguage\":\"fr-FR\",\"@id\":\"http:\\\/\\\/www.cfppa.fr\\\/infocampus\\\/#\\\/schema\\\/logo\\\/image\\\/\",\"url\":\"https:\\\/\\\/www.cfppa.fr\\\/infocampus\\\/wp-content\\\/uploads\\\/2013\\\/09\\\/logo_ministerecfppa.png\",\"contentUrl\":\"https:\\\/\\\/www.cfppa.fr\\\/infocampus\\\/wp-content\\\/uploads\\\/2013\\\/09\\\/logo_ministerecfppa.png\",\"width\":1,\"height\":1,\"caption\":\"CFPPA de bourges\"},\"image\":{\"@id\":\"http:\\\/\\\/www.cfppa.fr\\\/infocampus\\\/#\\\/schema\\\/logo\\\/image\\\/\"}}]}<\/script>\n<!-- \/ Yoast SEO plugin. -->","yoast_head_json":{"title":"Activit\u00e9 innovante - Info campus CFPPA","description":"Activit\u00e9 innovante dans les syst\u00e8mes d'exploitation agricoles actuels : objectif rechercher favorisant la valeur ajout\u00e9e","robots":{"index":"index","follow":"follow","max-snippet":"max-snippet:-1","max-image-preview":"max-image-preview:large","max-video-preview":"max-video-preview:-1"},"canonical":"http:\/\/www.cfppa.fr\/infocampus\/fichiers-bts\/activite-innovante\/","og_locale":"fr_FR","og_type":"article","og_title":"Activit\u00e9 innovante - Info campus CFPPA","og_description":"Activit\u00e9 innovante dans les syst\u00e8mes d'exploitation agricoles actuels : objectif rechercher favorisant la valeur ajout\u00e9e","og_url":"http:\/\/www.cfppa.fr\/infocampus\/fichiers-bts\/activite-innovante\/","og_site_name":"Info campus CFPPA","article_modified_time":"2015-01-02T15:29:55+00:00","twitter_misc":{"Dur\u00e9e de lecture estim\u00e9e":"1 minute"},"schema":{"@context":"https:\/\/schema.org","@graph":[{"@type":"WebPage","@id":"http:\/\/www.cfppa.fr\/infocampus\/fichiers-bts\/activite-innovante\/","url":"http:\/\/www.cfppa.fr\/infocampus\/fichiers-bts\/activite-innovante\/","name":"Activit\u00e9 innovante - Info campus CFPPA","isPartOf":{"@id":"http:\/\/www.cfppa.fr\/infocampus\/#website"},"datePublished":"2015-01-02T15:07:31+00:00","dateModified":"2015-01-02T15:29:55+00:00","description":"Activit\u00e9 innovante dans les syst\u00e8mes d'exploitation agricoles actuels : objectif rechercher favorisant la valeur ajout\u00e9e","breadcrumb":{"@id":"http:\/\/www.cfppa.fr\/infocampus\/fichiers-bts\/activite-innovante\/#breadcrumb"},"inLanguage":"fr-FR","potentialAction":[{"@type":"ReadAction","target":["http:\/\/www.cfppa.fr\/infocampus\/fichiers-bts\/activite-innovante\/"]}]},{"@type":"BreadcrumbList","@id":"http:\/\/www.cfppa.fr\/infocampus\/fichiers-bts\/activite-innovante\/#breadcrumb","itemListElement":[{"@type":"ListItem","position":1,"name":"Accueil","item":"http:\/\/www.cfppa.fr\/infocampus\/"},{"@type":"ListItem","position":2,"name":"Prot\u00e9g\u00e9\u00a0: Fichiers BTS","item":"http:\/\/www.cfppa.fr\/infocampus\/fichiers-bts\/"},{"@type":"ListItem","position":3,"name":"Activit\u00e9 innovante"}]},{"@type":"WebSite","@id":"http:\/\/www.cfppa.fr\/infocampus\/#website","url":"http:\/\/www.cfppa.fr\/infocampus\/","name":"Info campus CFPPA","description":"Un site \u00e0 la page","publisher":{"@id":"http:\/\/www.cfppa.fr\/infocampus\/#organization"},"potentialAction":[{"@type":"SearchAction","target":{"@type":"EntryPoint","urlTemplate":"http:\/\/www.cfppa.fr\/infocampus\/?s={search_term_string}"},"query-input":{"@type":"PropertyValueSpecification","valueRequired":true,"valueName":"search_term_string"}}],"inLanguage":"fr-FR"},{"@type":"Organization","@id":"http:\/\/www.cfppa.fr\/infocampus\/#organization","name":"CFPPA de bourges","url":"http:\/\/www.cfppa.fr\/infocampus\/","logo":{"@type":"ImageObject","inLanguage":"fr-FR","@id":"http:\/\/www.cfppa.fr\/infocampus\/#\/schema\/logo\/image\/","url":"https:\/\/www.cfppa.fr\/infocampus\/wp-content\/uploads\/2013\/09\/logo_ministerecfppa.png","contentUrl":"https:\/\/www.cfppa.fr\/infocampus\/wp-content\/uploads\/2013\/09\/logo_ministerecfppa.png","width":1,"height":1,"caption":"CFPPA de bourges"},"image":{"@id":"http:\/\/www.cfppa.fr\/infocampus\/#\/schema\/logo\/image\/"}}]}},"_links":{"self":[{"href":"https:\/\/www.cfppa.fr\/infocampus\/wp-json\/wp\/v2\/pages\/1516","targetHints":{"allow":["GET"]}}],"collection":[{"href":"https:\/\/www.cfppa.fr\/infocampus\/wp-json\/wp\/v2\/pages"}],"about":[{"href":"https:\/\/www.cfppa.fr\/infocampus\/wp-json\/wp\/v2\/types\/page"}],"author":[{"embeddable":true,"href":"https:\/\/www.cfppa.fr\/infocampus\/wp-json\/wp\/v2\/users\/1"}],"replies":[{"embeddable":true,"href":"https:\/\/www.cfppa.fr\/infocampus\/wp-json\/wp\/v2\/comments?post=1516"}],"version-history":[{"count":0,"href":"https:\/\/www.cfppa.fr\/infocampus\/wp-json\/wp\/v2\/pages\/1516\/revisions"}],"up":[{"embeddable":true,"href":"https:\/\/www.cfppa.fr\/infocampus\/wp-json\/wp\/v2\/pages\/1254"}],"wp:attachment":[{"href":"https:\/\/www.cfppa.fr\/infocampus\/wp-json\/wp\/v2\/media?parent=1516"}],"curies":[{"name":"wp","href":"https:\/\/api.w.org\/{rel}","templated":true}]}}