{"id":1334,"date":"2014-11-26T06:39:15","date_gmt":"2014-11-26T05:39:15","guid":{"rendered":"http:\/\/www.cfppa.fr\/infocampus\/?page_id=1334"},"modified":"2015-12-19T16:45:32","modified_gmt":"2015-12-19T15:45:32","slug":"marche-2","status":"publish","type":"page","link":"https:\/\/www.cfppa.fr\/infocampus\/marche-2\/","title":{"rendered":"Les march\u00e9s"},"content":{"rendered":"<p style=\"text-align: center;\">Etre agriculteur c&#8217;est produire mais aussi vendre !<\/p>\n<p style=\"text-align: center;\">Aussi nous organisons r\u00e9guli\u00e8rement des march\u00e9s , pour apprendre \u00e0 vendre !<\/p>\n<h4 style=\"text-align: center;\">Ces march\u00e9s sont ouverts \u00e0 tous , aussi venez nombreux\u00a0<img decoding=\"async\" data-src=\"http:\/\/www.cfppa.fr\/infocampus\/wp-content\/plugins\/tinymce-emoticons\/images\/emoticons-set-1\/no.png\" alt=\"no\" border=\"0\" hspace=\"5\" src=\"data:image\/svg+xml;base64,PHN2ZyB3aWR0aD0iMSIgaGVpZ2h0PSIxIiB4bWxucz0iaHR0cDovL3d3dy53My5vcmcvMjAwMC9zdmciPjwvc3ZnPg==\" class=\"lazyload\" \/><\/h4>\n<p style=\"text-align: center;\">Le prochain c&#8217;est le march\u00e9 de no\u00ebl :\u00a0<span style=\"color: #ff0000;\"><strong>LE 12 MARS 2016\u00a0<\/strong><\/span><\/p>\n<p style=\"text-align: center;\">lors de la journ\u00e9e porte ouverte . les \u00e9tudiants de diff\u00e9rentes sections (BTS ACSE et BP REA ) sont les principaux acteurs.<\/p>\n","protected":false},"excerpt":{"rendered":"<p>Etre agriculteur c&#8217;est produire mais aussi vendre ! Aussi nous organisons r\u00e9guli\u00e8rement des march\u00e9s , pour apprendre \u00e0 vendre ! Ces march\u00e9s sont ouverts \u00e0 tous , aussi venez nombreux\u00a0 Le prochain c&#8217;est le march\u00e9 de no\u00ebl :\u00a0LE 12 MARS 2016\u00a0 lors de la journ\u00e9e porte ouverte . les \u00e9tudiants &hellip;<\/p>\n","protected":false},"author":1,"featured_media":0,"parent":0,"menu_order":0,"comment_status":"open","ping_status":"open","template":"","meta":{"_crdt_document":"","footnotes":""},"class_list":["post-1334","page","type-page","status-publish","hentry"],"yoast_head":"<!-- This site is optimized with the Yoast SEO plugin v27.4 - https:\/\/yoast.com\/product\/yoast-seo-wordpress\/ -->\n<title>Les march\u00e9s - Info campus CFPPA<\/title>\n<meta name=\"description\" content=\"les march\u00e9s un moyen pour apprendre \u00e0 vendre ! une capacit\u00e9 \u00e0 explorer pour mieux valoriser ses produits. Vendre en directe impose la cr\u00e9ation de supports\" \/>\n<meta name=\"robots\" content=\"index, follow, max-snippet:-1, max-image-preview:large, max-video-preview:-1\" \/>\n<link rel=\"canonical\" href=\"http:\/\/www.cfppa.fr\/infocampus\/marche-2\/\" \/>\n<meta property=\"og:locale\" content=\"fr_FR\" \/>\n<meta property=\"og:type\" content=\"article\" \/>\n<meta property=\"og:title\" content=\"Les march\u00e9s - Info campus CFPPA\" \/>\n<meta property=\"og:description\" content=\"les march\u00e9s un moyen pour apprendre \u00e0 vendre ! une capacit\u00e9 \u00e0 explorer pour mieux valoriser ses produits. Vendre en directe impose la cr\u00e9ation de supports\" \/>\n<meta property=\"og:url\" content=\"http:\/\/www.cfppa.fr\/infocampus\/marche-2\/\" \/>\n<meta property=\"og:site_name\" content=\"Info campus CFPPA\" \/>\n<meta property=\"article:modified_time\" content=\"2015-12-19T15:45:32+00:00\" \/>\n<meta property=\"og:image\" content=\"http:\/\/www.cfppa.fr\/infocampus\/wp-content\/plugins\/tinymce-emoticons\/images\/emoticons-set-1\/no.png\" \/>\n<script type=\"application\/ld+json\" class=\"yoast-schema-graph\">{\"@context\":\"https:\\\/\\\/schema.org\",\"@graph\":[{\"@type\":\"WebPage\",\"@id\":\"http:\\\/\\\/www.cfppa.fr\\\/infocampus\\\/marche-2\\\/\",\"url\":\"http:\\\/\\\/www.cfppa.fr\\\/infocampus\\\/marche-2\\\/\",\"name\":\"Les march\u00e9s - Info campus CFPPA\",\"isPartOf\":{\"@id\":\"http:\\\/\\\/www.cfppa.fr\\\/infocampus\\\/#website\"},\"primaryImageOfPage\":{\"@id\":\"http:\\\/\\\/www.cfppa.fr\\\/infocampus\\\/marche-2\\\/#primaryimage\"},\"image\":{\"@id\":\"http:\\\/\\\/www.cfppa.fr\\\/infocampus\\\/marche-2\\\/#primaryimage\"},\"thumbnailUrl\":\"http:\\\/\\\/www.cfppa.fr\\\/infocampus\\\/wp-content\\\/plugins\\\/tinymce-emoticons\\\/images\\\/emoticons-set-1\\\/no.png\",\"datePublished\":\"2014-11-26T05:39:15+00:00\",\"dateModified\":\"2015-12-19T15:45:32+00:00\",\"description\":\"les march\u00e9s un moyen pour apprendre \u00e0 vendre ! une capacit\u00e9 \u00e0 explorer pour mieux valoriser ses produits. Vendre en directe impose la cr\u00e9ation de supports\",\"breadcrumb\":{\"@id\":\"http:\\\/\\\/www.cfppa.fr\\\/infocampus\\\/marche-2\\\/#breadcrumb\"},\"inLanguage\":\"fr-FR\",\"potentialAction\":[{\"@type\":\"ReadAction\",\"target\":[\"http:\\\/\\\/www.cfppa.fr\\\/infocampus\\\/marche-2\\\/\"]}]},{\"@type\":\"ImageObject\",\"inLanguage\":\"fr-FR\",\"@id\":\"http:\\\/\\\/www.cfppa.fr\\\/infocampus\\\/marche-2\\\/#primaryimage\",\"url\":\"http:\\\/\\\/www.cfppa.fr\\\/infocampus\\\/wp-content\\\/plugins\\\/tinymce-emoticons\\\/images\\\/emoticons-set-1\\\/no.png\",\"contentUrl\":\"http:\\\/\\\/www.cfppa.fr\\\/infocampus\\\/wp-content\\\/plugins\\\/tinymce-emoticons\\\/images\\\/emoticons-set-1\\\/no.png\"},{\"@type\":\"BreadcrumbList\",\"@id\":\"http:\\\/\\\/www.cfppa.fr\\\/infocampus\\\/marche-2\\\/#breadcrumb\",\"itemListElement\":[{\"@type\":\"ListItem\",\"position\":1,\"name\":\"Accueil\",\"item\":\"http:\\\/\\\/www.cfppa.fr\\\/infocampus\\\/\"},{\"@type\":\"ListItem\",\"position\":2,\"name\":\"Les march\u00e9s\"}]},{\"@type\":\"WebSite\",\"@id\":\"http:\\\/\\\/www.cfppa.fr\\\/infocampus\\\/#website\",\"url\":\"http:\\\/\\\/www.cfppa.fr\\\/infocampus\\\/\",\"name\":\"Info campus CFPPA\",\"description\":\"Un site \u00e0 la page\",\"publisher\":{\"@id\":\"http:\\\/\\\/www.cfppa.fr\\\/infocampus\\\/#organization\"},\"potentialAction\":[{\"@type\":\"SearchAction\",\"target\":{\"@type\":\"EntryPoint\",\"urlTemplate\":\"http:\\\/\\\/www.cfppa.fr\\\/infocampus\\\/?s={search_term_string}\"},\"query-input\":{\"@type\":\"PropertyValueSpecification\",\"valueRequired\":true,\"valueName\":\"search_term_string\"}}],\"inLanguage\":\"fr-FR\"},{\"@type\":\"Organization\",\"@id\":\"http:\\\/\\\/www.cfppa.fr\\\/infocampus\\\/#organization\",\"name\":\"CFPPA de bourges\",\"url\":\"http:\\\/\\\/www.cfppa.fr\\\/infocampus\\\/\",\"logo\":{\"@type\":\"ImageObject\",\"inLanguage\":\"fr-FR\",\"@id\":\"http:\\\/\\\/www.cfppa.fr\\\/infocampus\\\/#\\\/schema\\\/logo\\\/image\\\/\",\"url\":\"https:\\\/\\\/www.cfppa.fr\\\/infocampus\\\/wp-content\\\/uploads\\\/2013\\\/09\\\/logo_ministerecfppa.png\",\"contentUrl\":\"https:\\\/\\\/www.cfppa.fr\\\/infocampus\\\/wp-content\\\/uploads\\\/2013\\\/09\\\/logo_ministerecfppa.png\",\"width\":1,\"height\":1,\"caption\":\"CFPPA de bourges\"},\"image\":{\"@id\":\"http:\\\/\\\/www.cfppa.fr\\\/infocampus\\\/#\\\/schema\\\/logo\\\/image\\\/\"}}]}<\/script>\n<!-- \/ Yoast SEO plugin. -->","yoast_head_json":{"title":"Les march\u00e9s - Info campus CFPPA","description":"les march\u00e9s un moyen pour apprendre \u00e0 vendre ! une capacit\u00e9 \u00e0 explorer pour mieux valoriser ses produits. Vendre en directe impose la cr\u00e9ation de supports","robots":{"index":"index","follow":"follow","max-snippet":"max-snippet:-1","max-image-preview":"max-image-preview:large","max-video-preview":"max-video-preview:-1"},"canonical":"http:\/\/www.cfppa.fr\/infocampus\/marche-2\/","og_locale":"fr_FR","og_type":"article","og_title":"Les march\u00e9s - Info campus CFPPA","og_description":"les march\u00e9s un moyen pour apprendre \u00e0 vendre ! une capacit\u00e9 \u00e0 explorer pour mieux valoriser ses produits. Vendre en directe impose la cr\u00e9ation de supports","og_url":"http:\/\/www.cfppa.fr\/infocampus\/marche-2\/","og_site_name":"Info campus CFPPA","article_modified_time":"2015-12-19T15:45:32+00:00","og_image":[{"url":"http:\/\/www.cfppa.fr\/infocampus\/wp-content\/plugins\/tinymce-emoticons\/images\/emoticons-set-1\/no.png","type":"","width":"","height":""}],"schema":{"@context":"https:\/\/schema.org","@graph":[{"@type":"WebPage","@id":"http:\/\/www.cfppa.fr\/infocampus\/marche-2\/","url":"http:\/\/www.cfppa.fr\/infocampus\/marche-2\/","name":"Les march\u00e9s - Info campus CFPPA","isPartOf":{"@id":"http:\/\/www.cfppa.fr\/infocampus\/#website"},"primaryImageOfPage":{"@id":"http:\/\/www.cfppa.fr\/infocampus\/marche-2\/#primaryimage"},"image":{"@id":"http:\/\/www.cfppa.fr\/infocampus\/marche-2\/#primaryimage"},"thumbnailUrl":"http:\/\/www.cfppa.fr\/infocampus\/wp-content\/plugins\/tinymce-emoticons\/images\/emoticons-set-1\/no.png","datePublished":"2014-11-26T05:39:15+00:00","dateModified":"2015-12-19T15:45:32+00:00","description":"les march\u00e9s un moyen pour apprendre \u00e0 vendre ! une capacit\u00e9 \u00e0 explorer pour mieux valoriser ses produits. Vendre en directe impose la cr\u00e9ation de supports","breadcrumb":{"@id":"http:\/\/www.cfppa.fr\/infocampus\/marche-2\/#breadcrumb"},"inLanguage":"fr-FR","potentialAction":[{"@type":"ReadAction","target":["http:\/\/www.cfppa.fr\/infocampus\/marche-2\/"]}]},{"@type":"ImageObject","inLanguage":"fr-FR","@id":"http:\/\/www.cfppa.fr\/infocampus\/marche-2\/#primaryimage","url":"http:\/\/www.cfppa.fr\/infocampus\/wp-content\/plugins\/tinymce-emoticons\/images\/emoticons-set-1\/no.png","contentUrl":"http:\/\/www.cfppa.fr\/infocampus\/wp-content\/plugins\/tinymce-emoticons\/images\/emoticons-set-1\/no.png"},{"@type":"BreadcrumbList","@id":"http:\/\/www.cfppa.fr\/infocampus\/marche-2\/#breadcrumb","itemListElement":[{"@type":"ListItem","position":1,"name":"Accueil","item":"http:\/\/www.cfppa.fr\/infocampus\/"},{"@type":"ListItem","position":2,"name":"Les march\u00e9s"}]},{"@type":"WebSite","@id":"http:\/\/www.cfppa.fr\/infocampus\/#website","url":"http:\/\/www.cfppa.fr\/infocampus\/","name":"Info campus CFPPA","description":"Un site \u00e0 la page","publisher":{"@id":"http:\/\/www.cfppa.fr\/infocampus\/#organization"},"potentialAction":[{"@type":"SearchAction","target":{"@type":"EntryPoint","urlTemplate":"http:\/\/www.cfppa.fr\/infocampus\/?s={search_term_string}"},"query-input":{"@type":"PropertyValueSpecification","valueRequired":true,"valueName":"search_term_string"}}],"inLanguage":"fr-FR"},{"@type":"Organization","@id":"http:\/\/www.cfppa.fr\/infocampus\/#organization","name":"CFPPA de bourges","url":"http:\/\/www.cfppa.fr\/infocampus\/","logo":{"@type":"ImageObject","inLanguage":"fr-FR","@id":"http:\/\/www.cfppa.fr\/infocampus\/#\/schema\/logo\/image\/","url":"https:\/\/www.cfppa.fr\/infocampus\/wp-content\/uploads\/2013\/09\/logo_ministerecfppa.png","contentUrl":"https:\/\/www.cfppa.fr\/infocampus\/wp-content\/uploads\/2013\/09\/logo_ministerecfppa.png","width":1,"height":1,"caption":"CFPPA de bourges"},"image":{"@id":"http:\/\/www.cfppa.fr\/infocampus\/#\/schema\/logo\/image\/"}}]}},"_links":{"self":[{"href":"https:\/\/www.cfppa.fr\/infocampus\/wp-json\/wp\/v2\/pages\/1334","targetHints":{"allow":["GET"]}}],"collection":[{"href":"https:\/\/www.cfppa.fr\/infocampus\/wp-json\/wp\/v2\/pages"}],"about":[{"href":"https:\/\/www.cfppa.fr\/infocampus\/wp-json\/wp\/v2\/types\/page"}],"author":[{"embeddable":true,"href":"https:\/\/www.cfppa.fr\/infocampus\/wp-json\/wp\/v2\/users\/1"}],"replies":[{"embeddable":true,"href":"https:\/\/www.cfppa.fr\/infocampus\/wp-json\/wp\/v2\/comments?post=1334"}],"version-history":[{"count":0,"href":"https:\/\/www.cfppa.fr\/infocampus\/wp-json\/wp\/v2\/pages\/1334\/revisions"}],"wp:attachment":[{"href":"https:\/\/www.cfppa.fr\/infocampus\/wp-json\/wp\/v2\/media?parent=1334"}],"curies":[{"name":"wp","href":"https:\/\/api.w.org\/{rel}","templated":true}]}}