{"id":1279,"date":"2014-10-20T07:20:48","date_gmt":"2014-10-20T05:20:48","guid":{"rendered":"http:\/\/www.cfppa.fr\/infocampus\/?page_id=1279"},"modified":"2014-10-20T08:19:44","modified_gmt":"2014-10-20T06:19:44","slug":"les-societes","status":"publish","type":"page","link":"https:\/\/www.cfppa.fr\/infocampus\/gestion-des-risques\/les-societes\/","title":{"rendered":"Les soci\u00e9t\u00e9s"},"content":{"rendered":"<p>Une ou des soci\u00e9t\u00e9s pourquoi faire ?<\/p>\n\n<table id=\"tablepress-8\" class=\"tablepress tablepress-id-8\">\n<tbody class=\"row-striping row-hover\">\n<tr class=\"row-1\">\n\t<td class=\"column-1\"><\/td><td class=\"column-2\">Le Groupement Foncier Agricole <\/td><td class=\"column-3\"><\/td>\n<\/tr>\n<tr class=\"row-2\">\n\t<td class=\"column-1\">Soci\u00e9t\u00e9s civiles <\/td><td class=\"column-2\">Le GAEC<\/td><td class=\"column-3\">Marine et \u00c9milie <\/td>\n<\/tr>\n<tr class=\"row-3\">\n\t<td class=\"column-1\"><\/td><td class=\"column-2\">L'EARL<\/td><td class=\"column-3\">Florianne et pierre C<\/td>\n<\/tr>\n<tr class=\"row-4\">\n\t<td class=\"column-1\"><\/td><td class=\"column-2\">La SCEA<\/td><td class=\"column-3\">Alice et julie<\/td>\n<\/tr>\n<tr class=\"row-5\">\n\t<td class=\"column-1\"><\/td><td class=\"column-2\">La SPL  (soci\u00e9t\u00e9 de production laiti\u00e8re) ou SCL (soci\u00e9t\u00e9 civile laiti\u00e8re )<\/td><td class=\"column-3\">Charlotte et nicolas<\/td>\n<\/tr>\n<tr class=\"row-6\">\n\t<td class=\"column-1\"><\/td><td class=\"column-2\">La SAC (Soci\u00e9t\u00e9 d'Assolement en Commun )<\/td><td class=\"column-3\">Anne et amandine<\/td>\n<\/tr>\n<tr class=\"row-7\">\n\t<td class=\"column-1\">Soci\u00e9t\u00e9s Commerciales <\/td><td class=\"column-2\">Le GIE (groupement d\u2019int\u00e9r\u00eat Economique) <\/td><td class=\"column-3\">Corinne quentin<\/td>\n<\/tr>\n<tr class=\"row-8\">\n\t<td class=\"column-1\"><\/td><td class=\"column-2\">La SNC (Soci\u00e9t\u00e9 en nom collectif) <\/td><td class=\"column-3\">Florence et bastien Tamara<\/td>\n<\/tr>\n<tr class=\"row-9\">\n\t<td class=\"column-1\"><\/td><td class=\"column-2\">La SARL Soci\u00e9t\u00e9 \u00e0 responsabilit\u00e9 limit\u00e9e <\/td><td class=\"column-3\">Steven B et apolline<\/td>\n<\/tr>\n<tr class=\"row-10\">\n\t<td class=\"column-1\"><\/td><td class=\"column-2\">l'EURL  ( SARL unipersonnelle ) <\/td><td class=\"column-3\"><\/td>\n<\/tr>\n<tr class=\"row-11\">\n\t<td class=\"column-1\"><\/td><td class=\"column-2\">L'EIRL <\/td><td class=\"column-3\">Thomas et steven R<\/td>\n<\/tr>\n<tr class=\"row-12\">\n\t<td class=\"column-1\"><\/td><td class=\"column-2\">La SAS (soci\u00e9t\u00e9 par actions simplifi\u00e9e) <\/td><td class=\"column-3\">guillaume et pierre D<\/td>\n<\/tr>\n<tr class=\"row-13\">\n\t<td class=\"column-1\"><\/td><td class=\"column-2\">La SA <\/td><td class=\"column-3\">Anne et audrey<\/td>\n<\/tr>\n<tr class=\"row-14\">\n\t<td class=\"column-1\"><\/td><td class=\"column-2\">Le groupement d'employeurs<\/td><td class=\"column-3\">Julien et aymeric<\/td>\n<\/tr>\n<tr class=\"row-15\">\n\t<td class=\"column-1\"><\/td><td class=\"column-2\">La CUMA<\/td><td class=\"column-3\">M\u00e9lissa et pauline <\/td>\n<\/tr>\n<\/tbody>\n<\/table>\n<!-- #tablepress-8 from cache -->\n<p>Pour choisir , voici des crit\u00e8res :<\/p>\n\n<table id=\"tablepress-9\" class=\"tablepress tablepress-id-9\">\n<thead>\n<tr class=\"row-1\">\n\t<th class=\"column-1\">la Soci\u00e9t\u00e9<\/th><td class=\"column-2\"><\/td>\n<\/tr>\n<\/thead>\n<tbody class=\"row-striping row-hover\">\n<tr class=\"row-2\">\n\t<td class=\"column-1\">Forme: civile ou commerciale <\/td><td class=\"column-2\"><\/td>\n<\/tr>\n<tr class=\"row-3\">\n\t<td class=\"column-1\">Activit\u00e9 : agricole ou autre <\/td><td class=\"column-2\"><\/td>\n<\/tr>\n<tr class=\"row-4\">\n\t<td class=\"column-1\">Objet: d\u00e9finit par le statut  <\/td><td class=\"column-2\"><\/td>\n<\/tr>\n<tr class=\"row-5\">\n\t<td class=\"column-1\">Agr\u00e9ment : oui \/ non si oui par qui et comment <\/td><td class=\"column-2\"><\/td>\n<\/tr>\n<tr class=\"row-6\">\n\t<td class=\"column-1\">Nombre d'associ\u00e9s : mini \/maxi , est ce possible entre \u00e9poux et pacs\u00e9 <\/td><td class=\"column-2\"><\/td>\n<\/tr>\n<tr class=\"row-7\">\n\t<td class=\"column-1\">Capital social : mini maxi <\/td><td class=\"column-2\"><\/td>\n<\/tr>\n<tr class=\"row-8\">\n\t<td class=\"column-1\">Associ\u00e9s : personnes physiques- morales - exploitants ou non <\/td><td class=\"column-2\"><\/td>\n<\/tr>\n<tr class=\"row-9\">\n\t<td class=\"column-1\">D\u00e9tention du capital :% de part pour un jeune agriculteur: % part pour les associ\u00e9s exploitants ou alors libre ?  <\/td><td class=\"column-2\"><\/td>\n<\/tr>\n<tr class=\"row-10\">\n\t<td class=\"column-1\">Modalit\u00e9s de prise de d\u00e9cision: qui comment ? <\/td><td class=\"column-2\"><\/td>\n<\/tr>\n<tr class=\"row-11\">\n\t<td class=\"column-1\">G\u00e9rant : statut et responsabilit\u00e9s <\/td><td class=\"column-2\"><\/td>\n<\/tr>\n<tr class=\"row-12\">\n\t<td class=\"column-1\">R\u00e9mun\u00e9ration des associ\u00e9s participant aux travaux ou des g\u00e9rants<\/td><td class=\"column-2\"><\/td>\n<\/tr>\n<tr class=\"row-13\">\n\t<td class=\"column-1\">Droits aux b\u00e9n\u00e9fices et pertes <\/td><td class=\"column-2\"><\/td>\n<\/tr>\n<tr class=\"row-14\">\n\t<td class=\"column-1\">Responsabilit\u00e9 financi\u00e8re (vis-\u00e0-vis du capital) et de fa\u00e7on ind\u00e9finie ou pas ? <\/td><td class=\"column-2\"><\/td>\n<\/tr>\n<tr class=\"row-15\">\n\t<td class=\"column-1\">R\u00e9gime fiscal: des associ\u00e9s et de la soci\u00e9t\u00e9 <\/td><td class=\"column-2\"><\/td>\n<\/tr>\n<tr class=\"row-16\">\n\t<td class=\"column-1\">Affiliation sociale de la soc\u00e9it\u00e9<\/td><td class=\"column-2\"><\/td>\n<\/tr>\n<tr class=\"row-17\">\n\t<td class=\"column-1\">R\u00e9gime social des associ\u00e9s <\/td><td class=\"column-2\"><\/td>\n<\/tr>\n<tr class=\"row-18\">\n\t<td class=\"column-1\">Formalit\u00e9 de Constitution : statuts, enregistrement, publicit\u00e9,immatriculation au RCS<\/td><td class=\"column-2\"><\/td>\n<\/tr>\n<tr class=\"row-19\">\n\t<td class=\"column-1\">Dotation JA et pr\u00eat \"JA\"<\/td><td class=\"column-2\"><\/td>\n<\/tr>\n<tr class=\"row-20\">\n\t<td class=\"column-1\">Assembl\u00e9e g\u00e9n\u00e9rale et droit de vote <\/td><td class=\"column-2\"><\/td>\n<\/tr>\n<tr class=\"row-21\">\n\t<td class=\"column-1\">D\u00e9part d'un associ\u00e9 : <\/td><td class=\"column-2\"><\/td>\n<\/tr>\n<tr class=\"row-22\">\n\t<td class=\"column-1\">Commissaire aux apports <\/td><td class=\"column-2\"><\/td>\n<\/tr>\n<tr class=\"row-23\">\n\t<td class=\"column-1\">Autorisation d'exploiter <\/td><td class=\"column-2\"><\/td>\n<\/tr>\n<tr class=\"row-24\">\n\t<td class=\"column-1\">Principaux avantages <\/td><td class=\"column-2\"><\/td>\n<\/tr>\n<tr class=\"row-25\">\n\t<td class=\"column-1\">Principaux inconv\u00e9nients <\/td><td class=\"column-2\"><\/td>\n<\/tr>\n<\/tbody>\n<\/table>\n<!-- #tablepress-9 from cache -->\n","protected":false},"excerpt":{"rendered":"<p>Une ou des soci\u00e9t\u00e9s pourquoi faire ? Pour choisir , voici des crit\u00e8res :<\/p>\n","protected":false},"author":1,"featured_media":0,"parent":1209,"menu_order":0,"comment_status":"open","ping_status":"open","template":"","meta":{"_crdt_document":"","footnotes":""},"class_list":["post-1279","page","type-page","status-publish","hentry"],"yoast_head":"<!-- This site is optimized with the Yoast SEO plugin v27.4 - https:\/\/yoast.com\/product\/yoast-seo-wordpress\/ -->\n<title>Les soci\u00e9t\u00e9s  - Info campus CFPPA<\/title>\n<meta name=\"robots\" content=\"index, follow, max-snippet:-1, max-image-preview:large, max-video-preview:-1\" \/>\n<link rel=\"canonical\" href=\"http:\/\/www.cfppa.fr\/infocampus\/gestion-des-risques\/les-societes\/\" \/>\n<meta property=\"og:locale\" content=\"fr_FR\" \/>\n<meta property=\"og:type\" content=\"article\" \/>\n<meta property=\"og:title\" content=\"Les soci\u00e9t\u00e9s  - Info campus CFPPA\" \/>\n<meta property=\"og:description\" content=\"Une ou des soci\u00e9t\u00e9s pourquoi faire ? Pour choisir , voici des crit\u00e8res :\" \/>\n<meta property=\"og:url\" content=\"http:\/\/www.cfppa.fr\/infocampus\/gestion-des-risques\/les-societes\/\" \/>\n<meta property=\"og:site_name\" content=\"Info campus CFPPA\" \/>\n<meta property=\"article:modified_time\" content=\"2014-10-20T06:19:44+00:00\" \/>\n<script type=\"application\/ld+json\" class=\"yoast-schema-graph\">{\"@context\":\"https:\\\/\\\/schema.org\",\"@graph\":[{\"@type\":\"WebPage\",\"@id\":\"http:\\\/\\\/www.cfppa.fr\\\/infocampus\\\/gestion-des-risques\\\/les-societes\\\/\",\"url\":\"http:\\\/\\\/www.cfppa.fr\\\/infocampus\\\/gestion-des-risques\\\/les-societes\\\/\",\"name\":\"Les soci\u00e9t\u00e9s - Info campus CFPPA\",\"isPartOf\":{\"@id\":\"http:\\\/\\\/www.cfppa.fr\\\/infocampus\\\/#website\"},\"datePublished\":\"2014-10-20T05:20:48+00:00\",\"dateModified\":\"2014-10-20T06:19:44+00:00\",\"breadcrumb\":{\"@id\":\"http:\\\/\\\/www.cfppa.fr\\\/infocampus\\\/gestion-des-risques\\\/les-societes\\\/#breadcrumb\"},\"inLanguage\":\"fr-FR\",\"potentialAction\":[{\"@type\":\"ReadAction\",\"target\":[\"http:\\\/\\\/www.cfppa.fr\\\/infocampus\\\/gestion-des-risques\\\/les-societes\\\/\"]}]},{\"@type\":\"BreadcrumbList\",\"@id\":\"http:\\\/\\\/www.cfppa.fr\\\/infocampus\\\/gestion-des-risques\\\/les-societes\\\/#breadcrumb\",\"itemListElement\":[{\"@type\":\"ListItem\",\"position\":1,\"name\":\"Accueil\",\"item\":\"http:\\\/\\\/www.cfppa.fr\\\/infocampus\\\/\"},{\"@type\":\"ListItem\",\"position\":2,\"name\":\"Prot\u00e9g\u00e9\u00a0: Gestion des risques\",\"item\":\"https:\\\/\\\/www.cfppa.fr\\\/infocampus\\\/gestion-des-risques\\\/\"},{\"@type\":\"ListItem\",\"position\":3,\"name\":\"Les soci\u00e9t\u00e9s\"}]},{\"@type\":\"WebSite\",\"@id\":\"http:\\\/\\\/www.cfppa.fr\\\/infocampus\\\/#website\",\"url\":\"http:\\\/\\\/www.cfppa.fr\\\/infocampus\\\/\",\"name\":\"Info campus CFPPA\",\"description\":\"Un site \u00e0 la page\",\"publisher\":{\"@id\":\"http:\\\/\\\/www.cfppa.fr\\\/infocampus\\\/#organization\"},\"potentialAction\":[{\"@type\":\"SearchAction\",\"target\":{\"@type\":\"EntryPoint\",\"urlTemplate\":\"http:\\\/\\\/www.cfppa.fr\\\/infocampus\\\/?s={search_term_string}\"},\"query-input\":{\"@type\":\"PropertyValueSpecification\",\"valueRequired\":true,\"valueName\":\"search_term_string\"}}],\"inLanguage\":\"fr-FR\"},{\"@type\":\"Organization\",\"@id\":\"http:\\\/\\\/www.cfppa.fr\\\/infocampus\\\/#organization\",\"name\":\"CFPPA de bourges\",\"url\":\"http:\\\/\\\/www.cfppa.fr\\\/infocampus\\\/\",\"logo\":{\"@type\":\"ImageObject\",\"inLanguage\":\"fr-FR\",\"@id\":\"http:\\\/\\\/www.cfppa.fr\\\/infocampus\\\/#\\\/schema\\\/logo\\\/image\\\/\",\"url\":\"https:\\\/\\\/www.cfppa.fr\\\/infocampus\\\/wp-content\\\/uploads\\\/2013\\\/09\\\/logo_ministerecfppa.png\",\"contentUrl\":\"https:\\\/\\\/www.cfppa.fr\\\/infocampus\\\/wp-content\\\/uploads\\\/2013\\\/09\\\/logo_ministerecfppa.png\",\"width\":1,\"height\":1,\"caption\":\"CFPPA de bourges\"},\"image\":{\"@id\":\"http:\\\/\\\/www.cfppa.fr\\\/infocampus\\\/#\\\/schema\\\/logo\\\/image\\\/\"}}]}<\/script>\n<!-- \/ Yoast SEO plugin. -->","yoast_head_json":{"title":"Les soci\u00e9t\u00e9s  - Info campus CFPPA","robots":{"index":"index","follow":"follow","max-snippet":"max-snippet:-1","max-image-preview":"max-image-preview:large","max-video-preview":"max-video-preview:-1"},"canonical":"http:\/\/www.cfppa.fr\/infocampus\/gestion-des-risques\/les-societes\/","og_locale":"fr_FR","og_type":"article","og_title":"Les soci\u00e9t\u00e9s  - Info campus CFPPA","og_description":"Une ou des soci\u00e9t\u00e9s pourquoi faire ? Pour choisir , voici des crit\u00e8res :","og_url":"http:\/\/www.cfppa.fr\/infocampus\/gestion-des-risques\/les-societes\/","og_site_name":"Info campus CFPPA","article_modified_time":"2014-10-20T06:19:44+00:00","schema":{"@context":"https:\/\/schema.org","@graph":[{"@type":"WebPage","@id":"http:\/\/www.cfppa.fr\/infocampus\/gestion-des-risques\/les-societes\/","url":"http:\/\/www.cfppa.fr\/infocampus\/gestion-des-risques\/les-societes\/","name":"Les soci\u00e9t\u00e9s - Info campus CFPPA","isPartOf":{"@id":"http:\/\/www.cfppa.fr\/infocampus\/#website"},"datePublished":"2014-10-20T05:20:48+00:00","dateModified":"2014-10-20T06:19:44+00:00","breadcrumb":{"@id":"http:\/\/www.cfppa.fr\/infocampus\/gestion-des-risques\/les-societes\/#breadcrumb"},"inLanguage":"fr-FR","potentialAction":[{"@type":"ReadAction","target":["http:\/\/www.cfppa.fr\/infocampus\/gestion-des-risques\/les-societes\/"]}]},{"@type":"BreadcrumbList","@id":"http:\/\/www.cfppa.fr\/infocampus\/gestion-des-risques\/les-societes\/#breadcrumb","itemListElement":[{"@type":"ListItem","position":1,"name":"Accueil","item":"http:\/\/www.cfppa.fr\/infocampus\/"},{"@type":"ListItem","position":2,"name":"Prot\u00e9g\u00e9\u00a0: Gestion des risques","item":"https:\/\/www.cfppa.fr\/infocampus\/gestion-des-risques\/"},{"@type":"ListItem","position":3,"name":"Les soci\u00e9t\u00e9s"}]},{"@type":"WebSite","@id":"http:\/\/www.cfppa.fr\/infocampus\/#website","url":"http:\/\/www.cfppa.fr\/infocampus\/","name":"Info campus CFPPA","description":"Un site \u00e0 la page","publisher":{"@id":"http:\/\/www.cfppa.fr\/infocampus\/#organization"},"potentialAction":[{"@type":"SearchAction","target":{"@type":"EntryPoint","urlTemplate":"http:\/\/www.cfppa.fr\/infocampus\/?s={search_term_string}"},"query-input":{"@type":"PropertyValueSpecification","valueRequired":true,"valueName":"search_term_string"}}],"inLanguage":"fr-FR"},{"@type":"Organization","@id":"http:\/\/www.cfppa.fr\/infocampus\/#organization","name":"CFPPA de bourges","url":"http:\/\/www.cfppa.fr\/infocampus\/","logo":{"@type":"ImageObject","inLanguage":"fr-FR","@id":"http:\/\/www.cfppa.fr\/infocampus\/#\/schema\/logo\/image\/","url":"https:\/\/www.cfppa.fr\/infocampus\/wp-content\/uploads\/2013\/09\/logo_ministerecfppa.png","contentUrl":"https:\/\/www.cfppa.fr\/infocampus\/wp-content\/uploads\/2013\/09\/logo_ministerecfppa.png","width":1,"height":1,"caption":"CFPPA de bourges"},"image":{"@id":"http:\/\/www.cfppa.fr\/infocampus\/#\/schema\/logo\/image\/"}}]}},"_links":{"self":[{"href":"https:\/\/www.cfppa.fr\/infocampus\/wp-json\/wp\/v2\/pages\/1279","targetHints":{"allow":["GET"]}}],"collection":[{"href":"https:\/\/www.cfppa.fr\/infocampus\/wp-json\/wp\/v2\/pages"}],"about":[{"href":"https:\/\/www.cfppa.fr\/infocampus\/wp-json\/wp\/v2\/types\/page"}],"author":[{"embeddable":true,"href":"https:\/\/www.cfppa.fr\/infocampus\/wp-json\/wp\/v2\/users\/1"}],"replies":[{"embeddable":true,"href":"https:\/\/www.cfppa.fr\/infocampus\/wp-json\/wp\/v2\/comments?post=1279"}],"version-history":[{"count":0,"href":"https:\/\/www.cfppa.fr\/infocampus\/wp-json\/wp\/v2\/pages\/1279\/revisions"}],"up":[{"embeddable":true,"href":"https:\/\/www.cfppa.fr\/infocampus\/wp-json\/wp\/v2\/pages\/1209"}],"wp:attachment":[{"href":"https:\/\/www.cfppa.fr\/infocampus\/wp-json\/wp\/v2\/media?parent=1279"}],"curies":[{"name":"wp","href":"https:\/\/api.w.org\/{rel}","templated":true}]}}