{"id":1224,"date":"2014-09-24T07:47:03","date_gmt":"2014-09-24T05:47:03","guid":{"rendered":"http:\/\/www.cfppa.fr\/infocampus\/?page_id=1224"},"modified":"2016-08-17T16:43:25","modified_gmt":"2016-08-17T14:43:25","slug":"le-projet-tut","status":"publish","type":"page","link":"https:\/\/www.cfppa.fr\/infocampus\/gestion-des-risques\/le-projet-tut\/","title":{"rendered":"Le projet tut 2017 :"},"content":{"rendered":"<p>&nbsp;<\/p>\n<p><strong>Projet Tuteur\u00e9 2017 : Comment faire face aux fluctuations : march\u00e9s , rendements, prix \u00a0&#8230;etc<\/strong><\/p>\n<p style=\"text-align: justify; padding-left: 30px;\"><img decoding=\"async\" data-src=\"http:\/\/www.cfppa.fr\/infocampus\/wp-content\/plugins\/tinymce-emoticons\/images\/emoticons-set-1\/hero.png\" alt=\"hero\" border=\"0\" hspace=\"5\" src=\"data:image\/svg+xml;base64,PHN2ZyB3aWR0aD0iMSIgaGVpZ2h0PSIxIiB4bWxucz0iaHR0cDovL3d3dy53My5vcmcvMjAwMC9zdmciPjwvc3ZnPg==\" class=\"lazyload\" \/>\u00a0Le projet tuteur\u00e9 est structur\u00e9 autour d&#8217;une th\u00e9matique qui varie d&#8217;ann\u00e9e en ann\u00e9e. Dans la licence il a un coefficient de 2 \u00a0et doit avec le rapport de stage avoir une moyenne sup\u00e9rieur \u00e0 10.<\/p>\n<p style=\"text-align: justify; padding-left: 30px;\">La th\u00e9matique est d\u00e9compos\u00e9e en items qui sont attribu\u00e9s \u00e0 des bin\u00f4mes d&#8217;\u00e9tudiants. Chaque bin\u00f4me constituera un dossier qu&#8217;il soutiendra \u00e0 l&#8217;oral et pr\u00e9sentera face \u00e0 un public \u00a0lors de la journ\u00e9e professionnelle. A lui d&#8217;argumenter et de d\u00e9montrer ses comp\u00e9tences d&#8217;analyses.<\/p>\n<p style=\"text-align: justify; padding-left: 30px;\">Un bin\u00f4me sera responsable de l\u2019organisation de cette journ\u00e9e , et devra en m\u00eame temps coacher \u00a0les diff\u00e9rents groupes. Ce dernier groupe sera \u00e9valu\u00e9 sur ces capacit\u00e9s d&#8217;organisation , de recherche de sponsor et d&#8217;animation de ladite journ\u00e9e. Il soutiendra son projet tut lors de la soutenance des rapports de stage.<\/p>\n<p style=\"text-align: justify; padding-left: 30px;\">Chaque bin\u00f4me devra r\u00e9aliser une vid\u00e9o sur sa th\u00e9matique , un dossier et un r\u00e9sumer de sa th\u00e9matique. Cette derni\u00e8re sera mise en ligne sur ce m\u00eame site.<\/p>\n<p style=\"text-align: center;\"><div class=\"h5p-iframe-wrapper\"><iframe id=\"h5p-iframe-3\" class=\"h5p-iframe\" data-content-id=\"3\" style=\"height:1px\" src=\"about:blank\" frameBorder=\"0\" scrolling=\"no\" title=\"Projet tuteur\u00e9\"><\/iframe><\/div><\/p>\n<p>&nbsp;<\/p>\n<p>&nbsp;<\/p>\n<p>Projet tuteur\u00e9 de 2015 : <a href=\"http:\/\/www.xmind.net\/m\/s268\/\" target=\"_blank\">agriculture d&#8217;aujourd&#8217;hui et agriculteur de demain ?<\/a><\/p>\n<p><a href=\"http:\/\/www.cfppa.fr\/infocampus\/wp-content\/uploads\/2014\/09\/affiche22-Copier.png\"><img decoding=\"async\" class=\"aligncenter size-full wp-image-1639 lazyload\" data-src=\"http:\/\/www.cfppa.fr\/infocampus\/wp-content\/uploads\/2014\/09\/affiche22-Copier.png\" alt=\"affiche22 (Copier)\" width=\"415\" height=\"600\" data-srcset=\"https:\/\/www.cfppa.fr\/infocampus\/wp-content\/uploads\/2014\/09\/affiche22-Copier.png 415w, https:\/\/www.cfppa.fr\/infocampus\/wp-content\/uploads\/2014\/09\/affiche22-Copier-208x300.png 208w\" data-sizes=\"(max-width: 415px) 100vw, 415px\" src=\"data:image\/svg+xml;base64,PHN2ZyB3aWR0aD0iMSIgaGVpZ2h0PSIxIiB4bWxucz0iaHR0cDovL3d3dy53My5vcmcvMjAwMC9zdmciPjwvc3ZnPg==\" style=\"--smush-placeholder-width: 415px; --smush-placeholder-aspect-ratio: 415\/600;\" \/><\/a><a href=\"http:\/\/www.cfppa.fr\/infocampus\/wp-content\/uploads\/2014\/09\/affiche22_1-Copier.png\"><img decoding=\"async\" class=\"aligncenter size-full wp-image-1640 lazyload\" data-src=\"http:\/\/www.cfppa.fr\/infocampus\/wp-content\/uploads\/2014\/09\/affiche22_1-Copier.png\" alt=\"affiche22_1 (Copier)\" width=\"443\" height=\"600\" data-srcset=\"https:\/\/www.cfppa.fr\/infocampus\/wp-content\/uploads\/2014\/09\/affiche22_1-Copier.png 443w, https:\/\/www.cfppa.fr\/infocampus\/wp-content\/uploads\/2014\/09\/affiche22_1-Copier-222x300.png 222w\" data-sizes=\"(max-width: 443px) 100vw, 443px\" src=\"data:image\/svg+xml;base64,PHN2ZyB3aWR0aD0iMSIgaGVpZ2h0PSIxIiB4bWxucz0iaHR0cDovL3d3dy53My5vcmcvMjAwMC9zdmciPjwvc3ZnPg==\" style=\"--smush-placeholder-width: 443px; --smush-placeholder-aspect-ratio: 443\/600;\" \/><\/a><\/p>\n<p>&nbsp;<\/p>\n","protected":false},"excerpt":{"rendered":"<p>&nbsp; Projet Tuteur\u00e9 2017 : Comment faire face aux fluctuations : march\u00e9s , rendements, prix \u00a0&#8230;etc \u00a0Le projet tuteur\u00e9 est structur\u00e9 autour d&#8217;une th\u00e9matique qui varie d&#8217;ann\u00e9e en ann\u00e9e. Dans la licence il a un coefficient de 2 \u00a0et doit avec le rapport de stage avoir une moyenne sup\u00e9rieur \u00e0 &hellip;<\/p>\n","protected":false},"author":1,"featured_media":0,"parent":1209,"menu_order":0,"comment_status":"open","ping_status":"open","template":"","meta":{"_crdt_document":"","footnotes":""},"class_list":["post-1224","page","type-page","status-publish","hentry"],"yoast_head":"<!-- This site is optimized with the Yoast SEO plugin v27.4 - https:\/\/yoast.com\/product\/yoast-seo-wordpress\/ -->\n<title>Le projet tut 2017 : - Info campus CFPPA<\/title>\n<meta name=\"robots\" content=\"index, follow, max-snippet:-1, max-image-preview:large, max-video-preview:-1\" \/>\n<link rel=\"canonical\" href=\"http:\/\/www.cfppa.fr\/infocampus\/gestion-des-risques\/le-projet-tut\/\" \/>\n<meta property=\"og:locale\" content=\"fr_FR\" \/>\n<meta property=\"og:type\" content=\"article\" \/>\n<meta property=\"og:title\" content=\"Le projet tut 2017 : - Info campus CFPPA\" \/>\n<meta property=\"og:description\" content=\"&nbsp; Projet Tuteur\u00e9 2017 : Comment faire face aux fluctuations : march\u00e9s , rendements, prix \u00a0&#8230;etc \u00a0Le projet tuteur\u00e9 est structur\u00e9 autour d&#8217;une th\u00e9matique qui varie d&#8217;ann\u00e9e en ann\u00e9e. Dans la licence il a un coefficient de 2 \u00a0et doit avec le rapport de stage avoir une moyenne sup\u00e9rieur \u00e0 &hellip;\" \/>\n<meta property=\"og:url\" content=\"http:\/\/www.cfppa.fr\/infocampus\/gestion-des-risques\/le-projet-tut\/\" \/>\n<meta property=\"og:site_name\" content=\"Info campus CFPPA\" \/>\n<meta property=\"article:modified_time\" content=\"2016-08-17T14:43:25+00:00\" \/>\n<meta property=\"og:image\" content=\"http:\/\/www.cfppa.fr\/infocampus\/wp-content\/plugins\/tinymce-emoticons\/images\/emoticons-set-1\/hero.png\" \/>\n<meta name=\"twitter:label1\" content=\"Dur\u00e9e de lecture estim\u00e9e\" \/>\n\t<meta name=\"twitter:data1\" content=\"1 minute\" \/>\n<script type=\"application\/ld+json\" class=\"yoast-schema-graph\">{\"@context\":\"https:\\\/\\\/schema.org\",\"@graph\":[{\"@type\":\"WebPage\",\"@id\":\"http:\\\/\\\/www.cfppa.fr\\\/infocampus\\\/gestion-des-risques\\\/le-projet-tut\\\/\",\"url\":\"http:\\\/\\\/www.cfppa.fr\\\/infocampus\\\/gestion-des-risques\\\/le-projet-tut\\\/\",\"name\":\"Le projet tut 2017 : - Info campus CFPPA\",\"isPartOf\":{\"@id\":\"http:\\\/\\\/www.cfppa.fr\\\/infocampus\\\/#website\"},\"primaryImageOfPage\":{\"@id\":\"http:\\\/\\\/www.cfppa.fr\\\/infocampus\\\/gestion-des-risques\\\/le-projet-tut\\\/#primaryimage\"},\"image\":{\"@id\":\"http:\\\/\\\/www.cfppa.fr\\\/infocampus\\\/gestion-des-risques\\\/le-projet-tut\\\/#primaryimage\"},\"thumbnailUrl\":\"http:\\\/\\\/www.cfppa.fr\\\/infocampus\\\/wp-content\\\/plugins\\\/tinymce-emoticons\\\/images\\\/emoticons-set-1\\\/hero.png\",\"datePublished\":\"2014-09-24T05:47:03+00:00\",\"dateModified\":\"2016-08-17T14:43:25+00:00\",\"breadcrumb\":{\"@id\":\"http:\\\/\\\/www.cfppa.fr\\\/infocampus\\\/gestion-des-risques\\\/le-projet-tut\\\/#breadcrumb\"},\"inLanguage\":\"fr-FR\",\"potentialAction\":[{\"@type\":\"ReadAction\",\"target\":[\"http:\\\/\\\/www.cfppa.fr\\\/infocampus\\\/gestion-des-risques\\\/le-projet-tut\\\/\"]}]},{\"@type\":\"ImageObject\",\"inLanguage\":\"fr-FR\",\"@id\":\"http:\\\/\\\/www.cfppa.fr\\\/infocampus\\\/gestion-des-risques\\\/le-projet-tut\\\/#primaryimage\",\"url\":\"http:\\\/\\\/www.cfppa.fr\\\/infocampus\\\/wp-content\\\/plugins\\\/tinymce-emoticons\\\/images\\\/emoticons-set-1\\\/hero.png\",\"contentUrl\":\"http:\\\/\\\/www.cfppa.fr\\\/infocampus\\\/wp-content\\\/plugins\\\/tinymce-emoticons\\\/images\\\/emoticons-set-1\\\/hero.png\"},{\"@type\":\"BreadcrumbList\",\"@id\":\"http:\\\/\\\/www.cfppa.fr\\\/infocampus\\\/gestion-des-risques\\\/le-projet-tut\\\/#breadcrumb\",\"itemListElement\":[{\"@type\":\"ListItem\",\"position\":1,\"name\":\"Accueil\",\"item\":\"http:\\\/\\\/www.cfppa.fr\\\/infocampus\\\/\"},{\"@type\":\"ListItem\",\"position\":2,\"name\":\"Prot\u00e9g\u00e9\u00a0: Gestion des risques\",\"item\":\"https:\\\/\\\/www.cfppa.fr\\\/infocampus\\\/gestion-des-risques\\\/\"},{\"@type\":\"ListItem\",\"position\":3,\"name\":\"Le projet tut 2017 :\"}]},{\"@type\":\"WebSite\",\"@id\":\"http:\\\/\\\/www.cfppa.fr\\\/infocampus\\\/#website\",\"url\":\"http:\\\/\\\/www.cfppa.fr\\\/infocampus\\\/\",\"name\":\"Info campus CFPPA\",\"description\":\"Un site \u00e0 la page\",\"publisher\":{\"@id\":\"http:\\\/\\\/www.cfppa.fr\\\/infocampus\\\/#organization\"},\"potentialAction\":[{\"@type\":\"SearchAction\",\"target\":{\"@type\":\"EntryPoint\",\"urlTemplate\":\"http:\\\/\\\/www.cfppa.fr\\\/infocampus\\\/?s={search_term_string}\"},\"query-input\":{\"@type\":\"PropertyValueSpecification\",\"valueRequired\":true,\"valueName\":\"search_term_string\"}}],\"inLanguage\":\"fr-FR\"},{\"@type\":\"Organization\",\"@id\":\"http:\\\/\\\/www.cfppa.fr\\\/infocampus\\\/#organization\",\"name\":\"CFPPA de bourges\",\"url\":\"http:\\\/\\\/www.cfppa.fr\\\/infocampus\\\/\",\"logo\":{\"@type\":\"ImageObject\",\"inLanguage\":\"fr-FR\",\"@id\":\"http:\\\/\\\/www.cfppa.fr\\\/infocampus\\\/#\\\/schema\\\/logo\\\/image\\\/\",\"url\":\"https:\\\/\\\/www.cfppa.fr\\\/infocampus\\\/wp-content\\\/uploads\\\/2013\\\/09\\\/logo_ministerecfppa.png\",\"contentUrl\":\"https:\\\/\\\/www.cfppa.fr\\\/infocampus\\\/wp-content\\\/uploads\\\/2013\\\/09\\\/logo_ministerecfppa.png\",\"width\":1,\"height\":1,\"caption\":\"CFPPA de bourges\"},\"image\":{\"@id\":\"http:\\\/\\\/www.cfppa.fr\\\/infocampus\\\/#\\\/schema\\\/logo\\\/image\\\/\"}}]}<\/script>\n<!-- \/ Yoast SEO plugin. -->","yoast_head_json":{"title":"Le projet tut 2017 : - Info campus CFPPA","robots":{"index":"index","follow":"follow","max-snippet":"max-snippet:-1","max-image-preview":"max-image-preview:large","max-video-preview":"max-video-preview:-1"},"canonical":"http:\/\/www.cfppa.fr\/infocampus\/gestion-des-risques\/le-projet-tut\/","og_locale":"fr_FR","og_type":"article","og_title":"Le projet tut 2017 : - Info campus CFPPA","og_description":"&nbsp; Projet Tuteur\u00e9 2017 : Comment faire face aux fluctuations : march\u00e9s , rendements, prix \u00a0&#8230;etc \u00a0Le projet tuteur\u00e9 est structur\u00e9 autour d&#8217;une th\u00e9matique qui varie d&#8217;ann\u00e9e en ann\u00e9e. Dans la licence il a un coefficient de 2 \u00a0et doit avec le rapport de stage avoir une moyenne sup\u00e9rieur \u00e0 &hellip;","og_url":"http:\/\/www.cfppa.fr\/infocampus\/gestion-des-risques\/le-projet-tut\/","og_site_name":"Info campus CFPPA","article_modified_time":"2016-08-17T14:43:25+00:00","og_image":[{"url":"http:\/\/www.cfppa.fr\/infocampus\/wp-content\/plugins\/tinymce-emoticons\/images\/emoticons-set-1\/hero.png","type":"","width":"","height":""}],"twitter_misc":{"Dur\u00e9e de lecture estim\u00e9e":"1 minute"},"schema":{"@context":"https:\/\/schema.org","@graph":[{"@type":"WebPage","@id":"http:\/\/www.cfppa.fr\/infocampus\/gestion-des-risques\/le-projet-tut\/","url":"http:\/\/www.cfppa.fr\/infocampus\/gestion-des-risques\/le-projet-tut\/","name":"Le projet tut 2017 : - Info campus CFPPA","isPartOf":{"@id":"http:\/\/www.cfppa.fr\/infocampus\/#website"},"primaryImageOfPage":{"@id":"http:\/\/www.cfppa.fr\/infocampus\/gestion-des-risques\/le-projet-tut\/#primaryimage"},"image":{"@id":"http:\/\/www.cfppa.fr\/infocampus\/gestion-des-risques\/le-projet-tut\/#primaryimage"},"thumbnailUrl":"http:\/\/www.cfppa.fr\/infocampus\/wp-content\/plugins\/tinymce-emoticons\/images\/emoticons-set-1\/hero.png","datePublished":"2014-09-24T05:47:03+00:00","dateModified":"2016-08-17T14:43:25+00:00","breadcrumb":{"@id":"http:\/\/www.cfppa.fr\/infocampus\/gestion-des-risques\/le-projet-tut\/#breadcrumb"},"inLanguage":"fr-FR","potentialAction":[{"@type":"ReadAction","target":["http:\/\/www.cfppa.fr\/infocampus\/gestion-des-risques\/le-projet-tut\/"]}]},{"@type":"ImageObject","inLanguage":"fr-FR","@id":"http:\/\/www.cfppa.fr\/infocampus\/gestion-des-risques\/le-projet-tut\/#primaryimage","url":"http:\/\/www.cfppa.fr\/infocampus\/wp-content\/plugins\/tinymce-emoticons\/images\/emoticons-set-1\/hero.png","contentUrl":"http:\/\/www.cfppa.fr\/infocampus\/wp-content\/plugins\/tinymce-emoticons\/images\/emoticons-set-1\/hero.png"},{"@type":"BreadcrumbList","@id":"http:\/\/www.cfppa.fr\/infocampus\/gestion-des-risques\/le-projet-tut\/#breadcrumb","itemListElement":[{"@type":"ListItem","position":1,"name":"Accueil","item":"http:\/\/www.cfppa.fr\/infocampus\/"},{"@type":"ListItem","position":2,"name":"Prot\u00e9g\u00e9\u00a0: Gestion des risques","item":"https:\/\/www.cfppa.fr\/infocampus\/gestion-des-risques\/"},{"@type":"ListItem","position":3,"name":"Le projet tut 2017 :"}]},{"@type":"WebSite","@id":"http:\/\/www.cfppa.fr\/infocampus\/#website","url":"http:\/\/www.cfppa.fr\/infocampus\/","name":"Info campus CFPPA","description":"Un site \u00e0 la page","publisher":{"@id":"http:\/\/www.cfppa.fr\/infocampus\/#organization"},"potentialAction":[{"@type":"SearchAction","target":{"@type":"EntryPoint","urlTemplate":"http:\/\/www.cfppa.fr\/infocampus\/?s={search_term_string}"},"query-input":{"@type":"PropertyValueSpecification","valueRequired":true,"valueName":"search_term_string"}}],"inLanguage":"fr-FR"},{"@type":"Organization","@id":"http:\/\/www.cfppa.fr\/infocampus\/#organization","name":"CFPPA de bourges","url":"http:\/\/www.cfppa.fr\/infocampus\/","logo":{"@type":"ImageObject","inLanguage":"fr-FR","@id":"http:\/\/www.cfppa.fr\/infocampus\/#\/schema\/logo\/image\/","url":"https:\/\/www.cfppa.fr\/infocampus\/wp-content\/uploads\/2013\/09\/logo_ministerecfppa.png","contentUrl":"https:\/\/www.cfppa.fr\/infocampus\/wp-content\/uploads\/2013\/09\/logo_ministerecfppa.png","width":1,"height":1,"caption":"CFPPA de bourges"},"image":{"@id":"http:\/\/www.cfppa.fr\/infocampus\/#\/schema\/logo\/image\/"}}]}},"_links":{"self":[{"href":"https:\/\/www.cfppa.fr\/infocampus\/wp-json\/wp\/v2\/pages\/1224","targetHints":{"allow":["GET"]}}],"collection":[{"href":"https:\/\/www.cfppa.fr\/infocampus\/wp-json\/wp\/v2\/pages"}],"about":[{"href":"https:\/\/www.cfppa.fr\/infocampus\/wp-json\/wp\/v2\/types\/page"}],"author":[{"embeddable":true,"href":"https:\/\/www.cfppa.fr\/infocampus\/wp-json\/wp\/v2\/users\/1"}],"replies":[{"embeddable":true,"href":"https:\/\/www.cfppa.fr\/infocampus\/wp-json\/wp\/v2\/comments?post=1224"}],"version-history":[{"count":0,"href":"https:\/\/www.cfppa.fr\/infocampus\/wp-json\/wp\/v2\/pages\/1224\/revisions"}],"up":[{"embeddable":true,"href":"https:\/\/www.cfppa.fr\/infocampus\/wp-json\/wp\/v2\/pages\/1209"}],"wp:attachment":[{"href":"https:\/\/www.cfppa.fr\/infocampus\/wp-json\/wp\/v2\/media?parent=1224"}],"curies":[{"name":"wp","href":"https:\/\/api.w.org\/{rel}","templated":true}]}}