{"id":1221,"date":"2014-09-24T07:24:42","date_gmt":"2014-09-24T05:24:42","guid":{"rendered":"http:\/\/www.cfppa.fr\/infocampus\/?page_id=1221"},"modified":"2014-12-16T07:33:30","modified_gmt":"2014-12-16T06:33:30","slug":"etude-dune-filiere","status":"publish","type":"page","link":"https:\/\/www.cfppa.fr\/infocampus\/gestion-des-risques\/etude-dune-filiere\/","title":{"rendered":"Etude d&#8217;une  fili\u00e8re !"},"content":{"rendered":"<p>&nbsp;<\/p>\n<p>L\u2019\u00e9tude d&#8217;une fili\u00e8re pour des futurs conseillers d&#8217;entreprises a comme objectif de faire prendre conscience qu&#8217;une production locale, si elle n&#8217;est pas vendu localement , s\u2019int\u00e8gre dans une fili\u00e8re. Cette derni\u00e8re \u00e0 des obligations, et des crit\u00e8res \u00a0qu&#8217;il vaut mieux connaitre si on veut \u00e9couler son produit.<\/p>\n<p>Aussi pour avoir cette approche globale: il convient de connaitre les principaux producteurs ( les concurrents) et les principaux consommateurs (les clients). \u00a0Et cela d&#8217;un point de vu mondial, europ\u00e9en, fran\u00e7ais et local.<\/p>\n<p>Connaitre les souhaits du consommateur est primordial : produire une produit qui ne correspond plus aux attentes du consommateur (mais qui fait plaisir au producteur) n&#8217;est pas rentable!\u00a0<img decoding=\"async\" data-src=\"http:\/\/www.cfppa.fr\/infocampus\/wp-content\/plugins\/tinymce-emoticons\/images\/emoticons-set-1\/cry.png\" alt=\"cry\" border=\"0\" hspace=\"5\" src=\"data:image\/svg+xml;base64,PHN2ZyB3aWR0aD0iMSIgaGVpZ2h0PSIxIiB4bWxucz0iaHR0cDovL3d3dy53My5vcmcvMjAwMC9zdmciPjwvc3ZnPg==\" class=\"lazyload\" \/><\/p>\n<p>Il faut faire plaisir au client avant de se faire plaisir !! si on peut associer les deux , c&#8217;est l&#8217;id\u00e9al !\u00a0<img decoding=\"async\" data-src=\"http:\/\/www.cfppa.fr\/infocampus\/wp-content\/plugins\/tinymce-emoticons\/images\/emoticons-set-1\/cake.png\" alt=\"cake\" border=\"0\" hspace=\"5\" src=\"data:image\/svg+xml;base64,PHN2ZyB3aWR0aD0iMSIgaGVpZ2h0PSIxIiB4bWxucz0iaHR0cDovL3d3dy53My5vcmcvMjAwMC9zdmciPjwvc3ZnPg==\" class=\"lazyload\" \/><\/p>\n<p>D\u00e9terminer les risques d&#8217;une fili\u00e8re c&#8217;est connaitre les dangers qui visent le produit, le producteur, le consommateur , la fili\u00e8re !<\/p>\n<p>Pour le produit \u00e9tudier, il faut envisager les produits de substitution et leurs devenir : \u00a0la fili\u00e8re sucre de betterave ne peut pas s&#8217;interpr\u00e9ter sans prendre en consid\u00e9ration la st\u00e9via ou les probl\u00e8mes d&#8217;ob\u00e9sit\u00e9 !<\/p>\n<p>Le foie gras , produit typique de chez nous , doit envisager que l\u2019approche anglo-saxonne puisse devenir la r\u00e8gle!<\/p>\n<p>Dans ce dossier, il est demand\u00e9 de se placer comme producteur , comme consommateur lambda , comme g\u00e9rant de fili\u00e8re, comme politique \u00a0etc&#8230; et d&#8217;envisager ce qui serait souhaitable de mettre en place !<\/p>\n<p>La reconnaissance d&#8217;une \u00a0AOP est une fa\u00e7on de d\u00e9fendre sont produit ! la mozzarella est une fromage de &#8230;&#8230; ? de vache \u00a0et oui la mozzarella \u00a0est un &#8220;g\u00e9n\u00e9rique&#8221; par contre la mozzarella di Bufala est une AOP !! mais aux USA mozzarella c&#8217;est quoi ??<\/p>\n<p>Champagne est un nom prot\u00e9g\u00e9 et ne peut \u00eatre que du vin fran\u00e7ais !! Les autres sont des vins effervescents \u00e0 la m\u00e9thode champenoise !<\/p>\n<p>Le sch\u00e9ma xmind est disponible \u00a0 <a href=\"http:\/\/www.xmind.net\/m\/2BNS\/\" target=\"_blank\">fili\u00e8re<\/a><\/p>\n<p>&nbsp;<\/p>\n<p><a href=\"http:\/\/www.cfppa.fr\/infocampus\/wp-content\/uploads\/2014\/09\/fili\u00e8re.jpg\"><img decoding=\"async\" class=\"aligncenter size-full wp-image-1246 lazyload\" data-src=\"http:\/\/www.cfppa.fr\/infocampus\/wp-content\/uploads\/2014\/09\/fili\u00e8re.jpg\" alt=\"fili\u00e8re\" width=\"1024\" height=\"664\" data-srcset=\"https:\/\/www.cfppa.fr\/infocampus\/wp-content\/uploads\/2014\/09\/fili\u00e8re.jpg 1024w, https:\/\/www.cfppa.fr\/infocampus\/wp-content\/uploads\/2014\/09\/fili\u00e8re-300x194.jpg 300w\" data-sizes=\"(max-width: 1024px) 100vw, 1024px\" src=\"data:image\/svg+xml;base64,PHN2ZyB3aWR0aD0iMSIgaGVpZ2h0PSIxIiB4bWxucz0iaHR0cDovL3d3dy53My5vcmcvMjAwMC9zdmciPjwvc3ZnPg==\" style=\"--smush-placeholder-width: 1024px; --smush-placeholder-aspect-ratio: 1024\/664;\" \/><\/a><\/p>\n<p><strong><span style=\"color: #0000ff;\">Note du contr\u00f4le continue pour le M 22<\/span><\/strong>\u00a0: Base du dossier\u00a0 Ecrit de la fili\u00e8re<\/p>\n<p><strong>L\u2019offre (3pst)<\/strong><br \/>\nL\u2019offre nationale \u00a01<br \/>\nL\u2019offre europ\u00e9enne\u00a01<br \/>\nL\u2019offre mondiale\u00a01<br \/>\n<strong>\u00a0La demande (3pts)<\/strong><br \/>\nLa demande nationale\u00a01<br \/>\nLa demande UE\u00a01<br \/>\nLa demande mondiale\u00a01<br \/>\n<strong>\u00a0Les interactions (5\u00a0<\/strong><strong>pts)<\/strong><\/p>\n<p>Les principaux exportateurs\u00a01<\/p>\n<p>Les principaux importateurs\u00a01<br \/>\nLes \u00ab\u00a0enjeux\u00a0\u00bb internationaux\u00a03<br \/>\n<strong>\u00a0La consommation et son \u00e9volution (3 pts)<\/strong><br \/>\n<strong>\u00a0Les interactions entre produits \u00a0(3 pts)<\/strong><br \/>\n<strong>Les enjeux locaux (3 pts)<\/strong><br \/>\n<strong><span style=\"color: #0000ff;\">Analyse des risques<\/span><\/strong><\/p>\n<p><strong><span style=\"color: #0000ff;\">Note du contr\u00f4le continue du M21<\/span><\/strong>\u00a0; Base du dossier \u00e9crit de la fili\u00e8re<\/p>\n<p><strong>La fr\u00e9quence\u00a0(2 pts)<\/strong><br \/>\nD\u00e9finition\u00a0 1<br \/>\nJustification de l\u2019\u00e9chelle\u00a01<br \/>\n<strong>La gravit\u00e9 (2pts)<\/strong><br \/>\nD\u00e9finition\u00a01<br \/>\nJustification de l\u2019\u00e9chelle\u00a01<br \/>\n<strong>La criticit\u00e9 et acceptabilit\u00e9\u00a0(7 pts)<\/strong><br \/>\nD\u00e9finition du seuil d\u2019acceptabilit\u00e9\u00a01<br \/>\nIdentification des risques (base analyse papillon)<br \/>\nPr\u00e9sence de l\u2019analyse papillon\u00a01<br \/>\nArbre des causes 2<br \/>\nArbre des cons\u00e9quences\u00a02<br \/>\nIdentification des \u00ab\u00a0risques\u00a0\u00bb\u00a01<br \/>\n<strong>\u00a0Les risques et traitements\u00a0(9 pts)<\/strong><br \/>\nIdentification des dangers\u00a02<br \/>\nIdentification des cibles\u00a02<br \/>\nIdentification des risques et ou impacts\u00a02<br \/>\n\u00c9bauche d\u2019un traitement\u00a02<br \/>\nCriticit\u00e9 r\u00e9siduelle\u00a01<\/p>\n","protected":false},"excerpt":{"rendered":"<p>&nbsp; L\u2019\u00e9tude d&#8217;une fili\u00e8re pour des futurs conseillers d&#8217;entreprises a comme objectif de faire prendre conscience qu&#8217;une production locale, si elle n&#8217;est pas vendu localement , s\u2019int\u00e8gre dans une fili\u00e8re. Cette derni\u00e8re \u00e0 des obligations, et des crit\u00e8res \u00a0qu&#8217;il vaut mieux connaitre si on veut \u00e9couler son produit. Aussi pour &hellip;<\/p>\n","protected":false},"author":1,"featured_media":0,"parent":1209,"menu_order":0,"comment_status":"open","ping_status":"open","template":"","meta":{"_crdt_document":"","footnotes":""},"class_list":["post-1221","page","type-page","status-publish","hentry"],"yoast_head":"<!-- This site is optimized with the Yoast SEO plugin v27.4 - https:\/\/yoast.com\/product\/yoast-seo-wordpress\/ -->\n<title>Etude d&#039;une fili\u00e8re ! - Info campus CFPPA<\/title>\n<meta name=\"description\" content=\"Etre capable d&#039;analyser une fili\u00e8re en abordant les risques, cela suppose que vous avez l&#039;esprit de synth\u00e8se , une approche globale\" \/>\n<meta name=\"robots\" content=\"index, follow, max-snippet:-1, max-image-preview:large, max-video-preview:-1\" \/>\n<link rel=\"canonical\" href=\"http:\/\/www.cfppa.fr\/infocampus\/gestion-des-risques\/etude-dune-filiere\/\" \/>\n<meta property=\"og:locale\" content=\"fr_FR\" \/>\n<meta property=\"og:type\" content=\"article\" \/>\n<meta property=\"og:title\" content=\"Etude d&#039;une fili\u00e8re ! - Info campus CFPPA\" \/>\n<meta property=\"og:description\" content=\"Etre capable d&#039;analyser une fili\u00e8re en abordant les risques, cela suppose que vous avez l&#039;esprit de synth\u00e8se , une approche globale\" \/>\n<meta property=\"og:url\" content=\"http:\/\/www.cfppa.fr\/infocampus\/gestion-des-risques\/etude-dune-filiere\/\" \/>\n<meta property=\"og:site_name\" content=\"Info campus CFPPA\" \/>\n<meta property=\"article:modified_time\" content=\"2014-12-16T06:33:30+00:00\" \/>\n<meta property=\"og:image\" content=\"http:\/\/www.cfppa.fr\/infocampus\/wp-content\/plugins\/tinymce-emoticons\/images\/emoticons-set-1\/cry.png\" \/>\n<meta name=\"twitter:label1\" content=\"Dur\u00e9e de lecture estim\u00e9e\" \/>\n\t<meta name=\"twitter:data1\" content=\"2 minutes\" \/>\n<script type=\"application\/ld+json\" class=\"yoast-schema-graph\">{\"@context\":\"https:\\\/\\\/schema.org\",\"@graph\":[{\"@type\":\"WebPage\",\"@id\":\"http:\\\/\\\/www.cfppa.fr\\\/infocampus\\\/gestion-des-risques\\\/etude-dune-filiere\\\/\",\"url\":\"http:\\\/\\\/www.cfppa.fr\\\/infocampus\\\/gestion-des-risques\\\/etude-dune-filiere\\\/\",\"name\":\"Etude d'une fili\u00e8re ! - Info campus CFPPA\",\"isPartOf\":{\"@id\":\"http:\\\/\\\/www.cfppa.fr\\\/infocampus\\\/#website\"},\"primaryImageOfPage\":{\"@id\":\"http:\\\/\\\/www.cfppa.fr\\\/infocampus\\\/gestion-des-risques\\\/etude-dune-filiere\\\/#primaryimage\"},\"image\":{\"@id\":\"http:\\\/\\\/www.cfppa.fr\\\/infocampus\\\/gestion-des-risques\\\/etude-dune-filiere\\\/#primaryimage\"},\"thumbnailUrl\":\"http:\\\/\\\/www.cfppa.fr\\\/infocampus\\\/wp-content\\\/plugins\\\/tinymce-emoticons\\\/images\\\/emoticons-set-1\\\/cry.png\",\"datePublished\":\"2014-09-24T05:24:42+00:00\",\"dateModified\":\"2014-12-16T06:33:30+00:00\",\"description\":\"Etre capable d'analyser une fili\u00e8re en abordant les risques, cela suppose que vous avez l'esprit de synth\u00e8se , une approche globale\",\"breadcrumb\":{\"@id\":\"http:\\\/\\\/www.cfppa.fr\\\/infocampus\\\/gestion-des-risques\\\/etude-dune-filiere\\\/#breadcrumb\"},\"inLanguage\":\"fr-FR\",\"potentialAction\":[{\"@type\":\"ReadAction\",\"target\":[\"http:\\\/\\\/www.cfppa.fr\\\/infocampus\\\/gestion-des-risques\\\/etude-dune-filiere\\\/\"]}]},{\"@type\":\"ImageObject\",\"inLanguage\":\"fr-FR\",\"@id\":\"http:\\\/\\\/www.cfppa.fr\\\/infocampus\\\/gestion-des-risques\\\/etude-dune-filiere\\\/#primaryimage\",\"url\":\"http:\\\/\\\/www.cfppa.fr\\\/infocampus\\\/wp-content\\\/plugins\\\/tinymce-emoticons\\\/images\\\/emoticons-set-1\\\/cry.png\",\"contentUrl\":\"http:\\\/\\\/www.cfppa.fr\\\/infocampus\\\/wp-content\\\/plugins\\\/tinymce-emoticons\\\/images\\\/emoticons-set-1\\\/cry.png\"},{\"@type\":\"BreadcrumbList\",\"@id\":\"http:\\\/\\\/www.cfppa.fr\\\/infocampus\\\/gestion-des-risques\\\/etude-dune-filiere\\\/#breadcrumb\",\"itemListElement\":[{\"@type\":\"ListItem\",\"position\":1,\"name\":\"Accueil\",\"item\":\"http:\\\/\\\/www.cfppa.fr\\\/infocampus\\\/\"},{\"@type\":\"ListItem\",\"position\":2,\"name\":\"Prot\u00e9g\u00e9\u00a0: Gestion des risques\",\"item\":\"https:\\\/\\\/www.cfppa.fr\\\/infocampus\\\/gestion-des-risques\\\/\"},{\"@type\":\"ListItem\",\"position\":3,\"name\":\"Etude d&#8217;une fili\u00e8re !\"}]},{\"@type\":\"WebSite\",\"@id\":\"http:\\\/\\\/www.cfppa.fr\\\/infocampus\\\/#website\",\"url\":\"http:\\\/\\\/www.cfppa.fr\\\/infocampus\\\/\",\"name\":\"Info campus CFPPA\",\"description\":\"Un site \u00e0 la page\",\"publisher\":{\"@id\":\"http:\\\/\\\/www.cfppa.fr\\\/infocampus\\\/#organization\"},\"potentialAction\":[{\"@type\":\"SearchAction\",\"target\":{\"@type\":\"EntryPoint\",\"urlTemplate\":\"http:\\\/\\\/www.cfppa.fr\\\/infocampus\\\/?s={search_term_string}\"},\"query-input\":{\"@type\":\"PropertyValueSpecification\",\"valueRequired\":true,\"valueName\":\"search_term_string\"}}],\"inLanguage\":\"fr-FR\"},{\"@type\":\"Organization\",\"@id\":\"http:\\\/\\\/www.cfppa.fr\\\/infocampus\\\/#organization\",\"name\":\"CFPPA de bourges\",\"url\":\"http:\\\/\\\/www.cfppa.fr\\\/infocampus\\\/\",\"logo\":{\"@type\":\"ImageObject\",\"inLanguage\":\"fr-FR\",\"@id\":\"http:\\\/\\\/www.cfppa.fr\\\/infocampus\\\/#\\\/schema\\\/logo\\\/image\\\/\",\"url\":\"https:\\\/\\\/www.cfppa.fr\\\/infocampus\\\/wp-content\\\/uploads\\\/2013\\\/09\\\/logo_ministerecfppa.png\",\"contentUrl\":\"https:\\\/\\\/www.cfppa.fr\\\/infocampus\\\/wp-content\\\/uploads\\\/2013\\\/09\\\/logo_ministerecfppa.png\",\"width\":1,\"height\":1,\"caption\":\"CFPPA de bourges\"},\"image\":{\"@id\":\"http:\\\/\\\/www.cfppa.fr\\\/infocampus\\\/#\\\/schema\\\/logo\\\/image\\\/\"}}]}<\/script>\n<!-- \/ Yoast SEO plugin. -->","yoast_head_json":{"title":"Etude d'une fili\u00e8re ! - Info campus CFPPA","description":"Etre capable d'analyser une fili\u00e8re en abordant les risques, cela suppose que vous avez l'esprit de synth\u00e8se , une approche globale","robots":{"index":"index","follow":"follow","max-snippet":"max-snippet:-1","max-image-preview":"max-image-preview:large","max-video-preview":"max-video-preview:-1"},"canonical":"http:\/\/www.cfppa.fr\/infocampus\/gestion-des-risques\/etude-dune-filiere\/","og_locale":"fr_FR","og_type":"article","og_title":"Etude d'une fili\u00e8re ! - Info campus CFPPA","og_description":"Etre capable d'analyser une fili\u00e8re en abordant les risques, cela suppose que vous avez l'esprit de synth\u00e8se , une approche globale","og_url":"http:\/\/www.cfppa.fr\/infocampus\/gestion-des-risques\/etude-dune-filiere\/","og_site_name":"Info campus CFPPA","article_modified_time":"2014-12-16T06:33:30+00:00","og_image":[{"url":"http:\/\/www.cfppa.fr\/infocampus\/wp-content\/plugins\/tinymce-emoticons\/images\/emoticons-set-1\/cry.png","type":"","width":"","height":""}],"twitter_misc":{"Dur\u00e9e de lecture estim\u00e9e":"2 minutes"},"schema":{"@context":"https:\/\/schema.org","@graph":[{"@type":"WebPage","@id":"http:\/\/www.cfppa.fr\/infocampus\/gestion-des-risques\/etude-dune-filiere\/","url":"http:\/\/www.cfppa.fr\/infocampus\/gestion-des-risques\/etude-dune-filiere\/","name":"Etude d'une fili\u00e8re ! - Info campus CFPPA","isPartOf":{"@id":"http:\/\/www.cfppa.fr\/infocampus\/#website"},"primaryImageOfPage":{"@id":"http:\/\/www.cfppa.fr\/infocampus\/gestion-des-risques\/etude-dune-filiere\/#primaryimage"},"image":{"@id":"http:\/\/www.cfppa.fr\/infocampus\/gestion-des-risques\/etude-dune-filiere\/#primaryimage"},"thumbnailUrl":"http:\/\/www.cfppa.fr\/infocampus\/wp-content\/plugins\/tinymce-emoticons\/images\/emoticons-set-1\/cry.png","datePublished":"2014-09-24T05:24:42+00:00","dateModified":"2014-12-16T06:33:30+00:00","description":"Etre capable d'analyser une fili\u00e8re en abordant les risques, cela suppose que vous avez l'esprit de synth\u00e8se , une approche globale","breadcrumb":{"@id":"http:\/\/www.cfppa.fr\/infocampus\/gestion-des-risques\/etude-dune-filiere\/#breadcrumb"},"inLanguage":"fr-FR","potentialAction":[{"@type":"ReadAction","target":["http:\/\/www.cfppa.fr\/infocampus\/gestion-des-risques\/etude-dune-filiere\/"]}]},{"@type":"ImageObject","inLanguage":"fr-FR","@id":"http:\/\/www.cfppa.fr\/infocampus\/gestion-des-risques\/etude-dune-filiere\/#primaryimage","url":"http:\/\/www.cfppa.fr\/infocampus\/wp-content\/plugins\/tinymce-emoticons\/images\/emoticons-set-1\/cry.png","contentUrl":"http:\/\/www.cfppa.fr\/infocampus\/wp-content\/plugins\/tinymce-emoticons\/images\/emoticons-set-1\/cry.png"},{"@type":"BreadcrumbList","@id":"http:\/\/www.cfppa.fr\/infocampus\/gestion-des-risques\/etude-dune-filiere\/#breadcrumb","itemListElement":[{"@type":"ListItem","position":1,"name":"Accueil","item":"http:\/\/www.cfppa.fr\/infocampus\/"},{"@type":"ListItem","position":2,"name":"Prot\u00e9g\u00e9\u00a0: Gestion des risques","item":"https:\/\/www.cfppa.fr\/infocampus\/gestion-des-risques\/"},{"@type":"ListItem","position":3,"name":"Etude d&#8217;une fili\u00e8re !"}]},{"@type":"WebSite","@id":"http:\/\/www.cfppa.fr\/infocampus\/#website","url":"http:\/\/www.cfppa.fr\/infocampus\/","name":"Info campus CFPPA","description":"Un site \u00e0 la page","publisher":{"@id":"http:\/\/www.cfppa.fr\/infocampus\/#organization"},"potentialAction":[{"@type":"SearchAction","target":{"@type":"EntryPoint","urlTemplate":"http:\/\/www.cfppa.fr\/infocampus\/?s={search_term_string}"},"query-input":{"@type":"PropertyValueSpecification","valueRequired":true,"valueName":"search_term_string"}}],"inLanguage":"fr-FR"},{"@type":"Organization","@id":"http:\/\/www.cfppa.fr\/infocampus\/#organization","name":"CFPPA de bourges","url":"http:\/\/www.cfppa.fr\/infocampus\/","logo":{"@type":"ImageObject","inLanguage":"fr-FR","@id":"http:\/\/www.cfppa.fr\/infocampus\/#\/schema\/logo\/image\/","url":"https:\/\/www.cfppa.fr\/infocampus\/wp-content\/uploads\/2013\/09\/logo_ministerecfppa.png","contentUrl":"https:\/\/www.cfppa.fr\/infocampus\/wp-content\/uploads\/2013\/09\/logo_ministerecfppa.png","width":1,"height":1,"caption":"CFPPA de bourges"},"image":{"@id":"http:\/\/www.cfppa.fr\/infocampus\/#\/schema\/logo\/image\/"}}]}},"_links":{"self":[{"href":"https:\/\/www.cfppa.fr\/infocampus\/wp-json\/wp\/v2\/pages\/1221","targetHints":{"allow":["GET"]}}],"collection":[{"href":"https:\/\/www.cfppa.fr\/infocampus\/wp-json\/wp\/v2\/pages"}],"about":[{"href":"https:\/\/www.cfppa.fr\/infocampus\/wp-json\/wp\/v2\/types\/page"}],"author":[{"embeddable":true,"href":"https:\/\/www.cfppa.fr\/infocampus\/wp-json\/wp\/v2\/users\/1"}],"replies":[{"embeddable":true,"href":"https:\/\/www.cfppa.fr\/infocampus\/wp-json\/wp\/v2\/comments?post=1221"}],"version-history":[{"count":0,"href":"https:\/\/www.cfppa.fr\/infocampus\/wp-json\/wp\/v2\/pages\/1221\/revisions"}],"up":[{"embeddable":true,"href":"https:\/\/www.cfppa.fr\/infocampus\/wp-json\/wp\/v2\/pages\/1209"}],"wp:attachment":[{"href":"https:\/\/www.cfppa.fr\/infocampus\/wp-json\/wp\/v2\/media?parent=1221"}],"curies":[{"name":"wp","href":"https:\/\/api.w.org\/{rel}","templated":true}]}}